{"id":1006,"date":"2020-05-26T14:01:20","date_gmt":"2020-05-26T14:01:20","guid":{"rendered":"https:\/\/rdosprings.com\/?page_id=1006"},"modified":"2020-11-04T14:02:02","modified_gmt":"2020-11-04T14:02:02","slug":"electro-erosion","status":"publish","type":"page","link":"https:\/\/rdosprings.com\/fr\/electro-erosion\/","title":{"rendered":"\u00c9LECTRO-\u00c9ROSION"},"content":{"rendered":"<div class=\"wpb-content-wrapper\"><p>[vc_row full_width=\u00a0\u00bbstretch_row_content_no_spaces\u00a0\u00bb el_class=\u00a0\u00bba-propos-bloc-head\u00a0\u00bb][vc_column][\/vc_column][\/vc_row][vc_row][vc_column][vc_single_image image=\u00a0\u00bb919&Prime; img_size=\u00a0\u00bbfull\u00a0\u00bb alignment=\u00a0\u00bbcenter\u00a0\u00bb][vc_column_text el_class=\u00a0\u00bba-propos-titre titre-ressors a-propos-before\u00a0\u00bb]<\/p>\n<h2 style=\"text-align: center;\"><strong>\u00c9LECTRO-\u00c9ROSION<\/strong><\/h2>\n<p>[\/vc_column_text][vc_row_inner el_class=\u00a0\u00bbrangee-vertical\u00a0\u00bb][vc_column_inner width=\u00a0\u00bb1\/2&Prime;][vc_column_text el_class=\u00a0\u00bbtitre-savoir-faire savoirfaire\u00a0\u00bb]D\u00c9FINITION :[\/vc_column_text][vc_column_text el_class=\u00a0\u00bbtexte-savoir-faire\u00a0\u00bb]L\u2019\u00e9lectro \u00e9rosion est un proc\u00e9d\u00e9 \u00e9lectrique qui va nous permettre de d\u00e9couper des pi\u00e8ces avec une tr\u00e8s grande pr\u00e9cision, sans g\u00e9n\u00e9rer de bavures.<\/p>\n<p>Ce proc\u00e9d\u00e9, appel\u00e9 EDM (Electrical Discharge Machining) en anglais, est un proc\u00e9d\u00e9 associ\u00e9 \u00e0 de l\u2019usinage qui consistera \u00e0 enlever de la mati\u00e8re d\u2019une pi\u00e8ce de t\u00f4le conductrice en p\u00e9riph\u00e9rie, mais \u00e9galement au centre de la pi\u00e8ce.<br \/>\nLe diam\u00e8tre de fil de d\u00e9coupe est tr\u00e8s faible, de ce fait, des coupes de tr\u00e8s grande pr\u00e9cision peuvent \u00eatre r\u00e9alis\u00e9es (voir exemple ci-dessous).<\/p>\n<p>Exemple : Une t\u00f4le d\u2019acier a \u00e9t\u00e9 d\u00e9coup\u00e9e par \u00e9lectro-\u00e9rosion pour former une pi\u00e8ce ronde sur la quasi-totalit\u00e9 du pourtour, et ajour\u00e9e au centre. Cette pi\u00e8ce a ensuite \u00e9t\u00e9 travaill\u00e9e sur la p\u00e9riph\u00e9rie pour relever les petits ergots pr\u00e9d\u00e9coup\u00e9s de part et d\u2019autre, g\u00e9n\u00e9rant un effet ressort sur le pourtour de la pi\u00e8ce.<br \/>\n[\/vc_column_text][\/vc_column_inner][vc_column_inner width=\u00a0\u00bb1\/2&Prime;][vc_images_carousel images=\u00a0\u00bb1524,1525&Prime; img_size=\u00a0\u00bbfull\u00a0\u00bb autoplay=\u00a0\u00bbyes\u00a0\u00bb hide_pagination_control=\u00a0\u00bbyes\u00a0\u00bb][\/vc_column_inner][\/vc_row_inner][vc_empty_space height=\u00a0\u00bb50px\u00a0\u00bb][\/vc_column][\/vc_row][vc_row el_class=\u00a0\u00bbproduit-bloc-fabrication\u00a0\u00bb][vc_column][vc_row_inner el_class=\u00a0\u00bbrangee-vertical\u00a0\u00bb][vc_column_inner][vc_column_text el_class=\u00a0\u00bbtitre-savoir-faire savoirfaire\u00a0\u00bb]FABRICATION :[\/vc_column_text][vc_column_text el_class=\u00a0\u00bbtexte-savoir-faire\u00a0\u00bb]<\/p>\n<ul>\n<li>Petite s\u00e9rie (&lt;500 pi\u00e8ces),<\/li>\n<li>Production faisant l\u2019objet d\u2019importantes phases pr\u00e9liminaires pour obtenir la qualit\u00e9 technique finale au produit souhait\u00e9e par nos clients.<\/li>\n<\/ul>\n<p>(Nb\u00a0: ajouter une photo technique comme un plan)<br \/>\n[\/vc_column_text][\/vc_column_inner][\/vc_row_inner][vc_empty_space height=\u00a0\u00bb50px\u00a0\u00bb][\/vc_column][\/vc_row][vc_row el_class=\u00a0\u00bbrangee-plan\u00a0\u00bb][vc_column][vc_column_text el_class=\u00a0\u00bbtitre-savoir-faire plan savoirfaire\u00a0\u00bb]CALCULS &#8211; PLANS &#8211; COTATION TECHNIQUE :[\/vc_column_text][vc_row_inner el_class=\u00a0\u00bbrangee-vertical\u00a0\u00bb][vc_column_inner][vc_column_text el_class=\u00a0\u00bbtexte-savoir-faire\u00a0\u00bb]Ces produits sont construits sur plan.<\/p>\n<p>Il est important \u00e9galement de conna\u00eetre les conditions d\u2019usage de ces produits afin de bien prendre en compte leur contexte d\u2019utilisation.<\/p>\n<p>De nombreuses c\u00f4tes utiles sont n\u00e9cessaires quant \u00e0 leur \u00e9laboration, ce qui implique d\u2019obtenir un plan bien cot\u00e9 qui mettra en exergue vos exigences sp\u00e9cifiques.<br \/>\nNotre bureau d\u2019\u00e9tude saura r\u00e9pondre \u00e0 vos demandes car nous avons un tr\u00e8s grand savoir-faire en la mati\u00e8re.[\/vc_column_text][\/vc_column_inner][\/vc_row_inner][vc_single_image image=\u00a0\u00bb1321&Prime; img_size=\u00a0\u00bbfull\u00a0\u00bb alignment=\u00a0\u00bbcenter\u00a0\u00bb][vc_empty_space height=\u00a0\u00bb50px\u00a0\u00bb][\/vc_column][\/vc_row][vc_row][vc_column][vc_row_inner][vc_column_inner][vc_column_text el_class=\u00a0\u00bbtitre-savoir-faire titre-center titre-special\u00a0\u00bb]\u00c9QUIPEMENT :[\/vc_column_text][vc_column_text el_class=\u00a0\u00bbtexte-savoir-faire\u00a0\u00bb]<strong>RDO Springs est \u00e9quip\u00e9e :<\/strong><\/p>\n<ul>\n<li>De plusieurs machines permettant la r\u00e9alisation de ces pi\u00e8ces sp\u00e9cifiques et complexes<\/li>\n<li>De plusieurs logiciels r\u00e9cents pour les calculs des c\u00f4tes et charges statiques et dynamiques sur les ressorts<\/li>\n<li>De tous les instruments de contr\u00f4le n\u00e9cessaire \u00e0 la v\u00e9rification des c\u00f4tes demand\u00e9s (projecteur de profil, prises de cot\u00e9 par imagerie, LED 2D, LED 3D \u2026)<\/li>\n<\/ul>\n<p>[\/vc_column_text][\/vc_column_inner][\/vc_row_inner][vc_empty_space height=\u00a0\u00bb50px\u00a0\u00bb el_class=\u00a0\u00bbbarre-violette-bottom\u00a0\u00bb][\/vc_column][\/vc_row][vc_row][vc_column][vc_column_text el_class=\u00a0\u00bbtitre-savoir-faire titre-center savoirfaire\u00a0\u00bb]TRAITEMENT FINAL DU RESSORT PRODUIT :[\/vc_column_text][vc_column_text el_class=\u00a0\u00bbtexte-savoir-faire\u00a0\u00bb]Pour qu\u2019un ressort r\u00e9ponde dans la dur\u00e9e \u00e0 vos exigences, des traitements thermiques (en fours) sont r\u00e9alis\u00e9s. Des traitements chimiques peuvent \u00eatre \u00e9galement r\u00e9alis\u00e9s (tribofinition ou passivation) afin de garantir ces caract\u00e9ristiques dans la dur\u00e9e.<\/p>\n<p><strong>RDO Springs<\/strong> est \u00e9quip\u00e9e de 2 cha\u00eenes modernes pour ces op\u00e9rations.<\/p>\n<p>Des op\u00e9rations de sous-traitance (peinture, cataphor\u00e8se, traitements chimiques) peuvent \u00eatre r\u00e9alis\u00e9es chez un sous-traitant situ\u00e9 \u00e0 proximit\u00e9 de notre unit\u00e9 de production.[\/vc_column_text][vc_empty_space height=\u00a0\u00bb50px\u00a0\u00bb el_class=\u00a0\u00bbbarre-violette-bottom\u00a0\u00bb][\/vc_column][\/vc_row][vc_row][vc_column][vc_column_text el_class=\u00a0\u00bbtitre-savoir-faire titre-center titre-special\u00a0\u00bb]MATI\u00c8RES TRAVAILL\u00c9ES :[\/vc_column_text][vc_row_inner][vc_column_inner width=\u00a0\u00bb1\/2&Prime;][vc_column_text el_class=\u00a0\u00bbtexte-savoir-faire texte-center\u00a0\u00bb]<\/p>\n<ul>\n<li>Acier ressort SM, SH, DH&#8230;<\/li>\n<li>Chrome silisium Oteva \u00a9, Stato \u00a9, b\u00e9crosi \u00a9<\/li>\n<li>Inox 1.4310, 1.4310 HS, 1.4401, 1.4568, 1.4462<\/li>\n<li>Inox doux 1.4301 \u2022 Inox implantable 1.4441<\/li>\n<\/ul>\n<p>[\/vc_column_text][\/vc_column_inner][vc_column_inner width=\u00a0\u00bb1\/2&Prime;][vc_column_text el_class=\u00a0\u00bbtexte-savoir-faire texte-center\u00a0\u00bb]<\/p>\n<ul>\n<li>Inconel 600, 625, 718, 750 \u2022 Monel, Nimonic, Uranus, Titane \u2026<\/li>\n<li>Bronze phosphoreux, b\u00e9ryllium, cuivre, laiton \u2022 Section carr\u00e9e, section rectangulaire<\/li>\n<li>Acier pr\u00e9-rev\u00eatu SM galvanis\u00e9, SH galvanis\u00e9, SM Bezinal \u00a9,<br \/>\nSH bezinal \u00a9<\/li>\n<\/ul>\n<p>[\/vc_column_text][\/vc_column_inner][\/vc_row_inner][vc_empty_space height=\u00a0\u00bb50px\u00a0\u00bb el_class=\u00a0\u00bbbarre-violette-bottom\u00a0\u00bb][\/vc_column][\/vc_row][vc_row][vc_column][vc_row_inner][vc_column_inner width=\u00a0\u00bb2\/3&Prime;][vc_column_text el_class=\u00a0\u00bbtitre-savoir-faire titre-center savoirfaire\u00a0\u00bb]NOS CONSEILS :[\/vc_column_text][vc_column_text el_class=\u00a0\u00bbtexte-savoir-faire conseils\u00a0\u00bb]La fabrication des ressorts \u00e9lectro-\u00e9rosion s\u2019appuie sur plusieurs normes internationales qui d\u00e9finissent les tol\u00e9rances et le processus standard de r\u00e9alisation.<\/p>\n<p><strong>RDO Springs y r\u00e9pond et est certifi\u00e9e ISO 9001 (Qualit\u00e9) et EN 9100 (Qualit\u00e9 ++ : secteurs A\u00e9ronautique, Spatial, D\u00e9fense) prouvant son tr\u00e8s grand savoir-faire en la mati\u00e8re.<\/strong><\/p>\n<p>Il n\u2019existe pas de ressorts dits \u00ab standard \u00bb. Chaque ressort est sp\u00e9cifique et exige une d\u00e9marche adapt\u00e9e nous permettant de r\u00e9pondre \u00e0 vos exigences[\/vc_column_text][\/vc_column_inner][vc_column_inner width=\u00a0\u00bb1\/3&Prime;][vc_single_image image=\u00a0\u00bb701&Prime; img_size=\u00a0\u00bbfull\u00a0\u00bb alignment=\u00a0\u00bbcenter\u00a0\u00bb][vc_column_text el_class=\u00a0\u00bbISO\u00a0\u00bb]ISO 9001<br \/>\nEN 9100[\/vc_column_text][vc_btn title=\u00a0\u00bbNos certifications\u00a0\u00bb link=\u00a0\u00bburl:%2F%3Fpage_id%3D970|||\u00a0\u00bb el_class=\u00a0\u00bbiso-btn\u00a0\u00bb][vc_empty_space height=\u00a0\u00bb40px\u00a0\u00bb][\/vc_column_inner][\/vc_row_inner][vc_empty_space height=\u00a0\u00bb60px\u00a0\u00bb][\/vc_column][\/vc_row][vc_row full_width=\u00a0\u00bbstretch_row_content_no_spaces\u00a0\u00bb el_class=\u00a0\u00bbcoordonnees-home\u00a0\u00bb css=\u00a0\u00bb.vc_custom_1586160041817{background-image: url(https:\/\/rdosprings.com\/wp-content\/uploads\/2020\/04\/fond-coordonn\u00e9es.png?id=533) !important;background-position: center !important;background-repeat: no-repeat !important;background-size: cover !important;}\u00a0\u00bb][vc_column][vc_row_inner][vc_column_inner width=\u00a0\u00bb1\/2&Prime;][vc_single_image image=\u00a0\u00bb534&Prime; img_size=\u00a0\u00bbfull\u00a0\u00bb alignment=\u00a0\u00bbcenter\u00a0\u00bb][\/vc_column_inner][vc_column_inner width=\u00a0\u00bb1\/2&Prime;][vc_column_text el_class=\u00a0\u00bbtexte-coordonnes1&Prime;]RDO Springs<br \/>\n10 RUE BENJAMIN DELESSERT<br \/>\n60510 BRESLES[\/vc_column_text][vc_column_text el_class=\u00a0\u00bbtexte-coordonnes2&Prime;]contact@rdosprings.com<br \/>\nwww.rdosprings.com[\/vc_column_text][\/vc_column_inner][\/vc_row_inner][\/vc_column][\/vc_row]<\/p>\n<\/div>","protected":false},"excerpt":{"rendered":"<p>[vc_row full_width=\u00a0\u00bbstretch_row_content_no_spaces\u00a0\u00bb el_class=\u00a0\u00bba-propos-bloc-head\u00a0\u00bb][vc_column][\/vc_column][\/vc_row][vc_row][vc_column][vc_single_image image=\u00a0\u00bb919&Prime; img_size=\u00a0\u00bbfull\u00a0\u00bb alignment=\u00a0\u00bbcenter\u00a0\u00bb][vc_column_text el_class=\u00a0\u00bba-propos-titre titre-ressors a-propos-before\u00a0\u00bb] \u00c9LECTRO-\u00c9ROSION [\/vc_column_text][vc_row_inner el_class=\u00a0\u00bbrangee-vertical\u00a0\u00bb][vc_column_inner width=\u00a0\u00bb1\/2&Prime;][vc_column_text el_class=\u00a0\u00bbtitre-savoir-faire savoirfaire\u00a0\u00bb]D\u00c9FINITION :[\/vc_column_text][vc_column_text el_class=\u00a0\u00bbtexte-savoir-faire\u00a0\u00bb]L\u2019\u00e9lectro \u00e9rosion est un proc\u00e9d\u00e9 \u00e9lectrique qui va nous permettre de d\u00e9couper des pi\u00e8ces avec une tr\u00e8s grande pr\u00e9cision, sans g\u00e9n\u00e9rer de bavures. Ce proc\u00e9d\u00e9, appel\u00e9 EDM (Electrical Discharge Machining) en anglais, est un proc\u00e9d\u00e9 associ\u00e9 \u00e0 de l\u2019usinage<\/p>\n","protected":false},"author":6,"featured_media":0,"parent":0,"menu_order":0,"comment_status":"closed","ping_status":"closed","template":"","meta":{"footnotes":""},"class_list":["post-1006","page","type-page","status-publish","hentry"],"yoast_head":"<!-- This site is optimized with the Yoast SEO plugin v27.5 - https:\/\/yoast.com\/product\/yoast-seo-wordpress\/ -->\n<title>Notre gamme d&#039;\u00e9lectro-\u00e9rosion | RDO Springs sp\u00e9cialiste du ressort<\/title>\n<meta name=\"description\" content=\"L\u2019\u00e9lectro \u00e9rosion est un proc\u00e9d\u00e9 \u00e9lectrique qui va nous permettre de d\u00e9couper des pi\u00e8ces avec une tr\u00e8s grande pr\u00e9cision, sans g\u00e9n\u00e9rer de bavures.\" \/>\n<meta name=\"robots\" content=\"index, follow, max-snippet:-1, max-image-preview:large, max-video-preview:-1\" \/>\n<link rel=\"canonical\" href=\"https:\/\/rdosprings.com\/fr\/electro-erosion\/\" \/>\n<meta property=\"og:locale\" content=\"fr_FR\" \/>\n<meta property=\"og:type\" content=\"article\" \/>\n<meta property=\"og:title\" content=\"Notre gamme d&#039;\u00e9lectro-\u00e9rosion | RDO Springs sp\u00e9cialiste du ressort\" \/>\n<meta property=\"og:description\" content=\"L\u2019\u00e9lectro \u00e9rosion est un proc\u00e9d\u00e9 \u00e9lectrique qui va nous permettre de d\u00e9couper des pi\u00e8ces avec une tr\u00e8s grande pr\u00e9cision, sans g\u00e9n\u00e9rer de bavures.\" \/>\n<meta property=\"og:url\" content=\"https:\/\/rdosprings.com\/fr\/electro-erosion\/\" \/>\n<meta property=\"og:site_name\" content=\"RDO\" \/>\n<meta property=\"article:modified_time\" content=\"2020-11-04T14:02:02+00:00\" \/>\n<meta name=\"twitter:card\" content=\"summary_large_image\" \/>\n<meta name=\"twitter:label1\" content=\"Dur\u00e9e de lecture estim\u00e9e\" \/>\n\t<meta name=\"twitter:data1\" content=\"6 minutes\" \/>\n<script type=\"application\/ld+json\" class=\"yoast-schema-graph\">{\"@context\":\"https:\\\/\\\/schema.org\",\"@graph\":[{\"@type\":\"WebPage\",\"@id\":\"https:\\\/\\\/rdosprings.com\\\/fr\\\/electro-erosion\\\/\",\"url\":\"https:\\\/\\\/rdosprings.com\\\/fr\\\/electro-erosion\\\/\",\"name\":\"Notre gamme d'\u00e9lectro-\u00e9rosion | RDO Springs sp\u00e9cialiste du ressort\",\"isPartOf\":{\"@id\":\"https:\\\/\\\/rdosprings.com\\\/fr\\\/#website\"},\"datePublished\":\"2020-05-26T14:01:20+00:00\",\"dateModified\":\"2020-11-04T14:02:02+00:00\",\"description\":\"L\u2019\u00e9lectro \u00e9rosion est un proc\u00e9d\u00e9 \u00e9lectrique qui va nous permettre de d\u00e9couper des pi\u00e8ces avec une tr\u00e8s grande pr\u00e9cision, sans g\u00e9n\u00e9rer de bavures.\",\"breadcrumb\":{\"@id\":\"https:\\\/\\\/rdosprings.com\\\/fr\\\/electro-erosion\\\/#breadcrumb\"},\"inLanguage\":\"fr-FR\",\"potentialAction\":[{\"@type\":\"ReadAction\",\"target\":[\"https:\\\/\\\/rdosprings.com\\\/fr\\\/electro-erosion\\\/\"]}]},{\"@type\":\"BreadcrumbList\",\"@id\":\"https:\\\/\\\/rdosprings.com\\\/fr\\\/electro-erosion\\\/#breadcrumb\",\"itemListElement\":[{\"@type\":\"ListItem\",\"position\":1,\"name\":\"Accueil\",\"item\":\"https:\\\/\\\/rdosprings.com\\\/fr\\\/\"},{\"@type\":\"ListItem\",\"position\":2,\"name\":\"\u00c9LECTRO-\u00c9ROSION\"}]},{\"@type\":\"WebSite\",\"@id\":\"https:\\\/\\\/rdosprings.com\\\/fr\\\/#website\",\"url\":\"https:\\\/\\\/rdosprings.com\\\/fr\\\/\",\"name\":\"RDO\",\"description\":\"Fabrication de ressorts\",\"potentialAction\":[{\"@type\":\"SearchAction\",\"target\":{\"@type\":\"EntryPoint\",\"urlTemplate\":\"https:\\\/\\\/rdosprings.com\\\/fr\\\/?s={search_term_string}\"},\"query-input\":{\"@type\":\"PropertyValueSpecification\",\"valueRequired\":true,\"valueName\":\"search_term_string\"}}],\"inLanguage\":\"fr-FR\"}]}<\/script>\n<!-- \/ Yoast SEO plugin. -->","yoast_head_json":{"title":"Notre gamme d'\u00e9lectro-\u00e9rosion | RDO Springs sp\u00e9cialiste du ressort","description":"L\u2019\u00e9lectro \u00e9rosion est un proc\u00e9d\u00e9 \u00e9lectrique qui va nous permettre de d\u00e9couper des pi\u00e8ces avec une tr\u00e8s grande pr\u00e9cision, sans g\u00e9n\u00e9rer de bavures.","robots":{"index":"index","follow":"follow","max-snippet":"max-snippet:-1","max-image-preview":"max-image-preview:large","max-video-preview":"max-video-preview:-1"},"canonical":"https:\/\/rdosprings.com\/fr\/electro-erosion\/","og_locale":"fr_FR","og_type":"article","og_title":"Notre gamme d'\u00e9lectro-\u00e9rosion | RDO Springs sp\u00e9cialiste du ressort","og_description":"L\u2019\u00e9lectro \u00e9rosion est un proc\u00e9d\u00e9 \u00e9lectrique qui va nous permettre de d\u00e9couper des pi\u00e8ces avec une tr\u00e8s grande pr\u00e9cision, sans g\u00e9n\u00e9rer de bavures.","og_url":"https:\/\/rdosprings.com\/fr\/electro-erosion\/","og_site_name":"RDO","article_modified_time":"2020-11-04T14:02:02+00:00","twitter_card":"summary_large_image","twitter_misc":{"Dur\u00e9e de lecture estim\u00e9e":"6 minutes"},"schema":{"@context":"https:\/\/schema.org","@graph":[{"@type":"WebPage","@id":"https:\/\/rdosprings.com\/fr\/electro-erosion\/","url":"https:\/\/rdosprings.com\/fr\/electro-erosion\/","name":"Notre gamme d'\u00e9lectro-\u00e9rosion | RDO Springs sp\u00e9cialiste du ressort","isPartOf":{"@id":"https:\/\/rdosprings.com\/fr\/#website"},"datePublished":"2020-05-26T14:01:20+00:00","dateModified":"2020-11-04T14:02:02+00:00","description":"L\u2019\u00e9lectro \u00e9rosion est un proc\u00e9d\u00e9 \u00e9lectrique qui va nous permettre de d\u00e9couper des pi\u00e8ces avec une tr\u00e8s grande pr\u00e9cision, sans g\u00e9n\u00e9rer de bavures.","breadcrumb":{"@id":"https:\/\/rdosprings.com\/fr\/electro-erosion\/#breadcrumb"},"inLanguage":"fr-FR","potentialAction":[{"@type":"ReadAction","target":["https:\/\/rdosprings.com\/fr\/electro-erosion\/"]}]},{"@type":"BreadcrumbList","@id":"https:\/\/rdosprings.com\/fr\/electro-erosion\/#breadcrumb","itemListElement":[{"@type":"ListItem","position":1,"name":"Accueil","item":"https:\/\/rdosprings.com\/fr\/"},{"@type":"ListItem","position":2,"name":"\u00c9LECTRO-\u00c9ROSION"}]},{"@type":"WebSite","@id":"https:\/\/rdosprings.com\/fr\/#website","url":"https:\/\/rdosprings.com\/fr\/","name":"RDO","description":"Fabrication de ressorts","potentialAction":[{"@type":"SearchAction","target":{"@type":"EntryPoint","urlTemplate":"https:\/\/rdosprings.com\/fr\/?s={search_term_string}"},"query-input":{"@type":"PropertyValueSpecification","valueRequired":true,"valueName":"search_term_string"}}],"inLanguage":"fr-FR"}]}},"_links":{"self":[{"href":"https:\/\/rdosprings.com\/fr\/wp-json\/wp\/v2\/pages\/1006","targetHints":{"allow":["GET"]}}],"collection":[{"href":"https:\/\/rdosprings.com\/fr\/wp-json\/wp\/v2\/pages"}],"about":[{"href":"https:\/\/rdosprings.com\/fr\/wp-json\/wp\/v2\/types\/page"}],"author":[{"embeddable":true,"href":"https:\/\/rdosprings.com\/fr\/wp-json\/wp\/v2\/users\/6"}],"replies":[{"embeddable":true,"href":"https:\/\/rdosprings.com\/fr\/wp-json\/wp\/v2\/comments?post=1006"}],"version-history":[{"count":29,"href":"https:\/\/rdosprings.com\/fr\/wp-json\/wp\/v2\/pages\/1006\/revisions"}],"predecessor-version":[{"id":2217,"href":"https:\/\/rdosprings.com\/fr\/wp-json\/wp\/v2\/pages\/1006\/revisions\/2217"}],"wp:attachment":[{"href":"https:\/\/rdosprings.com\/fr\/wp-json\/wp\/v2\/media?parent=1006"}],"curies":[{"name":"wp","href":"https:\/\/api.w.org\/{rel}","templated":true}]}}