{"id":1011,"date":"2020-05-26T14:22:33","date_gmt":"2020-05-26T14:22:33","guid":{"rendered":"https:\/\/rdosprings.com\/?page_id=1011"},"modified":"2020-10-20T14:29:25","modified_gmt":"2020-10-20T14:29:25","slug":"conditionnement-specifique","status":"publish","type":"page","link":"https:\/\/rdosprings.com\/fr\/conditionnement-specifique\/","title":{"rendered":"CONDITIONNEMENT SP\u00c9CIFIQUE"},"content":{"rendered":"<div class=\"wpb-content-wrapper\"><p>[vc_row full_width=\u00a0\u00bbstretch_row_content_no_spaces\u00a0\u00bb el_class=\u00a0\u00bba-propos-bloc-head\u00a0\u00bb][vc_column][\/vc_column][\/vc_row][vc_row][vc_column][vc_single_image image=\u00a0\u00bb919&Prime; img_size=\u00a0\u00bbfull\u00a0\u00bb alignment=\u00a0\u00bbcenter\u00a0\u00bb][vc_column_text el_class=\u00a0\u00bba-propos-titre titre-ressors a-propos-before\u00a0\u00bb]<\/p>\n<h2 style=\"text-align: center;\">CONDITIONNEMENT <strong>SP\u00c9CIFIQUE<\/strong><\/h2>\n<p>[\/vc_column_text][vc_row_inner el_class=\u00a0\u00bbrangee-vertical\u00a0\u00bb][vc_column_inner][vc_column_text el_class=\u00a0\u00bbtexte-savoir-faire\u00a0\u00bb]RDO Springs livre ses ressorts de mani\u00e8re standard dans des cartons adapt\u00e9s \u00e0 vos besoins, sur lesquels est appos\u00e9e une \u00e9tiquette d\u2019identification (libell\u00e9s + codes barres).<\/p>\n<p>Les produits peuvent \u00eatre mis \u00e9galement <strong>en sachets<\/strong>, identifi\u00e9s lorsqu\u2019ils sont pass\u00e9s sur nos cha\u00eenes de traitement de surface.[\/vc_column_text][\/vc_column_inner][\/vc_row_inner][vc_empty_space height=\u00a0\u00bb50px\u00a0\u00bb][vc_separator color=\u00a0\u00bbcustom\u00a0\u00bb border_width=\u00a0\u00bb3&Prime; accent_color=\u00a0\u00bb#c80048&Prime;][\/vc_column][\/vc_row][vc_row el_class=\u00a0\u00bbproduit-bloc-fabrication rangee-plan\u00a0\u00bb][vc_column][vc_row_inner][vc_column_inner][vc_column_text el_class=\u00a0\u00bbtexte-savoir-faire\u00a0\u00bb]Afin de r\u00e9soudre des probl\u00e8mes d\u2019emm\u00ealement de\u00a0<strong>ressorts<\/strong>\u00a0difficiles \u00e0 distribuer en vrac, RDO Springs a d\u00e9velopp\u00e9 un syst\u00e8me automatique de conditionnement en tubes.<br \/>\nQue les\u00a0<strong>ressorts<\/strong>\u00a0soient stabilis\u00e9s ou non, ils vous seront restitu\u00e9s unitairement.[\/vc_column_text][vc_single_image image=\u00a0\u00bb1012&Prime; img_size=\u00a0\u00bbfull\u00a0\u00bb alignment=\u00a0\u00bbcenter\u00a0\u00bb css_animation=\u00a0\u00bbbounceInUp\u00a0\u00bb][vc_empty_space height=\u00a0\u00bb50px\u00a0\u00bb][\/vc_column_inner][\/vc_row_inner][vc_empty_space height=\u00a0\u00bb20px\u00a0\u00bb][vc_column_text el_class=\u00a0\u00bbtexte-savoir-faire\u00a0\u00bb]<\/p>\n<p style=\"text-align: center;\">Nous pouvons \u00e9galement placer les ressorts dans des plateaux alv\u00e9ol\u00e9s adapt\u00e9s \u00e0 la dimension du ressort demand\u00e9.<\/p>\n<p>[\/vc_column_text][vc_empty_space height=\u00a0\u00bb50px\u00a0\u00bb][vc_row_inner][vc_column_inner width=\u00a0\u00bb1\/2&Prime;][vc_single_image image=\u00a0\u00bb1494&Prime; img_size=\u00a0\u00bbfull\u00a0\u00bb alignment=\u00a0\u00bbcenter\u00a0\u00bb css_animation=\u00a0\u00bbbounceIn\u00a0\u00bb][\/vc_column_inner][vc_column_inner width=\u00a0\u00bb1\/2&Prime;][vc_single_image image=\u00a0\u00bb1495&Prime; img_size=\u00a0\u00bbfull\u00a0\u00bb alignment=\u00a0\u00bbcenter\u00a0\u00bb css_animation=\u00a0\u00bbbounceIn\u00a0\u00bb][\/vc_column_inner][\/vc_row_inner][vc_empty_space height=\u00a0\u00bb50px\u00a0\u00bb][\/vc_column][\/vc_row][vc_row el_class=\u00a0\u00bbressort-bas-droite-after\u00a0\u00bb][vc_column][vc_row_inner][vc_column_inner width=\u00a0\u00bb2\/3&Prime;][vc_column_text el_class=\u00a0\u00bbtitre-savoir-faire titre-center savoirfaire\u00a0\u00bb]NOS CONSEILS :[\/vc_column_text][vc_column_text el_class=\u00a0\u00bbtexte-savoir-faire conseils\u00a0\u00bb]La fabrication des ressorts s\u2019appuie sur plusieurs normes internationales qui d\u00e9finissent les tol\u00e9rances et le processus standard de r\u00e9alisation.<\/p>\n<p><strong>RDO Springs y r\u00e9pond et est certifi\u00e9e ISO 9001 (Qualit\u00e9) et EN 9100 (Qualit\u00e9 ++ : secteurs A\u00e9ronautique, Spatial, D\u00e9fense) prouvant son tr\u00e8s grand savoir-faire en la mati\u00e8re.<\/strong><\/p>\n<p>Il n\u2019existe pas de ressorts dits \u00ab standard \u00bb. Chaque ressort est sp\u00e9cifique et exige une d\u00e9marche adapt\u00e9e nous permettant de r\u00e9pondre \u00e0 vos exigences[\/vc_column_text][\/vc_column_inner][vc_column_inner width=\u00a0\u00bb1\/3&Prime;][vc_single_image image=\u00a0\u00bb701&Prime; img_size=\u00a0\u00bbfull\u00a0\u00bb alignment=\u00a0\u00bbcenter\u00a0\u00bb][vc_column_text el_class=\u00a0\u00bbISO\u00a0\u00bb]ISO 9001<br \/>\nEN 9100[\/vc_column_text][vc_btn title=\u00a0\u00bbNos certifications\u00a0\u00bb link=\u00a0\u00bburl:%2F%3Fpage_id%3D970|||\u00a0\u00bb el_class=\u00a0\u00bbiso-btn\u00a0\u00bb][vc_empty_space height=\u00a0\u00bb40px\u00a0\u00bb][\/vc_column_inner][\/vc_row_inner][vc_empty_space height=\u00a0\u00bb60px\u00a0\u00bb][\/vc_column][\/vc_row][vc_row full_width=\u00a0\u00bbstretch_row_content_no_spaces\u00a0\u00bb el_class=\u00a0\u00bbcoordonnees-home\u00a0\u00bb css=\u00a0\u00bb.vc_custom_1586160041817{background-image: url(https:\/\/rdosprings.com\/wp-content\/uploads\/2020\/04\/fond-coordonn\u00e9es.png?id=533) !important;background-position: center !important;background-repeat: no-repeat !important;background-size: cover !important;}\u00a0\u00bb][vc_column][vc_row_inner][vc_column_inner width=\u00a0\u00bb1\/2&Prime;][vc_single_image image=\u00a0\u00bb534&Prime; img_size=\u00a0\u00bbfull\u00a0\u00bb alignment=\u00a0\u00bbcenter\u00a0\u00bb][\/vc_column_inner][vc_column_inner width=\u00a0\u00bb1\/2&Prime;][vc_column_text el_class=\u00a0\u00bbtexte-coordonnes1&Prime;]RDO Springs<br \/>\n10 RUE BENJAMIN DELESSERT<br \/>\n60510 BRESLES[\/vc_column_text][vc_column_text el_class=\u00a0\u00bbtexte-coordonnes2&Prime;]contact@rdosprings.com<br \/>\nwww.rdosprings.com[\/vc_column_text][\/vc_column_inner][\/vc_row_inner][\/vc_column][\/vc_row]<\/p>\n<\/div>","protected":false},"excerpt":{"rendered":"<p>[vc_row full_width=\u00a0\u00bbstretch_row_content_no_spaces\u00a0\u00bb el_class=\u00a0\u00bba-propos-bloc-head\u00a0\u00bb][vc_column][\/vc_column][\/vc_row][vc_row][vc_column][vc_single_image image=\u00a0\u00bb919&Prime; img_size=\u00a0\u00bbfull\u00a0\u00bb alignment=\u00a0\u00bbcenter\u00a0\u00bb][vc_column_text el_class=\u00a0\u00bba-propos-titre titre-ressors a-propos-before\u00a0\u00bb] CONDITIONNEMENT SP\u00c9CIFIQUE [\/vc_column_text][vc_row_inner el_class=\u00a0\u00bbrangee-vertical\u00a0\u00bb][vc_column_inner][vc_column_text el_class=\u00a0\u00bbtexte-savoir-faire\u00a0\u00bb]RDO Springs livre ses ressorts de mani\u00e8re standard dans des cartons adapt\u00e9s \u00e0 vos besoins, sur lesquels est appos\u00e9e une \u00e9tiquette d\u2019identification (libell\u00e9s + codes barres). Les produits peuvent \u00eatre mis \u00e9galement en sachets, identifi\u00e9s lorsqu\u2019ils sont pass\u00e9s sur nos cha\u00eenes de<\/p>\n","protected":false},"author":6,"featured_media":0,"parent":0,"menu_order":0,"comment_status":"closed","ping_status":"closed","template":"","meta":{"footnotes":""},"class_list":["post-1011","page","type-page","status-publish","hentry"],"yoast_head":"<!-- This site is optimized with the Yoast SEO plugin v27.5 - https:\/\/yoast.com\/product\/yoast-seo-wordpress\/ -->\n<title>Nos conditionnements | RDO Springs sp\u00e9cialiste Fran\u00e7ais du ressort<\/title>\n<meta name=\"description\" content=\"RDO Springs livre ses ressorts de mani\u00e8re standard, en sachet ou en tube afin de r\u00e9soudre des soucis d\u2019emm\u00ealement de ressorts difficiles \u00e0 livrer en vrac.\" \/>\n<meta name=\"robots\" content=\"index, follow, max-snippet:-1, max-image-preview:large, max-video-preview:-1\" \/>\n<link rel=\"canonical\" href=\"https:\/\/rdosprings.com\/fr\/conditionnement-specifique\/\" \/>\n<meta property=\"og:locale\" content=\"fr_FR\" \/>\n<meta property=\"og:type\" content=\"article\" \/>\n<meta property=\"og:title\" content=\"Nos conditionnements | RDO Springs sp\u00e9cialiste Fran\u00e7ais du ressort\" \/>\n<meta property=\"og:description\" content=\"RDO Springs livre ses ressorts de mani\u00e8re standard, en sachet ou en tube afin de r\u00e9soudre des soucis d\u2019emm\u00ealement de ressorts difficiles \u00e0 livrer en vrac.\" \/>\n<meta property=\"og:url\" content=\"https:\/\/rdosprings.com\/fr\/conditionnement-specifique\/\" \/>\n<meta property=\"og:site_name\" content=\"RDO\" \/>\n<meta property=\"article:modified_time\" content=\"2020-10-20T14:29:25+00:00\" \/>\n<meta name=\"twitter:card\" content=\"summary_large_image\" \/>\n<meta name=\"twitter:label1\" content=\"Dur\u00e9e de lecture estim\u00e9e\" \/>\n\t<meta name=\"twitter:data1\" content=\"3 minutes\" \/>\n<script type=\"application\/ld+json\" class=\"yoast-schema-graph\">{\"@context\":\"https:\\\/\\\/schema.org\",\"@graph\":[{\"@type\":\"WebPage\",\"@id\":\"https:\\\/\\\/rdosprings.com\\\/fr\\\/conditionnement-specifique\\\/\",\"url\":\"https:\\\/\\\/rdosprings.com\\\/fr\\\/conditionnement-specifique\\\/\",\"name\":\"Nos conditionnements | RDO Springs sp\u00e9cialiste Fran\u00e7ais du ressort\",\"isPartOf\":{\"@id\":\"https:\\\/\\\/rdosprings.com\\\/fr\\\/#website\"},\"datePublished\":\"2020-05-26T14:22:33+00:00\",\"dateModified\":\"2020-10-20T14:29:25+00:00\",\"description\":\"RDO Springs livre ses ressorts de mani\u00e8re standard, en sachet ou en tube afin de r\u00e9soudre des soucis d\u2019emm\u00ealement de ressorts difficiles \u00e0 livrer en vrac.\",\"breadcrumb\":{\"@id\":\"https:\\\/\\\/rdosprings.com\\\/fr\\\/conditionnement-specifique\\\/#breadcrumb\"},\"inLanguage\":\"fr-FR\",\"potentialAction\":[{\"@type\":\"ReadAction\",\"target\":[\"https:\\\/\\\/rdosprings.com\\\/fr\\\/conditionnement-specifique\\\/\"]}]},{\"@type\":\"BreadcrumbList\",\"@id\":\"https:\\\/\\\/rdosprings.com\\\/fr\\\/conditionnement-specifique\\\/#breadcrumb\",\"itemListElement\":[{\"@type\":\"ListItem\",\"position\":1,\"name\":\"Accueil\",\"item\":\"https:\\\/\\\/rdosprings.com\\\/fr\\\/\"},{\"@type\":\"ListItem\",\"position\":2,\"name\":\"CONDITIONNEMENT SP\u00c9CIFIQUE\"}]},{\"@type\":\"WebSite\",\"@id\":\"https:\\\/\\\/rdosprings.com\\\/fr\\\/#website\",\"url\":\"https:\\\/\\\/rdosprings.com\\\/fr\\\/\",\"name\":\"RDO\",\"description\":\"Fabrication de ressorts\",\"potentialAction\":[{\"@type\":\"SearchAction\",\"target\":{\"@type\":\"EntryPoint\",\"urlTemplate\":\"https:\\\/\\\/rdosprings.com\\\/fr\\\/?s={search_term_string}\"},\"query-input\":{\"@type\":\"PropertyValueSpecification\",\"valueRequired\":true,\"valueName\":\"search_term_string\"}}],\"inLanguage\":\"fr-FR\"}]}<\/script>\n<!-- \/ Yoast SEO plugin. -->","yoast_head_json":{"title":"Nos conditionnements | RDO Springs sp\u00e9cialiste Fran\u00e7ais du ressort","description":"RDO Springs livre ses ressorts de mani\u00e8re standard, en sachet ou en tube afin de r\u00e9soudre des soucis d\u2019emm\u00ealement de ressorts difficiles \u00e0 livrer en vrac.","robots":{"index":"index","follow":"follow","max-snippet":"max-snippet:-1","max-image-preview":"max-image-preview:large","max-video-preview":"max-video-preview:-1"},"canonical":"https:\/\/rdosprings.com\/fr\/conditionnement-specifique\/","og_locale":"fr_FR","og_type":"article","og_title":"Nos conditionnements | RDO Springs sp\u00e9cialiste Fran\u00e7ais du ressort","og_description":"RDO Springs livre ses ressorts de mani\u00e8re standard, en sachet ou en tube afin de r\u00e9soudre des soucis d\u2019emm\u00ealement de ressorts difficiles \u00e0 livrer en vrac.","og_url":"https:\/\/rdosprings.com\/fr\/conditionnement-specifique\/","og_site_name":"RDO","article_modified_time":"2020-10-20T14:29:25+00:00","twitter_card":"summary_large_image","twitter_misc":{"Dur\u00e9e de lecture estim\u00e9e":"3 minutes"},"schema":{"@context":"https:\/\/schema.org","@graph":[{"@type":"WebPage","@id":"https:\/\/rdosprings.com\/fr\/conditionnement-specifique\/","url":"https:\/\/rdosprings.com\/fr\/conditionnement-specifique\/","name":"Nos conditionnements | RDO Springs sp\u00e9cialiste Fran\u00e7ais du ressort","isPartOf":{"@id":"https:\/\/rdosprings.com\/fr\/#website"},"datePublished":"2020-05-26T14:22:33+00:00","dateModified":"2020-10-20T14:29:25+00:00","description":"RDO Springs livre ses ressorts de mani\u00e8re standard, en sachet ou en tube afin de r\u00e9soudre des soucis d\u2019emm\u00ealement de ressorts difficiles \u00e0 livrer en vrac.","breadcrumb":{"@id":"https:\/\/rdosprings.com\/fr\/conditionnement-specifique\/#breadcrumb"},"inLanguage":"fr-FR","potentialAction":[{"@type":"ReadAction","target":["https:\/\/rdosprings.com\/fr\/conditionnement-specifique\/"]}]},{"@type":"BreadcrumbList","@id":"https:\/\/rdosprings.com\/fr\/conditionnement-specifique\/#breadcrumb","itemListElement":[{"@type":"ListItem","position":1,"name":"Accueil","item":"https:\/\/rdosprings.com\/fr\/"},{"@type":"ListItem","position":2,"name":"CONDITIONNEMENT SP\u00c9CIFIQUE"}]},{"@type":"WebSite","@id":"https:\/\/rdosprings.com\/fr\/#website","url":"https:\/\/rdosprings.com\/fr\/","name":"RDO","description":"Fabrication de ressorts","potentialAction":[{"@type":"SearchAction","target":{"@type":"EntryPoint","urlTemplate":"https:\/\/rdosprings.com\/fr\/?s={search_term_string}"},"query-input":{"@type":"PropertyValueSpecification","valueRequired":true,"valueName":"search_term_string"}}],"inLanguage":"fr-FR"}]}},"_links":{"self":[{"href":"https:\/\/rdosprings.com\/fr\/wp-json\/wp\/v2\/pages\/1011","targetHints":{"allow":["GET"]}}],"collection":[{"href":"https:\/\/rdosprings.com\/fr\/wp-json\/wp\/v2\/pages"}],"about":[{"href":"https:\/\/rdosprings.com\/fr\/wp-json\/wp\/v2\/types\/page"}],"author":[{"embeddable":true,"href":"https:\/\/rdosprings.com\/fr\/wp-json\/wp\/v2\/users\/6"}],"replies":[{"embeddable":true,"href":"https:\/\/rdosprings.com\/fr\/wp-json\/wp\/v2\/comments?post=1011"}],"version-history":[{"count":36,"href":"https:\/\/rdosprings.com\/fr\/wp-json\/wp\/v2\/pages\/1011\/revisions"}],"predecessor-version":[{"id":1752,"href":"https:\/\/rdosprings.com\/fr\/wp-json\/wp\/v2\/pages\/1011\/revisions\/1752"}],"wp:attachment":[{"href":"https:\/\/rdosprings.com\/fr\/wp-json\/wp\/v2\/media?parent=1011"}],"curies":[{"name":"wp","href":"https:\/\/api.w.org\/{rel}","templated":true}]}}