{"id":1042,"date":"2020-05-27T08:54:25","date_gmt":"2020-05-27T08:54:25","guid":{"rendered":"https:\/\/rdosprings.com\/?page_id=1042"},"modified":"2021-03-05T08:29:20","modified_gmt":"2021-03-05T08:29:20","slug":"services-et-expertises","status":"publish","type":"page","link":"https:\/\/rdosprings.com\/fr\/services-et-expertises\/","title":{"rendered":"Services et Expertises"},"content":{"rendered":"<div class=\"wpb-content-wrapper\"><p>[vc_row full_width=\u00a0\u00bbstretch_row_content_no_spaces\u00a0\u00bb el_class=\u00a0\u00bba-propos-bloc-head\u00a0\u00bb][vc_column][vc_column_text el_class=\u00a0\u00bba-propos-titre\u00a0\u00bb]<\/p>\n<h2>SERVICES ET EXPERTISES<\/h2>\n<p>[\/vc_column_text][vc_empty_space height=\u00a0\u00bb70px\u00a0\u00bb][\/vc_column][\/vc_row][vc_row el_class=\u00a0\u00bbrangee-une\u00a0\u00bb][vc_column][vc_row_inner][vc_column_inner][vc_column_text el_class=\u00a0\u00bbtexte-presentation\u00a0\u00bb]<\/p>\n<h2>Vid\u00e9o de pr\u00e9sentation<\/h2>\n<p>[\/vc_column_text][\/vc_column_inner][\/vc_row_inner][vc_row_inner][vc_column_inner][vc_raw_html]JTNDdmlkZW8lMjBjb250cm9scyUyMHdpZHRoJTNEJTIyMTAwJTI1JTIyJTNFJTBBJTBBJTIwJTIwJTIwJTIwJTNDc291cmNlJTIwc3JjJTNEJTIyJTJGd3AtY29udGVudCUyRnVwbG9hZHMlMkYyMDIwJTJGMDclMkZWaWRlby1wcmVzZW50YXRpb25fbG93LXJlcy5tcDQlMjIlMEElMjAlMjAlMjAlMjAlMjAlMjAlMjAlMjAlMjAlMjAlMjAlMjB0eXBlJTNEJTIydmlkZW8lMkZtcDQlMjIlM0UlMEElMEElM0MlMkZ2aWRlbyUzRQ==[\/vc_raw_html][\/vc_column_inner][\/vc_row_inner][vc_empty_space height=\u00a0\u00bb60px\u00a0\u00bb][\/vc_column][\/vc_row][vc_row el_class=\u00a0\u00bbrangee-secteurs expertises ressort-bas-droite-after\u00a0\u00bb][vc_column][vc_row_inner][vc_column_inner][vc_column_text el_class=\u00a0\u00bbtexte-presentation\u00a0\u00bb]<\/p>\n<h2 style=\"text-align: center;\">Expertises<\/h2>\n<p>[\/vc_column_text][\/vc_column_inner][\/vc_row_inner][vc_row_inner][vc_column_inner][vc_empty_space height=\u00a0\u00bb75px\u00a0\u00bb][\/vc_column_inner][\/vc_row_inner][vc_row_inner][vc_column_inner width=\u00a0\u00bb1\/2&Prime;][vc_column_text el_class=\u00a0\u00bbtitre-bleu-normal\u00a0\u00bb]Ressorts de pompe et de valve :[\/vc_column_text][vc_column_text el_class=\u00a0\u00bbtexte-right texte-savoir-faire\u00a0\u00bb]<\/p>\n<ul>\n<li>pour la pharmacie et la parfumerie<\/li>\n<\/ul>\n<p>[\/vc_column_text][vc_single_image image=\u00a0\u00bb1047&Prime; img_size=\u00a0\u00bb300&#215;200&Prime; alignment=\u00a0\u00bbcenter\u00a0\u00bb el_class=\u00a0\u00bbfond-rose\u00a0\u00bb][\/vc_column_inner][vc_column_inner width=\u00a0\u00bb1\/2&Prime;][vc_column_text el_class=\u00a0\u00bbtitre-bleu-normal\u00a0\u00bb]Polissage de pr\u00e9cision :[\/vc_column_text][vc_column_text el_class=\u00a0\u00bbtexte-right texte-savoir-faire\u00a0\u00bb]<\/p>\n<ul>\n<li>pour le spatial et l\u2019a\u00e9ronautique<\/li>\n<\/ul>\n<p>[\/vc_column_text][vc_single_image image=\u00a0\u00bb1048&Prime; img_size=\u00a0\u00bb300&#215;200&Prime; alignment=\u00a0\u00bbcenter\u00a0\u00bb el_class=\u00a0\u00bbfond-violet\u00a0\u00bb][\/vc_column_inner][\/vc_row_inner][vc_row_inner][vc_column_inner][vc_empty_space height=\u00a0\u00bb75px\u00a0\u00bb][\/vc_column_inner][\/vc_row_inner][vc_row_inner][vc_column_inner width=\u00a0\u00bb1\/2&Prime;][vc_column_text el_class=\u00a0\u00bbtitre-bleu-normal\u00a0\u00bb]\u00c9lectro-\u00e9rosion :[\/vc_column_text][vc_column_text el_class=\u00a0\u00bbtexte-right texte-savoir-faire\u00a0\u00bb]<\/p>\n<ul>\n<li>Pour les produits n\u00e9cessitant une tr\u00e8s grande pr\u00e9cision<\/li>\n<\/ul>\n<p>[\/vc_column_text][vc_single_image image=\u00a0\u00bb1049&Prime; img_size=\u00a0\u00bb300&#215;200&Prime; alignment=\u00a0\u00bbcenter\u00a0\u00bb el_class=\u00a0\u00bbfond-violet\u00a0\u00bb][\/vc_column_inner][vc_column_inner width=\u00a0\u00bb1\/2&Prime;][vc_column_text el_class=\u00a0\u00bbtitre-bleu-normal\u00a0\u00bb]Ressorts de harnais et de m\u00e9tier \u00e0 tisser :[\/vc_column_text][vc_column_text el_class=\u00a0\u00bbtexte-right texte-savoir-faire\u00a0\u00bb]<\/p>\n<ul>\n<li>Pour l\u2019industrie textile<\/li>\n<\/ul>\n<p>[\/vc_column_text][vc_single_image image=\u00a0\u00bb1053&Prime; img_size=\u00a0\u00bb300&#215;200&Prime; alignment=\u00a0\u00bbcenter\u00a0\u00bb el_class=\u00a0\u00bbfond-rose\u00a0\u00bb][\/vc_column_inner][\/vc_row_inner][vc_row_inner][vc_column_inner][vc_empty_space height=\u00a0\u00bb75px\u00a0\u00bb][\/vc_column_inner][\/vc_row_inner][vc_row_inner][vc_column_inner width=\u00a0\u00bb1\/2&Prime;][vc_column_text el_class=\u00a0\u00bbtitre-bleu-normal\u00a0\u00bb]Tribofinition :[\/vc_column_text][vc_column_text el_class=\u00a0\u00bbtexte-right texte-savoir-faire\u00a0\u00bb]<\/p>\n<ul>\n<li>Permettant une grande propret\u00e9 et un d\u00e9m\u00ealement ais\u00e9<\/li>\n<\/ul>\n<p>[\/vc_column_text][vc_single_image image=\u00a0\u00bb1051&Prime; img_size=\u00a0\u00bb300&#215;200&Prime; alignment=\u00a0\u00bbcenter\u00a0\u00bb el_class=\u00a0\u00bbfond-rose\u00a0\u00bb][\/vc_column_inner][vc_column_inner width=\u00a0\u00bb1\/2&Prime;][vc_column_text el_class=\u00a0\u00bbtitre-bleu-normal\u00a0\u00bb]D\u00e9capage et passivation :[\/vc_column_text][vc_column_text el_class=\u00a0\u00bbtexte-right texte-savoir-faire\u00a0\u00bb]<\/p>\n<ul>\n<li>Pour les secteurs : a\u00e9ronautique, pharmaceutique et secteur m\u00e9dical<\/li>\n<\/ul>\n<p>[\/vc_column_text][vc_single_image image=\u00a0\u00bb1052&Prime; img_size=\u00a0\u00bb300&#215;200&Prime; alignment=\u00a0\u00bbcenter\u00a0\u00bb el_class=\u00a0\u00bbfond-violet\u00a0\u00bb][\/vc_column_inner][\/vc_row_inner][vc_row_inner][vc_column_inner][vc_empty_space height=\u00a0\u00bb75px\u00a0\u00bb][\/vc_column_inner][\/vc_row_inner][vc_row_inner][vc_column_inner width=\u00a0\u00bb1\/2&Prime;][vc_column_text el_class=\u00a0\u00bbtitre-bleu-normal\u00a0\u00bb]Rondelles ressorts et ressorts \u00e0 vagues :[\/vc_column_text][vc_single_image image=\u00a0\u00bb1050&Prime; img_size=\u00a0\u00bb300&#215;200&Prime; alignment=\u00a0\u00bbcenter\u00a0\u00bb el_class=\u00a0\u00bbfond-violet\u00a0\u00bb][\/vc_column_inner][vc_column_inner width=\u00a0\u00bb1\/2&Prime;][\/vc_column_inner][\/vc_row_inner][vc_empty_space height=\u00a0\u00bb50px\u00a0\u00bb][\/vc_column][\/vc_row][vc_row full_width=\u00a0\u00bbstretch_row_content_no_spaces\u00a0\u00bb el_class=\u00a0\u00bbcoordonnees-home\u00a0\u00bb css=\u00a0\u00bb.vc_custom_1603118900071{background-image: url(https:\/\/rdosprings.com\/wp-content\/uploads\/2020\/04\/fond-coordonn\u00e9es.png?id=533) !important;background-position: center !important;background-repeat: no-repeat !important;background-size: cover !important;}\u00a0\u00bb][vc_column][vc_row_inner][vc_column_inner width=\u00a0\u00bb1\/2&Prime;][vc_single_image image=\u00a0\u00bb534&Prime; img_size=\u00a0\u00bbfull\u00a0\u00bb alignment=\u00a0\u00bbcenter\u00a0\u00bb][\/vc_column_inner][vc_column_inner width=\u00a0\u00bb1\/2&Prime;][vc_column_text el_class=\u00a0\u00bbtexte-coordonnes1&Prime;]RDO Springs<br \/>\n10 RUE BENJAMIN DELESSERT<br \/>\n60510 BRESLES[\/vc_column_text][vc_column_text el_class=\u00a0\u00bbtexte-coordonnes2&Prime;]contact@rdosprings.com<br \/>\nwww.rdosprings.com[\/vc_column_text][\/vc_column_inner][\/vc_row_inner][\/vc_column][\/vc_row]<\/p>\n<\/div>","protected":false},"excerpt":{"rendered":"<p>[vc_row full_width=\u00a0\u00bbstretch_row_content_no_spaces\u00a0\u00bb el_class=\u00a0\u00bba-propos-bloc-head\u00a0\u00bb][vc_column][vc_column_text el_class=\u00a0\u00bba-propos-titre\u00a0\u00bb] SERVICES ET EXPERTISES [\/vc_column_text][vc_empty_space height=\u00a0\u00bb70px\u00a0\u00bb][\/vc_column][\/vc_row][vc_row el_class=\u00a0\u00bbrangee-une\u00a0\u00bb][vc_column][vc_row_inner][vc_column_inner][vc_column_text el_class=\u00a0\u00bbtexte-presentation\u00a0\u00bb] Vid\u00e9o de pr\u00e9sentation [\/vc_column_text][\/vc_column_inner][\/vc_row_inner][vc_row_inner][vc_column_inner][vc_raw_html]JTNDdmlkZW8lMjBjb250cm9scyUyMHdpZHRoJTNEJTIyMTAwJTI1JTIyJTNFJTBBJTBBJTIwJTIwJTIwJTIwJTNDc291cmNlJTIwc3JjJTNEJTIyJTJGd3AtY29udGVudCUyRnVwbG9hZHMlMkYyMDIwJTJGMDclMkZWaWRlby1wcmVzZW50YXRpb25fbG93LXJlcy5tcDQlMjIlMEElMjAlMjAlMjAlMjAlMjAlMjAlMjAlMjAlMjAlMjAlMjAlMjB0eXBlJTNEJTIydmlkZW8lMkZtcDQlMjIlM0UlMEElMEElM0MlMkZ2aWRlbyUzRQ==[\/vc_raw_html][\/vc_column_inner][\/vc_row_inner][vc_empty_space height=\u00a0\u00bb60px\u00a0\u00bb][\/vc_column][\/vc_row][vc_row el_class=\u00a0\u00bbrangee-secteurs expertises ressort-bas-droite-after\u00a0\u00bb][vc_column][vc_row_inner][vc_column_inner][vc_column_text el_class=\u00a0\u00bbtexte-presentation\u00a0\u00bb] Expertises [\/vc_column_text][\/vc_column_inner][\/vc_row_inner][vc_row_inner][vc_column_inner][vc_empty_space height=\u00a0\u00bb75px\u00a0\u00bb][\/vc_column_inner][\/vc_row_inner][vc_row_inner][vc_column_inner width=\u00a0\u00bb1\/2&Prime;][vc_column_text el_class=\u00a0\u00bbtitre-bleu-normal\u00a0\u00bb]Ressorts de pompe et de valve :[\/vc_column_text][vc_column_text el_class=\u00a0\u00bbtexte-right texte-savoir-faire\u00a0\u00bb] pour la pharmacie et la parfumerie [\/vc_column_text][vc_single_image image=\u00a0\u00bb1047&Prime; img_size=\u00a0\u00bb300&#215;200&Prime; alignment=\u00a0\u00bbcenter\u00a0\u00bb el_class=\u00a0\u00bbfond-rose\u00a0\u00bb][\/vc_column_inner][vc_column_inner width=\u00a0\u00bb1\/2&Prime;][vc_column_text el_class=\u00a0\u00bbtitre-bleu-normal\u00a0\u00bb]Polissage de pr\u00e9cision :[\/vc_column_text][vc_column_text el_class=\u00a0\u00bbtexte-right texte-savoir-faire\u00a0\u00bb] pour le spatial et<\/p>\n","protected":false},"author":6,"featured_media":0,"parent":0,"menu_order":0,"comment_status":"closed","ping_status":"closed","template":"","meta":{"footnotes":""},"yoast_head":"<!-- This site is optimized with the Yoast SEO plugin v21.7 - https:\/\/yoast.com\/wordpress\/plugins\/seo\/ -->\n<title>Nos services et expertise | RDO Springs sp\u00e9cialiste Fran\u00e7ais du ressort<\/title>\n<meta name=\"description\" content=\"RDO Springs, l\u2019un des leaders fran\u00e7ais de la fabrication industrielle de ressorts a pour c\u0153ur de m\u00e9tier la r\u00e9alisation de services et d&#039;expertises.\" \/>\n<meta name=\"robots\" content=\"index, follow, max-snippet:-1, max-image-preview:large, max-video-preview:-1\" \/>\n<link rel=\"canonical\" href=\"https:\/\/rdosprings.com\/fr\/services-et-expertises\/\" \/>\n<meta property=\"og:locale\" content=\"fr_FR\" \/>\n<meta property=\"og:type\" content=\"article\" \/>\n<meta property=\"og:title\" content=\"Nos services et expertise | RDO Springs sp\u00e9cialiste Fran\u00e7ais du ressort\" \/>\n<meta property=\"og:description\" content=\"RDO Springs, l\u2019un des leaders fran\u00e7ais de la fabrication industrielle de ressorts a pour c\u0153ur de m\u00e9tier la r\u00e9alisation de services et d&#039;expertises.\" \/>\n<meta property=\"og:url\" content=\"https:\/\/rdosprings.com\/fr\/services-et-expertises\/\" \/>\n<meta property=\"og:site_name\" content=\"RDO\" \/>\n<meta property=\"article:modified_time\" content=\"2021-03-05T08:29:20+00:00\" \/>\n<meta name=\"twitter:card\" content=\"summary_large_image\" \/>\n<meta name=\"twitter:label1\" content=\"Dur\u00e9e de lecture estim\u00e9e\" \/>\n\t<meta name=\"twitter:data1\" content=\"3 minutes\" \/>\n<script type=\"application\/ld+json\" class=\"yoast-schema-graph\">{\"@context\":\"https:\/\/schema.org\",\"@graph\":[{\"@type\":\"WebPage\",\"@id\":\"https:\/\/rdosprings.com\/fr\/services-et-expertises\/\",\"url\":\"https:\/\/rdosprings.com\/fr\/services-et-expertises\/\",\"name\":\"Nos services et expertise | RDO Springs sp\u00e9cialiste Fran\u00e7ais du ressort\",\"isPartOf\":{\"@id\":\"https:\/\/rdosprings.com\/fr\/#website\"},\"datePublished\":\"2020-05-27T08:54:25+00:00\",\"dateModified\":\"2021-03-05T08:29:20+00:00\",\"description\":\"RDO Springs, l\u2019un des leaders fran\u00e7ais de la fabrication industrielle de ressorts a pour c\u0153ur de m\u00e9tier la r\u00e9alisation de services et d'expertises.\",\"breadcrumb\":{\"@id\":\"https:\/\/rdosprings.com\/fr\/services-et-expertises\/#breadcrumb\"},\"inLanguage\":\"fr-FR\",\"potentialAction\":[{\"@type\":\"ReadAction\",\"target\":[\"https:\/\/rdosprings.com\/fr\/services-et-expertises\/\"]}]},{\"@type\":\"BreadcrumbList\",\"@id\":\"https:\/\/rdosprings.com\/fr\/services-et-expertises\/#breadcrumb\",\"itemListElement\":[{\"@type\":\"ListItem\",\"position\":1,\"name\":\"Accueil\",\"item\":\"https:\/\/rdosprings.com\/fr\/\"},{\"@type\":\"ListItem\",\"position\":2,\"name\":\"Services et Expertises\"}]},{\"@type\":\"WebSite\",\"@id\":\"https:\/\/rdosprings.com\/fr\/#website\",\"url\":\"https:\/\/rdosprings.com\/fr\/\",\"name\":\"RDO\",\"description\":\"Fabrication de ressorts\",\"potentialAction\":[{\"@type\":\"SearchAction\",\"target\":{\"@type\":\"EntryPoint\",\"urlTemplate\":\"https:\/\/rdosprings.com\/fr\/?s={search_term_string}\"},\"query-input\":\"required name=search_term_string\"}],\"inLanguage\":\"fr-FR\"}]}<\/script>\n<!-- \/ Yoast SEO plugin. -->","yoast_head_json":{"title":"Nos services et expertise | RDO Springs sp\u00e9cialiste Fran\u00e7ais du ressort","description":"RDO Springs, l\u2019un des leaders fran\u00e7ais de la fabrication industrielle de ressorts a pour c\u0153ur de m\u00e9tier la r\u00e9alisation de services et d'expertises.","robots":{"index":"index","follow":"follow","max-snippet":"max-snippet:-1","max-image-preview":"max-image-preview:large","max-video-preview":"max-video-preview:-1"},"canonical":"https:\/\/rdosprings.com\/fr\/services-et-expertises\/","og_locale":"fr_FR","og_type":"article","og_title":"Nos services et expertise | RDO Springs sp\u00e9cialiste Fran\u00e7ais du ressort","og_description":"RDO Springs, l\u2019un des leaders fran\u00e7ais de la fabrication industrielle de ressorts a pour c\u0153ur de m\u00e9tier la r\u00e9alisation de services et d'expertises.","og_url":"https:\/\/rdosprings.com\/fr\/services-et-expertises\/","og_site_name":"RDO","article_modified_time":"2021-03-05T08:29:20+00:00","twitter_card":"summary_large_image","twitter_misc":{"Dur\u00e9e de lecture estim\u00e9e":"3 minutes"},"schema":{"@context":"https:\/\/schema.org","@graph":[{"@type":"WebPage","@id":"https:\/\/rdosprings.com\/fr\/services-et-expertises\/","url":"https:\/\/rdosprings.com\/fr\/services-et-expertises\/","name":"Nos services et expertise | RDO Springs sp\u00e9cialiste Fran\u00e7ais du ressort","isPartOf":{"@id":"https:\/\/rdosprings.com\/fr\/#website"},"datePublished":"2020-05-27T08:54:25+00:00","dateModified":"2021-03-05T08:29:20+00:00","description":"RDO Springs, l\u2019un des leaders fran\u00e7ais de la fabrication industrielle de ressorts a pour c\u0153ur de m\u00e9tier la r\u00e9alisation de services et d'expertises.","breadcrumb":{"@id":"https:\/\/rdosprings.com\/fr\/services-et-expertises\/#breadcrumb"},"inLanguage":"fr-FR","potentialAction":[{"@type":"ReadAction","target":["https:\/\/rdosprings.com\/fr\/services-et-expertises\/"]}]},{"@type":"BreadcrumbList","@id":"https:\/\/rdosprings.com\/fr\/services-et-expertises\/#breadcrumb","itemListElement":[{"@type":"ListItem","position":1,"name":"Accueil","item":"https:\/\/rdosprings.com\/fr\/"},{"@type":"ListItem","position":2,"name":"Services et Expertises"}]},{"@type":"WebSite","@id":"https:\/\/rdosprings.com\/fr\/#website","url":"https:\/\/rdosprings.com\/fr\/","name":"RDO","description":"Fabrication de ressorts","potentialAction":[{"@type":"SearchAction","target":{"@type":"EntryPoint","urlTemplate":"https:\/\/rdosprings.com\/fr\/?s={search_term_string}"},"query-input":"required name=search_term_string"}],"inLanguage":"fr-FR"}]}},"_links":{"self":[{"href":"https:\/\/rdosprings.com\/fr\/wp-json\/wp\/v2\/pages\/1042"}],"collection":[{"href":"https:\/\/rdosprings.com\/fr\/wp-json\/wp\/v2\/pages"}],"about":[{"href":"https:\/\/rdosprings.com\/fr\/wp-json\/wp\/v2\/types\/page"}],"author":[{"embeddable":true,"href":"https:\/\/rdosprings.com\/fr\/wp-json\/wp\/v2\/users\/6"}],"replies":[{"embeddable":true,"href":"https:\/\/rdosprings.com\/fr\/wp-json\/wp\/v2\/comments?post=1042"}],"version-history":[{"count":23,"href":"https:\/\/rdosprings.com\/fr\/wp-json\/wp\/v2\/pages\/1042\/revisions"}],"predecessor-version":[{"id":2336,"href":"https:\/\/rdosprings.com\/fr\/wp-json\/wp\/v2\/pages\/1042\/revisions\/2336"}],"wp:attachment":[{"href":"https:\/\/rdosprings.com\/fr\/wp-json\/wp\/v2\/media?parent=1042"}],"curies":[{"name":"wp","href":"https:\/\/api.w.org\/{rel}","templated":true}]}}