{"id":1586,"date":"2020-07-21T13:54:37","date_gmt":"2020-07-21T13:54:37","guid":{"rendered":"https:\/\/rdosprings.com\/?page_id=1586"},"modified":"2020-07-21T13:54:37","modified_gmt":"2020-07-21T13:54:37","slug":"politique-de-confidentialite","status":"publish","type":"page","link":"https:\/\/rdosprings.com\/fr\/politique-de-confidentialite\/","title":{"rendered":"POLITIQUE DE CONFIDENTIALIT\u00c9"},"content":{"rendered":"<div class=\"wpb-content-wrapper\"><p>[vc_row el_class=\u00a0\u00bbpage-rgpd\u00a0\u00bb][vc_column][vc_row_inner][vc_column_inner][vc_column_text]<\/p>\n<h2>Notre politique de confidentialit\u00e9 :<\/h2>\n<p>RDOSPRINGS souhaite s\u2019engager en faveur de la protection de vos donn\u00e9es \u00e0 caract\u00e8re personnel et respecte la loi n\u00b0 78-17 du 6 janvier 1978 (\u00ab Loi relative \u00e0 l\u2019informatique, aux fichiers et aux libert\u00e9s \u00bb) et la r\u00e9glementation europ\u00e9enne en application depuis le 25 mai 2018 (\u00ab RGPD \u2013 R\u00e8glement G\u00e9n\u00e9ral sur la Protection des Donn\u00e9es \u00bb).<br \/>\nPour toutes demandes concernant vos donn\u00e9es \u00e0 caract\u00e8re personnel vous pouvez prendre contact avec nous :<br \/>\nPar mail : contact@rdosprings.com<br \/>\nPar t\u00e9l\u00e9phone : 03 44 07 34 34<br \/>\nDepuis le site : <a href=\"\/contact\/\">Contact<\/a><\/p>\n<h2>Respect de la propri\u00e9t\u00e9 intellectuelle :<\/h2>\n<p>Toutes les marques, photographies, textes, commentaires, illustrations, images anim\u00e9es ou non, s\u00e9quences vid\u00e9o, sons, ainsi que toutes les applications informatiques qui pourraient \u00eatre utilis\u00e9es pour faire fonctionner le Site et plus g\u00e9n\u00e9ralement tous les \u00e9l\u00e9ments reproduits ou utilis\u00e9s sur le Site sont prot\u00e9g\u00e9s par les lois en vigueur au titre de la propri\u00e9t\u00e9 intellectuelle.<br \/>\nIls sont la propri\u00e9t\u00e9 pleine et enti\u00e8re de l\u2019Editeur ou de ses partenaires, sauf mentions particuli\u00e8res. Toute reproduction, repr\u00e9sentation, utilisation ou adaptation, sous quelque forme que ce soit, de tout ou partie de ces \u00e9l\u00e9ments, y compris les applications informatiques, sans l\u2019accord pr\u00e9alable et \u00e9crit de l\u2019Editeur, sont strictement interdites. Le fait pour l\u2019Editeur de ne pas engager de proc\u00e9dure d\u00e8s la prise de connaissance de ces utilisations non autoris\u00e9es ne vaut pas acceptation desdites utilisations et renonciation aux poursuites.<br \/>\nSeule l\u2019utilisation pour un usage priv\u00e9 dans un cercle de famille est autoris\u00e9e et toute autre utilisation est constitutive de contrefa\u00e7on et\/ou d\u2019atteinte aux droits voisins, sanctionn\u00e9es par Code de la propri\u00e9t\u00e9 intellectuelle.<br \/>\nLa reprise de tout ou partie de ce contenu n\u00e9cessite l\u2019autorisation pr\u00e9alable de l\u2019Editeur ou du titulaire des droits sur ce contenu.[\/vc_column_text][\/vc_column_inner][\/vc_row_inner][\/vc_column][\/vc_row]<\/p>\n<\/div>","protected":false},"excerpt":{"rendered":"<p>[vc_row el_class=\u00a0\u00bbpage-rgpd\u00a0\u00bb][vc_column][vc_row_inner][vc_column_inner][vc_column_text] Notre politique de confidentialit\u00e9 : RDOSPRINGS souhaite s\u2019engager en faveur de la protection de vos donn\u00e9es \u00e0 caract\u00e8re personnel et respecte la loi n\u00b0 78-17 du 6 janvier 1978 (\u00ab Loi relative \u00e0 l\u2019informatique, aux fichiers et aux libert\u00e9s \u00bb) et la r\u00e9glementation europ\u00e9enne en application depuis le 25 mai 2018 (\u00ab RGPD<\/p>\n","protected":false},"author":6,"featured_media":0,"parent":0,"menu_order":0,"comment_status":"closed","ping_status":"closed","template":"","meta":{"footnotes":""},"yoast_head":"<!-- This site is optimized with the Yoast SEO plugin v21.7 - https:\/\/yoast.com\/wordpress\/plugins\/seo\/ -->\n<title>POLITIQUE DE CONFIDENTIALIT\u00c9 - RDO<\/title>\n<meta name=\"robots\" content=\"index, follow, max-snippet:-1, max-image-preview:large, max-video-preview:-1\" \/>\n<link rel=\"canonical\" href=\"https:\/\/rdosprings.com\/fr\/politique-de-confidentialite\/\" \/>\n<meta property=\"og:locale\" content=\"fr_FR\" \/>\n<meta property=\"og:type\" content=\"article\" \/>\n<meta property=\"og:title\" content=\"POLITIQUE DE CONFIDENTIALIT\u00c9 - RDO\" \/>\n<meta property=\"og:description\" content=\"[vc_row el_class=\u00a0\u00bbpage-rgpd\u00a0\u00bb][vc_column][vc_row_inner][vc_column_inner][vc_column_text] Notre politique de confidentialit\u00e9 : RDOSPRINGS souhaite s\u2019engager en faveur de la protection de vos donn\u00e9es \u00e0 caract\u00e8re personnel et respecte la loi n\u00b0 78-17 du 6 janvier 1978 (\u00ab Loi relative \u00e0 l\u2019informatique, aux fichiers et aux libert\u00e9s \u00bb) et la r\u00e9glementation europ\u00e9enne en application depuis le 25 mai 2018 (\u00ab RGPD\" \/>\n<meta property=\"og:url\" content=\"https:\/\/rdosprings.com\/fr\/politique-de-confidentialite\/\" \/>\n<meta property=\"og:site_name\" content=\"RDO\" \/>\n<meta name=\"twitter:card\" content=\"summary_large_image\" \/>\n<meta name=\"twitter:label1\" content=\"Dur\u00e9e de lecture estim\u00e9e\" \/>\n\t<meta name=\"twitter:data1\" content=\"2 minutes\" \/>\n<script type=\"application\/ld+json\" class=\"yoast-schema-graph\">{\"@context\":\"https:\/\/schema.org\",\"@graph\":[{\"@type\":\"WebPage\",\"@id\":\"https:\/\/rdosprings.com\/fr\/politique-de-confidentialite\/\",\"url\":\"https:\/\/rdosprings.com\/fr\/politique-de-confidentialite\/\",\"name\":\"POLITIQUE DE CONFIDENTIALIT\u00c9 - RDO\",\"isPartOf\":{\"@id\":\"https:\/\/rdosprings.com\/fr\/#website\"},\"datePublished\":\"2020-07-21T13:54:37+00:00\",\"dateModified\":\"2020-07-21T13:54:37+00:00\",\"breadcrumb\":{\"@id\":\"https:\/\/rdosprings.com\/fr\/politique-de-confidentialite\/#breadcrumb\"},\"inLanguage\":\"fr-FR\",\"potentialAction\":[{\"@type\":\"ReadAction\",\"target\":[\"https:\/\/rdosprings.com\/fr\/politique-de-confidentialite\/\"]}]},{\"@type\":\"BreadcrumbList\",\"@id\":\"https:\/\/rdosprings.com\/fr\/politique-de-confidentialite\/#breadcrumb\",\"itemListElement\":[{\"@type\":\"ListItem\",\"position\":1,\"name\":\"Accueil\",\"item\":\"https:\/\/rdosprings.com\/fr\/\"},{\"@type\":\"ListItem\",\"position\":2,\"name\":\"POLITIQUE DE CONFIDENTIALIT\u00c9\"}]},{\"@type\":\"WebSite\",\"@id\":\"https:\/\/rdosprings.com\/fr\/#website\",\"url\":\"https:\/\/rdosprings.com\/fr\/\",\"name\":\"RDO\",\"description\":\"Fabrication de ressorts\",\"potentialAction\":[{\"@type\":\"SearchAction\",\"target\":{\"@type\":\"EntryPoint\",\"urlTemplate\":\"https:\/\/rdosprings.com\/fr\/?s={search_term_string}\"},\"query-input\":\"required name=search_term_string\"}],\"inLanguage\":\"fr-FR\"}]}<\/script>\n<!-- \/ Yoast SEO plugin. -->","yoast_head_json":{"title":"POLITIQUE DE CONFIDENTIALIT\u00c9 - RDO","robots":{"index":"index","follow":"follow","max-snippet":"max-snippet:-1","max-image-preview":"max-image-preview:large","max-video-preview":"max-video-preview:-1"},"canonical":"https:\/\/rdosprings.com\/fr\/politique-de-confidentialite\/","og_locale":"fr_FR","og_type":"article","og_title":"POLITIQUE DE CONFIDENTIALIT\u00c9 - RDO","og_description":"[vc_row el_class=\u00a0\u00bbpage-rgpd\u00a0\u00bb][vc_column][vc_row_inner][vc_column_inner][vc_column_text] Notre politique de confidentialit\u00e9 : RDOSPRINGS souhaite s\u2019engager en faveur de la protection de vos donn\u00e9es \u00e0 caract\u00e8re personnel et respecte la loi n\u00b0 78-17 du 6 janvier 1978 (\u00ab Loi relative \u00e0 l\u2019informatique, aux fichiers et aux libert\u00e9s \u00bb) et la r\u00e9glementation europ\u00e9enne en application depuis le 25 mai 2018 (\u00ab RGPD","og_url":"https:\/\/rdosprings.com\/fr\/politique-de-confidentialite\/","og_site_name":"RDO","twitter_card":"summary_large_image","twitter_misc":{"Dur\u00e9e de lecture estim\u00e9e":"2 minutes"},"schema":{"@context":"https:\/\/schema.org","@graph":[{"@type":"WebPage","@id":"https:\/\/rdosprings.com\/fr\/politique-de-confidentialite\/","url":"https:\/\/rdosprings.com\/fr\/politique-de-confidentialite\/","name":"POLITIQUE DE CONFIDENTIALIT\u00c9 - RDO","isPartOf":{"@id":"https:\/\/rdosprings.com\/fr\/#website"},"datePublished":"2020-07-21T13:54:37+00:00","dateModified":"2020-07-21T13:54:37+00:00","breadcrumb":{"@id":"https:\/\/rdosprings.com\/fr\/politique-de-confidentialite\/#breadcrumb"},"inLanguage":"fr-FR","potentialAction":[{"@type":"ReadAction","target":["https:\/\/rdosprings.com\/fr\/politique-de-confidentialite\/"]}]},{"@type":"BreadcrumbList","@id":"https:\/\/rdosprings.com\/fr\/politique-de-confidentialite\/#breadcrumb","itemListElement":[{"@type":"ListItem","position":1,"name":"Accueil","item":"https:\/\/rdosprings.com\/fr\/"},{"@type":"ListItem","position":2,"name":"POLITIQUE DE CONFIDENTIALIT\u00c9"}]},{"@type":"WebSite","@id":"https:\/\/rdosprings.com\/fr\/#website","url":"https:\/\/rdosprings.com\/fr\/","name":"RDO","description":"Fabrication de ressorts","potentialAction":[{"@type":"SearchAction","target":{"@type":"EntryPoint","urlTemplate":"https:\/\/rdosprings.com\/fr\/?s={search_term_string}"},"query-input":"required name=search_term_string"}],"inLanguage":"fr-FR"}]}},"_links":{"self":[{"href":"https:\/\/rdosprings.com\/fr\/wp-json\/wp\/v2\/pages\/1586"}],"collection":[{"href":"https:\/\/rdosprings.com\/fr\/wp-json\/wp\/v2\/pages"}],"about":[{"href":"https:\/\/rdosprings.com\/fr\/wp-json\/wp\/v2\/types\/page"}],"author":[{"embeddable":true,"href":"https:\/\/rdosprings.com\/fr\/wp-json\/wp\/v2\/users\/6"}],"replies":[{"embeddable":true,"href":"https:\/\/rdosprings.com\/fr\/wp-json\/wp\/v2\/comments?post=1586"}],"version-history":[{"count":1,"href":"https:\/\/rdosprings.com\/fr\/wp-json\/wp\/v2\/pages\/1586\/revisions"}],"predecessor-version":[{"id":1587,"href":"https:\/\/rdosprings.com\/fr\/wp-json\/wp\/v2\/pages\/1586\/revisions\/1587"}],"wp:attachment":[{"href":"https:\/\/rdosprings.com\/fr\/wp-json\/wp\/v2\/media?parent=1586"}],"curies":[{"name":"wp","href":"https:\/\/api.w.org\/{rel}","templated":true}]}}