{"id":2367,"date":"2022-02-22T15:25:09","date_gmt":"2022-02-22T15:25:09","guid":{"rendered":"https:\/\/rdosprings.com\/?page_id=2367"},"modified":"2022-02-22T15:25:09","modified_gmt":"2022-02-22T15:25:09","slug":"respect-rgpd","status":"publish","type":"page","link":"https:\/\/rdosprings.com\/fr\/respect-rgpd\/","title":{"rendered":"Respect RGPD"},"content":{"rendered":"<h2><\/h2>\n<h2><img loading=\"lazy\" decoding=\"async\" class=\"alignnone size-full wp-image-713\" src=\"https:\/\/rdosprings.com\/wp-content\/uploads\/2020\/04\/moyen-de-mesure.png\" alt=\"\" width=\"57\" height=\"57\" srcset=\"https:\/\/rdosprings.com\/wp-content\/uploads\/2020\/04\/moyen-de-mesure.png 108w, https:\/\/rdosprings.com\/wp-content\/uploads\/2020\/04\/moyen-de-mesure-79x79.png 79w\" sizes=\"(max-width: 57px) 100vw, 57px\" \/>Notre politique de confidentialit\u00e9 :<\/h2>\n<p>RDO SPRINGS souhaite s\u2019engager en faveur de la protection de vos donn\u00e9es \u00e0 caract\u00e8re personnel et respecte la loi n\u00b0 78-17 du 6 janvier 1978 (\u00ab Loi relative \u00e0 l\u2019informatique, aux fichiers et aux libert\u00e9s \u00bb) et la r\u00e9glementation europ\u00e9enne en application depuis le 25 mai 2018 (\u00ab RGPD \u2013 R\u00e8glement G\u00e9n\u00e9ral sur la Protection des Donn\u00e9es \u00bb). <a href=\"https:\/\/rdosprings.com\/fr\/politique-de-confidentialite\/\">En savoir plus<\/a><\/p>\n<h2><img loading=\"lazy\" decoding=\"async\" class=\"alignnone size-full wp-image-712\" src=\"https:\/\/rdosprings.com\/wp-content\/uploads\/2020\/04\/gestion-modifications.png\" alt=\"\" width=\"57\" height=\"57\" \/>Gestion des cookies :<\/h2>\n<p>Un cookie est un petit fichier texte d\u00e9pos\u00e9 sur votre terminal de navigation (ordinateur, tablette ou t\u00e9l\u00e9phone mobile) lors de la visite d\u2019un site ou lors de la consultation d\u2019une publicit\u00e9. Les cookies ne vous reconnaissent pas personnellement en tant qu\u2019individu, ils reconnaissent seulement l\u2019appareil que vous \u00eates en train d\u2019utiliser. <a href=\"https:\/\/rdosprings.com\/fr\/gestion-des-cookies\/\">En savoir plus<\/a><\/p>\n<h2><img loading=\"lazy\" decoding=\"async\" class=\"alignnone size-full wp-image-714\" src=\"https:\/\/rdosprings.com\/wp-content\/uploads\/2020\/04\/diversite-controles.png\" alt=\"\" width=\"57\" height=\"57\" \/>Demande de donn\u00e9es personnelles :<\/h2>\n<p>Lien vers le formulaire de demande <a href=\"https:\/\/rdosprings.com\/fr\/gdpr-rgpd-demande-de-donnees-personnelles\/\">ici<\/a><\/p>\n<p>&nbsp;<\/p>\n","protected":false},"excerpt":{"rendered":"<p>Notre politique de confidentialit\u00e9 : RDO SPRINGS souhaite s\u2019engager en faveur de la protection de vos donn\u00e9es \u00e0 caract\u00e8re personnel et respecte la loi n\u00b0 78-17 du 6 janvier 1978 (\u00ab Loi relative \u00e0 l\u2019informatique, aux fichiers et aux libert\u00e9s \u00bb) et la r\u00e9glementation europ\u00e9enne en application depuis le 25 mai 2018 (\u00ab RGPD \u2013<\/p>\n","protected":false},"author":3,"featured_media":2369,"parent":0,"menu_order":0,"comment_status":"closed","ping_status":"closed","template":"","meta":{"footnotes":""},"yoast_head":"<!-- This site is optimized with the Yoast SEO plugin v21.7 - https:\/\/yoast.com\/wordpress\/plugins\/seo\/ -->\n<title>Respect RGPD - RDO<\/title>\n<meta name=\"description\" content=\"RDO SPRINGS souhaite s\u2019engager en faveur de la protection de vos donn\u00e9es \u00e0 caract\u00e8re personnel et respecte la loi n\u00b0 78-17 du 6 janvier 1978 (\u00ab Loi relative \u00e0 l\u2019informatique, aux fichiers et aux libert\u00e9s \u00bb) et la r\u00e9glementation europ\u00e9enne en application depuis le 25 mai 2018 (\u00ab RGPD \u2013 R\u00e8glement G\u00e9n\u00e9ral sur la Protection des Donn\u00e9es \u00bb).\" \/>\n<meta name=\"robots\" content=\"index, follow, max-snippet:-1, max-image-preview:large, max-video-preview:-1\" \/>\n<link rel=\"canonical\" href=\"https:\/\/rdosprings.com\/fr\/respect-rgpd\/\" \/>\n<meta property=\"og:locale\" content=\"fr_FR\" \/>\n<meta property=\"og:type\" content=\"article\" \/>\n<meta property=\"og:title\" content=\"Respect RGPD - RDO\" \/>\n<meta property=\"og:description\" content=\"RDO SPRINGS souhaite s\u2019engager en faveur de la protection de vos donn\u00e9es \u00e0 caract\u00e8re personnel et respecte la loi n\u00b0 78-17 du 6 janvier 1978 (\u00ab Loi relative \u00e0 l\u2019informatique, aux fichiers et aux libert\u00e9s \u00bb) et la r\u00e9glementation europ\u00e9enne en application depuis le 25 mai 2018 (\u00ab RGPD \u2013 R\u00e8glement G\u00e9n\u00e9ral sur la Protection des Donn\u00e9es \u00bb).\" \/>\n<meta property=\"og:url\" content=\"https:\/\/rdosprings.com\/fr\/respect-rgpd\/\" \/>\n<meta property=\"og:site_name\" content=\"RDO\" \/>\n<meta property=\"og:image\" content=\"https:\/\/rdosprings.com\/wp-content\/uploads\/2021\/11\/rgpd.png\" \/>\n\t<meta property=\"og:image:width\" content=\"653\" \/>\n\t<meta property=\"og:image:height\" content=\"241\" \/>\n\t<meta property=\"og:image:type\" content=\"image\/png\" \/>\n<meta name=\"twitter:card\" content=\"summary_large_image\" \/>\n<meta name=\"twitter:label1\" content=\"Dur\u00e9e de lecture estim\u00e9e\" \/>\n\t<meta name=\"twitter:data1\" content=\"1 minute\" \/>\n<script type=\"application\/ld+json\" class=\"yoast-schema-graph\">{\"@context\":\"https:\/\/schema.org\",\"@graph\":[{\"@type\":\"WebPage\",\"@id\":\"https:\/\/rdosprings.com\/fr\/respect-rgpd\/\",\"url\":\"https:\/\/rdosprings.com\/fr\/respect-rgpd\/\",\"name\":\"Respect RGPD - RDO\",\"isPartOf\":{\"@id\":\"https:\/\/rdosprings.com\/fr\/#website\"},\"datePublished\":\"2022-02-22T15:25:09+00:00\",\"dateModified\":\"2022-02-22T15:25:09+00:00\",\"description\":\"RDO SPRINGS souhaite s\u2019engager en faveur de la protection de vos donn\u00e9es \u00e0 caract\u00e8re personnel et respecte la loi n\u00b0 78-17 du 6 janvier 1978 (\u00ab Loi relative \u00e0 l\u2019informatique, aux fichiers et aux libert\u00e9s \u00bb) et la r\u00e9glementation europ\u00e9enne en application depuis le 25 mai 2018 (\u00ab RGPD \u2013 R\u00e8glement G\u00e9n\u00e9ral sur la Protection des Donn\u00e9es \u00bb).\",\"breadcrumb\":{\"@id\":\"https:\/\/rdosprings.com\/fr\/respect-rgpd\/#breadcrumb\"},\"inLanguage\":\"fr-FR\",\"potentialAction\":[{\"@type\":\"ReadAction\",\"target\":[\"https:\/\/rdosprings.com\/fr\/respect-rgpd\/\"]}]},{\"@type\":\"BreadcrumbList\",\"@id\":\"https:\/\/rdosprings.com\/fr\/respect-rgpd\/#breadcrumb\",\"itemListElement\":[{\"@type\":\"ListItem\",\"position\":1,\"name\":\"Accueil\",\"item\":\"https:\/\/rdosprings.com\/fr\/\"},{\"@type\":\"ListItem\",\"position\":2,\"name\":\"Respect RGPD\"}]},{\"@type\":\"WebSite\",\"@id\":\"https:\/\/rdosprings.com\/fr\/#website\",\"url\":\"https:\/\/rdosprings.com\/fr\/\",\"name\":\"RDO\",\"description\":\"Fabrication de ressorts\",\"potentialAction\":[{\"@type\":\"SearchAction\",\"target\":{\"@type\":\"EntryPoint\",\"urlTemplate\":\"https:\/\/rdosprings.com\/fr\/?s={search_term_string}\"},\"query-input\":\"required name=search_term_string\"}],\"inLanguage\":\"fr-FR\"}]}<\/script>\n<!-- \/ Yoast SEO plugin. -->","yoast_head_json":{"title":"Respect RGPD - RDO","description":"RDO SPRINGS souhaite s\u2019engager en faveur de la protection de vos donn\u00e9es \u00e0 caract\u00e8re personnel et respecte la loi n\u00b0 78-17 du 6 janvier 1978 (\u00ab Loi relative \u00e0 l\u2019informatique, aux fichiers et aux libert\u00e9s \u00bb) et la r\u00e9glementation europ\u00e9enne en application depuis le 25 mai 2018 (\u00ab RGPD \u2013 R\u00e8glement G\u00e9n\u00e9ral sur la Protection des Donn\u00e9es \u00bb).","robots":{"index":"index","follow":"follow","max-snippet":"max-snippet:-1","max-image-preview":"max-image-preview:large","max-video-preview":"max-video-preview:-1"},"canonical":"https:\/\/rdosprings.com\/fr\/respect-rgpd\/","og_locale":"fr_FR","og_type":"article","og_title":"Respect RGPD - RDO","og_description":"RDO SPRINGS souhaite s\u2019engager en faveur de la protection de vos donn\u00e9es \u00e0 caract\u00e8re personnel et respecte la loi n\u00b0 78-17 du 6 janvier 1978 (\u00ab Loi relative \u00e0 l\u2019informatique, aux fichiers et aux libert\u00e9s \u00bb) et la r\u00e9glementation europ\u00e9enne en application depuis le 25 mai 2018 (\u00ab RGPD \u2013 R\u00e8glement G\u00e9n\u00e9ral sur la Protection des Donn\u00e9es \u00bb).","og_url":"https:\/\/rdosprings.com\/fr\/respect-rgpd\/","og_site_name":"RDO","og_image":[{"width":653,"height":241,"url":"https:\/\/rdosprings.com\/wp-content\/uploads\/2021\/11\/rgpd.png","type":"image\/png"}],"twitter_card":"summary_large_image","twitter_misc":{"Dur\u00e9e de lecture estim\u00e9e":"1 minute"},"schema":{"@context":"https:\/\/schema.org","@graph":[{"@type":"WebPage","@id":"https:\/\/rdosprings.com\/fr\/respect-rgpd\/","url":"https:\/\/rdosprings.com\/fr\/respect-rgpd\/","name":"Respect RGPD - RDO","isPartOf":{"@id":"https:\/\/rdosprings.com\/fr\/#website"},"datePublished":"2022-02-22T15:25:09+00:00","dateModified":"2022-02-22T15:25:09+00:00","description":"RDO SPRINGS souhaite s\u2019engager en faveur de la protection de vos donn\u00e9es \u00e0 caract\u00e8re personnel et respecte la loi n\u00b0 78-17 du 6 janvier 1978 (\u00ab Loi relative \u00e0 l\u2019informatique, aux fichiers et aux libert\u00e9s \u00bb) et la r\u00e9glementation europ\u00e9enne en application depuis le 25 mai 2018 (\u00ab RGPD \u2013 R\u00e8glement G\u00e9n\u00e9ral sur la Protection des Donn\u00e9es \u00bb).","breadcrumb":{"@id":"https:\/\/rdosprings.com\/fr\/respect-rgpd\/#breadcrumb"},"inLanguage":"fr-FR","potentialAction":[{"@type":"ReadAction","target":["https:\/\/rdosprings.com\/fr\/respect-rgpd\/"]}]},{"@type":"BreadcrumbList","@id":"https:\/\/rdosprings.com\/fr\/respect-rgpd\/#breadcrumb","itemListElement":[{"@type":"ListItem","position":1,"name":"Accueil","item":"https:\/\/rdosprings.com\/fr\/"},{"@type":"ListItem","position":2,"name":"Respect RGPD"}]},{"@type":"WebSite","@id":"https:\/\/rdosprings.com\/fr\/#website","url":"https:\/\/rdosprings.com\/fr\/","name":"RDO","description":"Fabrication de ressorts","potentialAction":[{"@type":"SearchAction","target":{"@type":"EntryPoint","urlTemplate":"https:\/\/rdosprings.com\/fr\/?s={search_term_string}"},"query-input":"required name=search_term_string"}],"inLanguage":"fr-FR"}]}},"_links":{"self":[{"href":"https:\/\/rdosprings.com\/fr\/wp-json\/wp\/v2\/pages\/2367"}],"collection":[{"href":"https:\/\/rdosprings.com\/fr\/wp-json\/wp\/v2\/pages"}],"about":[{"href":"https:\/\/rdosprings.com\/fr\/wp-json\/wp\/v2\/types\/page"}],"author":[{"embeddable":true,"href":"https:\/\/rdosprings.com\/fr\/wp-json\/wp\/v2\/users\/3"}],"replies":[{"embeddable":true,"href":"https:\/\/rdosprings.com\/fr\/wp-json\/wp\/v2\/comments?post=2367"}],"version-history":[{"count":1,"href":"https:\/\/rdosprings.com\/fr\/wp-json\/wp\/v2\/pages\/2367\/revisions"}],"predecessor-version":[{"id":2371,"href":"https:\/\/rdosprings.com\/fr\/wp-json\/wp\/v2\/pages\/2367\/revisions\/2371"}],"wp:featuredmedia":[{"embeddable":true,"href":"https:\/\/rdosprings.com\/fr\/wp-json\/wp\/v2\/media\/2369"}],"wp:attachment":[{"href":"https:\/\/rdosprings.com\/fr\/wp-json\/wp\/v2\/media?parent=2367"}],"curies":[{"name":"wp","href":"https:\/\/api.w.org\/{rel}","templated":true}]}}