{"id":394,"date":"2019-09-04T09:58:04","date_gmt":"2019-09-04T09:58:04","guid":{"rendered":"https:\/\/rdosprings.com\/?page_id=394"},"modified":"2021-12-27T09:58:08","modified_gmt":"2021-12-27T09:58:08","slug":"accueil","status":"publish","type":"page","link":"https:\/\/rdosprings.com\/fr\/","title":{"rendered":"ACCUEIL"},"content":{"rendered":"<div class=\"wpb-content-wrapper\"><p>[vc_row][vc_column][rev_slider_vc alias=\u00a0\u00bbaccueil-rdo\u00a0\u00bb][\/vc_column][\/vc_row][vc_row full_width=\u00a0\u00bbstretch_row_content\u00a0\u00bb el_class=\u00a0\u00bba-propos-accueil\u00a0\u00bb][vc_column el_class=\u00a0\u00bbafter-ressorts\u00a0\u00bb][vc_empty_space height=\u00a0\u00bb55px\u00a0\u00bb el_class=\u00a0\u00bbspacer-before-apropos-title\u00a0\u00bb][vc_column_text el_class=\u00a0\u00bbaccueil-titre\u00a0\u00bb]<\/p>\n<h2 style=\"text-align: center;\">A PROPOS<\/h2>\n<p>[\/vc_column_text][vc_empty_space height=\u00a0\u00bb70px\u00a0\u00bb el_class=\u00a0\u00bbspacer-after-apropos-title\u00a0\u00bb][vc_row_inner gap=\u00a0\u00bb20&Prime; el_class=\u00a0\u00bbblock-a-propos-accueil\u00a0\u00bb][vc_column_inner el_class=\u00a0\u00bbtext-apropos\u00a0\u00bb width=\u00a0\u00bb1\/2&Prime;][vc_column_text el_class=\u00a0\u00bbaccueil-text-a-propos\u00a0\u00bb]<\/p>\n<p style=\"text-align: right;\">Forte d&rsquo;une expertise et d&rsquo;un savoir faire reconnus, RDO Springs, l&rsquo;un des leaders fran\u00e7ais de la fabrication industrielle de ressorts, r\u00e9pond \u00e0 des probl\u00e9matiques complexes de conception et de r\u00e9alisation mais aussi de nettoyage, d&rsquo;assemblage et de conditionnement de pi\u00e8ces. Travaillant notamment pour l&rsquo;industrie pharmaceutique, notre soci\u00e9t\u00e9 place au coeur de ses pr\u00e9occupations l&rsquo;exigence de qualit\u00e9, de contr\u00f4le et de tra\u00e7abilit\u00e9.<\/p>\n<p style=\"text-align: right;\">Appr\u00e9ci\u00e9e pour la rigueur, la fiabilit\u00e9 et la ma\u00eetrise de ses processus de production, RDO Springs se distingue \u00e9galement par sa capacit\u00e9 d&rsquo;innovation qui lui a valu d&rsquo;\u00eatre reconnue entreprise innovante par OSEO.<\/p>\n<p style=\"text-align: right;\">Membre de la communaut\u00e9 BPI Excellence depuis 2010, RDO Springs est une soci\u00e9t\u00e9 moderne \u00e0 l&rsquo;organisation efficace et flexible qui sera d&rsquo;une grande r\u00e9activit\u00e9 pour r\u00e9pondre \u00e0 vos besoins.<\/p>\n<p>[\/vc_column_text][vc_column_text el_class=\u00a0\u00bbaccueil-a-propos-sous-texte\u00a0\u00bb]<\/p>\n<p style=\"text-align: right;\"><a href=\"\/?page_id=396\">En savoir plus <i class=\"fa fa-long-arrow-right\" aria-hidden=\"true\"><\/i><\/a><\/p>\n<p>[\/vc_column_text][\/vc_column_inner][vc_column_inner el_class=\u00a0\u00bbimg-apropos\u00a0\u00bb width=\u00a0\u00bb1\/2&Prime;][vc_single_image image=\u00a0\u00bb560&Prime; img_size=\u00a0\u00bbfull\u00a0\u00bb css_animation=\u00a0\u00bbbounceIn\u00a0\u00bb][\/vc_column_inner][\/vc_row_inner][vc_empty_space height=\u00a0\u00bb40px\u00a0\u00bb][\/vc_column][\/vc_row][vc_row el_class=\u00a0\u00bbnotre-savoir-faire-accueil accueil-home\u00a0\u00bb][vc_column][vc_empty_space height=\u00a0\u00bb55px\u00a0\u00bb][vc_separator color=\u00a0\u00bbcustom\u00a0\u00bb border_width=\u00a0\u00bb3&Prime; accent_color=\u00a0\u00bb#80176b\u00a0\u00bb][vc_empty_space height=\u00a0\u00bb55px\u00a0\u00bb][vc_column_text el_class=\u00a0\u00bbaccueil-titre notre-savoir-faire\u00a0\u00bb]<\/p>\n<h2 style=\"text-align: center;\">NOTRE SAVOIR-FAIRE<\/h2>\n<p>[\/vc_column_text][vc_empty_space height=\u00a0\u00bb70px\u00a0\u00bb][rev_slider_vc alias=\u00a0\u00bbvaleurs\u00a0\u00bb][vc_column_text el_class=\u00a0\u00bbaccueil-a-propos-sous-texte\u00a0\u00bb]<\/p>\n<p style=\"text-align: center;\"><a href=\"\/?page_id=522\">En savoir plus <i class=\"fa fa-long-arrow-right\" aria-hidden=\"true\"><\/i><\/a><\/p>\n<p>[\/vc_column_text][vc_empty_space height=\u00a0\u00bb55px\u00a0\u00bb el_class=\u00a0\u00bbspacer-after-savoirfaire\u00a0\u00bb][\/vc_column][\/vc_row][vc_row full_width=\u00a0\u00bbstretch_row_content_no_spaces\u00a0\u00bb el_class=\u00a0\u00bbnos-valeurs-accueil valeurs-filtres\u00a0\u00bb][vc_column][vc_column_text el_class=\u00a0\u00bbaccueil-titre\u00a0\u00bb]<\/p>\n<h2 style=\"text-align: center;\">NOS SECTEURS D&rsquo;ACTIVIT\u00c9<\/h2>\n<p>[\/vc_column_text][vc_empty_space height=\u00a0\u00bb80px\u00a0\u00bb el_class=\u00a0\u00bbspacer-nos-secteurs-activite\u00a0\u00bb]    \n    <div class=\"row_all_valeurs\">\n        <div class=\"row-valeurs\">\n                            <div class=\"one-valeur\">\n                    <!-- <a target=\"_blank\" href=\"\"> -->\n                        <div class=\"titre-valeur\">TEXTILE<\/div>\n                    <!-- <\/a> -->\n                <\/div>\n                            <div class=\"one-valeur\">\n                    <!-- <a target=\"_blank\" href=\"\"> -->\n                        <div class=\"titre-valeur\">AUTOMOBILE & AGRICOLE<\/div>\n                    <!-- <\/a> -->\n                <\/div>\n                            <div class=\"one-valeur\">\n                    <!-- <a target=\"_blank\" href=\"\"> -->\n                        <div class=\"titre-valeur\">PHARMACIE & M\u00c9DICAL<\/div>\n                    <!-- <\/a> -->\n                <\/div>\n                            <div class=\"one-valeur\">\n                    <!-- <a target=\"_blank\" href=\"\"> -->\n                        <div class=\"titre-valeur\">PARFUMERIE & COSM\u00c9TIQUE<\/div>\n                    <!-- <\/a> -->\n                <\/div>\n                            <div class=\"one-valeur\">\n                    <!-- <a target=\"_blank\" href=\"\"> -->\n                        <div class=\"titre-valeur\">A\u00c9RONAUTIQUE & SPATIAL<\/div>\n                    <!-- <\/a> -->\n                <\/div>\n                    <\/div>\n\n\n        <div class=\"row-imgvaleurs\">\n                            <div class=\"oneimg-valeur\">\n                    <div class=\"img-valeur img1-valeurs\">\n                        <img decoding=\"async\" src=\"https:\/\/rdosprings.com\/wp-content\/uploads\/2020\/06\/textile-photo2.png\"\/>\n                    <\/div>\n                    <div class=\"img-valeur img2-valeurs\">\n                        <img decoding=\"async\" src=\"https:\/\/rdosprings.com\/wp-content\/uploads\/2020\/06\/textile-photo1.png\"\/>\n                    <\/div>\n                <\/div>\n                \n                            <div class=\"oneimg-valeur\">\n                    <div class=\"img-valeur img1-valeurs\">\n                        <img decoding=\"async\" src=\"https:\/\/rdosprings.com\/wp-content\/uploads\/2020\/06\/agricole-tracteur.png\"\/>\n                    <\/div>\n                    <div class=\"img-valeur img2-valeurs\">\n                        <img decoding=\"async\" src=\"https:\/\/rdosprings.com\/wp-content\/uploads\/2020\/06\/agricole-tracteur2.png\"\/>\n                    <\/div>\n                <\/div>\n                \n                            <div class=\"oneimg-valeur\">\n                    <div class=\"img-valeur img1-valeurs\">\n                        <img decoding=\"async\" src=\"https:\/\/rdosprings.com\/wp-content\/uploads\/2020\/06\/pharmacie-medical-aerosol.png\"\/>\n                    <\/div>\n                    <div class=\"img-valeur img2-valeurs\">\n                        <img decoding=\"async\" src=\"https:\/\/rdosprings.com\/wp-content\/uploads\/2020\/06\/spray-nez.jpg\"\/>\n                    <\/div>\n                <\/div>\n                \n                            <div class=\"oneimg-valeur\">\n                    <div class=\"img-valeur img1-valeurs\">\n                        <img decoding=\"async\" src=\"https:\/\/rdosprings.com\/wp-content\/uploads\/2020\/06\/parfumerie-photo1.png\"\/>\n                    <\/div>\n                    <div class=\"img-valeur img2-valeurs\">\n                        <img decoding=\"async\" src=\"https:\/\/rdosprings.com\/wp-content\/uploads\/2020\/06\/parfumerie-photo2.png\"\/>\n                    <\/div>\n                <\/div>\n                \n                            <div class=\"oneimg-valeur\">\n                    <div class=\"img-valeur img1-valeurs\">\n                        <img decoding=\"async\" src=\"https:\/\/rdosprings.com\/wp-content\/uploads\/2020\/06\/rafale-images.jpg\"\/>\n                    <\/div>\n                    <div class=\"img-valeur img2-valeurs\">\n                        <img decoding=\"async\" src=\"https:\/\/rdosprings.com\/wp-content\/uploads\/2020\/06\/aero-spatial-photo1.png\"\/>\n                    <\/div>\n                <\/div>\n                \n                    <\/div>\n    <\/div>\n\n    [vc_empty_space height=\u00a0\u00bb40px\u00a0\u00bb el_class=\u00a0\u00bbspacer-after-nos-secteurs-activite\u00a0\u00bb][vc_column_text el_class=\u00a0\u00bbaccueil-titre\u00a0\u00bb]<\/p>\n<h2 style=\"text-align: center;\">NOS FORCES<\/h2>\n<p>[\/vc_column_text][vc_empty_space height=\u00a0\u00bb20px\u00a0\u00bb el_class=\u00a0\u00bbspacer-forces\u00a0\u00bb][vc_single_image image=\u00a0\u00bb581&Prime; img_size=\u00a0\u00bbfull\u00a0\u00bb alignment=\u00a0\u00bbright\u00a0\u00bb el_class=\u00a0\u00bblogo-bpi-france\u00a0\u00bb][vc_column_text el_class=\u00a0\u00bbsous-titre\u00a0\u00bb]<\/p>\n<p style=\"text-align: center;\">Innovation et am\u00e9lioration continue<\/p>\n<p>[\/vc_column_text][vc_empty_space height=\u00a0\u00bb40px\u00a0\u00bb el_class=\u00a0\u00bbspacer-after-forces\u00a0\u00bb][vc_row_inner][vc_column_inner][vc_column_text el_class=\u00a0\u00bbsous-titre\u00a0\u00bb]<\/p>\n<p style=\"text-align: center;\">Supervision automatis\u00e9e de production et nettoyage en salle blanche<\/p>\n<p>[\/vc_column_text][\/vc_column_inner][\/vc_row_inner][vc_empty_space height=\u00a0\u00bb80px\u00a0\u00bb][\/vc_column][\/vc_row][vc_row full_width=\u00a0\u00bbstretch_row_content_no_spaces\u00a0\u00bb css=\u00a0\u00bb.vc_custom_1603818554039{background-image: url(https:\/\/rdosprings.com\/wp-content\/uploads\/2019\/12\/background-certifications.png?id=458) !important;}\u00a0\u00bb el_class=\u00a0\u00bbbandeau-certifications\u00a0\u00bb][vc_column el_class=\u00a0\u00bbbandeau-certifications-left\u00a0\u00bb][vc_row_inner el_class=\u00a0\u00bbboxed-certif\u00a0\u00bb][vc_column_inner width=\u00a0\u00bb1\/2&Prime;][vc_column_text css_animation=\u00a0\u00bbbounceIn\u00a0\u00bb el_class=\u00a0\u00bbbandeau-certifications-title\u00a0\u00bb]<\/p>\n<h2>Certifications<\/h2>\n<p>[\/vc_column_text][vc_column_text el_class=\u00a0\u00bbbandeau-certifications-text\u00a0\u00bb]Forte d&rsquo;une expertise et d&rsquo;un savoir faire reconnus, RDO Springs, l&rsquo;un des leaders fran\u00e7ais de la fabrication industrielle de ressorts, r\u00e9pond \u00e0 des probl\u00e9matiques complexes de conception et r\u00e9alisation mais aussi de nettoyage, d&rsquo;assemblage et de conditionnement de pi\u00e8ces.[\/vc_column_text][\/vc_column_inner][vc_column_inner width=\u00a0\u00bb1\/2&Prime;][vc_column_text css_animation=\u00a0\u00bbbounceIn\u00a0\u00bb el_class=\u00a0\u00bbbandeau-certifications-certif\u00a0\u00bb]ISO 9001<br \/>\nEN 9100[\/vc_column_text][vc_btn title=\u00a0\u00bbEn savoir plus\u00a0\u00bb link=\u00a0\u00bburl:%2F%3Fpage_id%3D970|||\u00a0\u00bb el_class=\u00a0\u00bbbtn-contact-plaquette \u00ab\u00a0][\/vc_column_inner][\/vc_row_inner][\/vc_column][\/vc_row][vc_row el_class=\u00a0\u00bbnotre-savoir-faire-accueil actu actualites-home\u00a0\u00bb][vc_column][vc_column_text el_class=\u00a0\u00bbaccueil-titre\u00a0\u00bb]<\/p>\n<h2 style=\"text-align: center;\">Actualit\u00e9s<\/h2>\n<p>[\/vc_column_text][vc_empty_space]\n    <div class='bloc-actu'>\n        <div class=\"actu-rangee\">\n                            \n                <div class=\"item\">\n                    <div class=\"img-article\">\n                        <a target=\"_blank\" href=\"https:\/\/rdosprings.com\/fr\/rdo-springs-present-au-salon-eurosatory-du-17-au-21-juin-2024\/\">\n                                                <\/a>\n                    <\/div>\n                    <div class=\"content-actu\">\n                        <div class=\"title-article\">\n                            <a target=\"_blank\" href=\"https:\/\/rdosprings.com\/fr\/rdo-springs-present-au-salon-eurosatory-du-17-au-21-juin-2024\/\">\n                            RDO Springs pr\u00e9sent au salon EUROSATORY du 17 au 21 juin 2024                            <\/a>\n                        <\/div>\n                        <div class=\"actu-content\">\n                            <p>\n\n                                Il n\u2019y a pas de monde durable sans paix et sans s\u00e9curit\u00e9 Tous les deux ans, \u00e0 Paris,...<!--                                -->                            <\/p>\n                        <\/div>\n                        <div class=\"btn-article\">\n                                <a target=\"_blank\" href=\"https:\/\/rdosprings.com\/fr\/rdo-springs-present-au-salon-eurosatory-du-17-au-21-juin-2024\/\">En savoir plus <i class=\"fa fa-long-arrow-right\" aria-hidden=\"true\"><\/i><\/a>\n                                <\/div>\n                    <\/div>    \n                <\/div>\n\n                            \n                <div class=\"item\">\n                    <div class=\"img-article\">\n                        <a target=\"_blank\" href=\"https:\/\/rdosprings.com\/fr\/2739\/\">\n                        <img loading=\"lazy\" decoding=\"async\" width=\"2872\" height=\"1612\" src=\"https:\/\/rdosprings.com\/wp-content\/uploads\/2023\/12\/minia-rdo-tribo.png\" class=\"attachment-post-thumbnail size-post-thumbnail wp-post-image\" alt=\"\" srcset=\"https:\/\/rdosprings.com\/wp-content\/uploads\/2023\/12\/minia-rdo-tribo.png 2872w, https:\/\/rdosprings.com\/wp-content\/uploads\/2023\/12\/minia-rdo-tribo-300x168.png 300w, https:\/\/rdosprings.com\/wp-content\/uploads\/2023\/12\/minia-rdo-tribo-1024x575.png 1024w, https:\/\/rdosprings.com\/wp-content\/uploads\/2023\/12\/minia-rdo-tribo-768x431.png 768w, https:\/\/rdosprings.com\/wp-content\/uploads\/2023\/12\/minia-rdo-tribo-1536x862.png 1536w, https:\/\/rdosprings.com\/wp-content\/uploads\/2023\/12\/minia-rdo-tribo-2048x1150.png 2048w\" sizes=\"auto, (max-width: 2872px) 100vw, 2872px\" \/>                        <\/a>\n                    <\/div>\n                    <div class=\"content-actu\">\n                        <div class=\"title-article\">\n                            <a target=\"_blank\" href=\"https:\/\/rdosprings.com\/fr\/2739\/\">\n                            La nouvelle Tribofinition arrive chez RDO !                            <\/a>\n                        <\/div>\n                        <div class=\"actu-content\">\n                            <p>\n\n                                &nbsp; D\u00e9couvrez dans cette vid\u00e9o l&rsquo;installation et la mise en marche de la premi\u00e8re...<!--                                -->                            <\/p>\n                        <\/div>\n                        <div class=\"btn-article\">\n                                <a target=\"_blank\" href=\"https:\/\/rdosprings.com\/fr\/2739\/\">En savoir plus <i class=\"fa fa-long-arrow-right\" aria-hidden=\"true\"><\/i><\/a>\n                                <\/div>\n                    <\/div>    \n                <\/div>\n\n                            \n                <div class=\"item\">\n                    <div class=\"img-article\">\n                        <a target=\"_blank\" href=\"https:\/\/rdosprings.com\/fr\/les-nouveautes-2023-chez-rdo-springs\/\">\n                        <img loading=\"lazy\" decoding=\"async\" width=\"2870\" height=\"1602\" src=\"https:\/\/rdosprings.com\/wp-content\/uploads\/2023\/12\/minia-rdo-les-nouveaute\u0301s.png\" class=\"attachment-post-thumbnail size-post-thumbnail wp-post-image\" alt=\"\" srcset=\"https:\/\/rdosprings.com\/wp-content\/uploads\/2023\/12\/minia-rdo-les-nouveaute\u0301s.png 2870w, https:\/\/rdosprings.com\/wp-content\/uploads\/2023\/12\/minia-rdo-les-nouveaute\u0301s-300x167.png 300w, https:\/\/rdosprings.com\/wp-content\/uploads\/2023\/12\/minia-rdo-les-nouveaute\u0301s-1024x572.png 1024w, https:\/\/rdosprings.com\/wp-content\/uploads\/2023\/12\/minia-rdo-les-nouveaute\u0301s-768x429.png 768w, https:\/\/rdosprings.com\/wp-content\/uploads\/2023\/12\/minia-rdo-les-nouveaute\u0301s-1536x857.png 1536w, https:\/\/rdosprings.com\/wp-content\/uploads\/2023\/12\/minia-rdo-les-nouveaute\u0301s-2048x1143.png 2048w\" sizes=\"auto, (max-width: 2870px) 100vw, 2870px\" \/>                        <\/a>\n                    <\/div>\n                    <div class=\"content-actu\">\n                        <div class=\"title-article\">\n                            <a target=\"_blank\" href=\"https:\/\/rdosprings.com\/fr\/les-nouveautes-2023-chez-rdo-springs\/\">\n                            Les Nouveaut\u00e9s 2023 chez RDO Springs                            <\/a>\n                        <\/div>\n                        <div class=\"actu-content\">\n                            <p>\n\n                                D\u00e9couvrez toutes les nouveaut\u00e9s des derniers mois chez RDO dans cette vid\u00e9o : Nous...<!--                                -->                            <\/p>\n                        <\/div>\n                        <div class=\"btn-article\">\n                                <a target=\"_blank\" href=\"https:\/\/rdosprings.com\/fr\/les-nouveautes-2023-chez-rdo-springs\/\">En savoir plus <i class=\"fa fa-long-arrow-right\" aria-hidden=\"true\"><\/i><\/a>\n                                <\/div>\n                    <\/div>    \n                <\/div>\n\n                    <\/div>\n    <\/div>\n\n\n\n    [vc_column_text el_class=\u00a0\u00bbaccueil-a-propos-sous-texte actu\u00a0\u00bb]<\/p>\n<p style=\"text-align: center;\"><a href=\"\/?page_id=405\">Voir toutes les actualit\u00e9s<i class=\"fa fa-long-arrow-right\" aria-hidden=\"true\"><\/i><\/a><\/p>\n<p>[\/vc_column_text][vc_empty_space height=\u00a0\u00bb55px\u00a0\u00bb][\/vc_column][\/vc_row][vc_row full_width=\u00a0\u00bbstretch_row_content_no_spaces\u00a0\u00bb css=\u00a0\u00bb.vc_custom_1585753054901{background-image: url(https:\/\/rdosprings.com\/wp-content\/uploads\/2020\/04\/fond-coordonn\u00e9es.png?id=533) !important;background-position: center !important;background-repeat: no-repeat !important;background-size: cover !important;}\u00a0\u00bb el_class=\u00a0\u00bbcoordonnees-home\u00a0\u00bb][vc_column][vc_row_inner][vc_column_inner width=\u00a0\u00bb1\/2&Prime;][vc_single_image image=\u00a0\u00bb534&Prime; img_size=\u00a0\u00bbfull\u00a0\u00bb alignment=\u00a0\u00bbcenter\u00a0\u00bb css_animation=\u00a0\u00bbbounceIn\u00a0\u00bb][\/vc_column_inner][vc_column_inner width=\u00a0\u00bb1\/2&Prime;][vc_column_text el_class=\u00a0\u00bbtexte-coordonnes1&Prime;]RDO Springs<br \/>\n10 RUE BENJAMIN DELESSERT<br \/>\n60510 BRESLES[\/vc_column_text][vc_column_text el_class=\u00a0\u00bbtexte-coordonnes2&Prime;]<\/p>\n<p style=\"text-align: left;\">contact@rdosprings.com<br \/>\nwww.rdosprings.com<\/p>\n<p>[\/vc_column_text][\/vc_column_inner][\/vc_row_inner][\/vc_column][\/vc_row]<\/p>\n<\/div>","protected":false},"excerpt":{"rendered":"<p>[vc_row][vc_column][rev_slider_vc alias=\u00a0\u00bbaccueil-rdo\u00a0\u00bb][\/vc_column][\/vc_row][vc_row full_width=\u00a0\u00bbstretch_row_content\u00a0\u00bb el_class=\u00a0\u00bba-propos-accueil\u00a0\u00bb][vc_column el_class=\u00a0\u00bbafter-ressorts\u00a0\u00bb][vc_empty_space height=\u00a0\u00bb55px\u00a0\u00bb el_class=\u00a0\u00bbspacer-before-apropos-title\u00a0\u00bb][vc_column_text el_class=\u00a0\u00bbaccueil-titre\u00a0\u00bb] A PROPOS [\/vc_column_text][vc_empty_space height=\u00a0\u00bb70px\u00a0\u00bb el_class=\u00a0\u00bbspacer-after-apropos-title\u00a0\u00bb][vc_row_inner gap=\u00a0\u00bb20&Prime; el_class=\u00a0\u00bbblock-a-propos-accueil\u00a0\u00bb][vc_column_inner el_class=\u00a0\u00bbtext-apropos\u00a0\u00bb width=\u00a0\u00bb1\/2&Prime;][vc_column_text el_class=\u00a0\u00bbaccueil-text-a-propos\u00a0\u00bb] Forte d&rsquo;une expertise et d&rsquo;un savoir faire reconnus, RDO Springs, l&rsquo;un des leaders fran\u00e7ais de la fabrication industrielle de ressorts, r\u00e9pond \u00e0 des probl\u00e9matiques complexes de conception et de r\u00e9alisation mais aussi de nettoyage, d&rsquo;assemblage et de<\/p>\n","protected":false},"author":6,"featured_media":0,"parent":0,"menu_order":0,"comment_status":"closed","ping_status":"closed","template":"","meta":{"footnotes":""},"class_list":["post-394","page","type-page","status-publish","hentry"],"yoast_head":"<!-- This site is optimized with the Yoast SEO plugin v27.5 - https:\/\/yoast.com\/product\/yoast-seo-wordpress\/ -->\n<title>Sp\u00e9cialiste Fran\u00e7ais du ressort | RDO Springs<\/title>\n<meta name=\"description\" content=\"Nos \u00e9quipements modernes et nos techniciens form\u00e9s r\u00e9pondent \u00e0 vos besoins, dans toutes les formes de ressorts: compression, traction, torsion\u2026\" \/>\n<meta name=\"robots\" content=\"index, follow, max-snippet:-1, max-image-preview:large, max-video-preview:-1\" \/>\n<link rel=\"canonical\" href=\"https:\/\/rdosprings.com\/fr\/\" \/>\n<meta property=\"og:locale\" content=\"fr_FR\" \/>\n<meta property=\"og:type\" content=\"article\" \/>\n<meta property=\"og:title\" content=\"Sp\u00e9cialiste Fran\u00e7ais du ressort | RDO Springs\" \/>\n<meta property=\"og:description\" content=\"Nos \u00e9quipements modernes et nos techniciens form\u00e9s r\u00e9pondent \u00e0 vos besoins, dans toutes les formes de ressorts: compression, traction, torsion\u2026\" \/>\n<meta property=\"og:url\" content=\"https:\/\/rdosprings.com\/fr\/\" \/>\n<meta property=\"og:site_name\" content=\"RDO\" \/>\n<meta property=\"article:modified_time\" content=\"2021-12-27T09:58:08+00:00\" \/>\n<meta name=\"twitter:card\" content=\"summary_large_image\" \/>\n<meta name=\"twitter:label1\" content=\"Dur\u00e9e de lecture estim\u00e9e\" \/>\n\t<meta name=\"twitter:data1\" content=\"4 minutes\" \/>\n<script type=\"application\/ld+json\" class=\"yoast-schema-graph\">{\"@context\":\"https:\\\/\\\/schema.org\",\"@graph\":[{\"@type\":\"WebPage\",\"@id\":\"https:\\\/\\\/rdosprings.com\\\/fr\\\/\",\"url\":\"https:\\\/\\\/rdosprings.com\\\/fr\\\/\",\"name\":\"Sp\u00e9cialiste Fran\u00e7ais du ressort | RDO Springs\",\"isPartOf\":{\"@id\":\"https:\\\/\\\/rdosprings.com\\\/fr\\\/#website\"},\"datePublished\":\"2019-09-04T09:58:04+00:00\",\"dateModified\":\"2021-12-27T09:58:08+00:00\",\"description\":\"Nos \u00e9quipements modernes et nos techniciens form\u00e9s r\u00e9pondent \u00e0 vos besoins, dans toutes les formes de ressorts: compression, traction, torsion\u2026\",\"breadcrumb\":{\"@id\":\"https:\\\/\\\/rdosprings.com\\\/fr\\\/#breadcrumb\"},\"inLanguage\":\"fr-FR\",\"potentialAction\":[{\"@type\":\"ReadAction\",\"target\":[\"https:\\\/\\\/rdosprings.com\\\/fr\\\/\"]}]},{\"@type\":\"BreadcrumbList\",\"@id\":\"https:\\\/\\\/rdosprings.com\\\/fr\\\/#breadcrumb\",\"itemListElement\":[{\"@type\":\"ListItem\",\"position\":1,\"name\":\"Accueil\",\"item\":\"https:\\\/\\\/rdosprings.com\\\/fr\\\/\"},{\"@type\":\"ListItem\",\"position\":2,\"name\":\"ACCUEIL\"}]},{\"@type\":\"WebSite\",\"@id\":\"https:\\\/\\\/rdosprings.com\\\/fr\\\/#website\",\"url\":\"https:\\\/\\\/rdosprings.com\\\/fr\\\/\",\"name\":\"RDO\",\"description\":\"Fabrication de ressorts\",\"potentialAction\":[{\"@type\":\"SearchAction\",\"target\":{\"@type\":\"EntryPoint\",\"urlTemplate\":\"https:\\\/\\\/rdosprings.com\\\/fr\\\/?s={search_term_string}\"},\"query-input\":{\"@type\":\"PropertyValueSpecification\",\"valueRequired\":true,\"valueName\":\"search_term_string\"}}],\"inLanguage\":\"fr-FR\"}]}<\/script>\n<!-- \/ Yoast SEO plugin. -->","yoast_head_json":{"title":"Sp\u00e9cialiste Fran\u00e7ais du ressort | RDO Springs","description":"Nos \u00e9quipements modernes et nos techniciens form\u00e9s r\u00e9pondent \u00e0 vos besoins, dans toutes les formes de ressorts: compression, traction, torsion\u2026","robots":{"index":"index","follow":"follow","max-snippet":"max-snippet:-1","max-image-preview":"max-image-preview:large","max-video-preview":"max-video-preview:-1"},"canonical":"https:\/\/rdosprings.com\/fr\/","og_locale":"fr_FR","og_type":"article","og_title":"Sp\u00e9cialiste Fran\u00e7ais du ressort | RDO Springs","og_description":"Nos \u00e9quipements modernes et nos techniciens form\u00e9s r\u00e9pondent \u00e0 vos besoins, dans toutes les formes de ressorts: compression, traction, torsion\u2026","og_url":"https:\/\/rdosprings.com\/fr\/","og_site_name":"RDO","article_modified_time":"2021-12-27T09:58:08+00:00","twitter_card":"summary_large_image","twitter_misc":{"Dur\u00e9e de lecture estim\u00e9e":"4 minutes"},"schema":{"@context":"https:\/\/schema.org","@graph":[{"@type":"WebPage","@id":"https:\/\/rdosprings.com\/fr\/","url":"https:\/\/rdosprings.com\/fr\/","name":"Sp\u00e9cialiste Fran\u00e7ais du ressort | RDO Springs","isPartOf":{"@id":"https:\/\/rdosprings.com\/fr\/#website"},"datePublished":"2019-09-04T09:58:04+00:00","dateModified":"2021-12-27T09:58:08+00:00","description":"Nos \u00e9quipements modernes et nos techniciens form\u00e9s r\u00e9pondent \u00e0 vos besoins, dans toutes les formes de ressorts: compression, traction, torsion\u2026","breadcrumb":{"@id":"https:\/\/rdosprings.com\/fr\/#breadcrumb"},"inLanguage":"fr-FR","potentialAction":[{"@type":"ReadAction","target":["https:\/\/rdosprings.com\/fr\/"]}]},{"@type":"BreadcrumbList","@id":"https:\/\/rdosprings.com\/fr\/#breadcrumb","itemListElement":[{"@type":"ListItem","position":1,"name":"Accueil","item":"https:\/\/rdosprings.com\/fr\/"},{"@type":"ListItem","position":2,"name":"ACCUEIL"}]},{"@type":"WebSite","@id":"https:\/\/rdosprings.com\/fr\/#website","url":"https:\/\/rdosprings.com\/fr\/","name":"RDO","description":"Fabrication de ressorts","potentialAction":[{"@type":"SearchAction","target":{"@type":"EntryPoint","urlTemplate":"https:\/\/rdosprings.com\/fr\/?s={search_term_string}"},"query-input":{"@type":"PropertyValueSpecification","valueRequired":true,"valueName":"search_term_string"}}],"inLanguage":"fr-FR"}]}},"_links":{"self":[{"href":"https:\/\/rdosprings.com\/fr\/wp-json\/wp\/v2\/pages\/394","targetHints":{"allow":["GET"]}}],"collection":[{"href":"https:\/\/rdosprings.com\/fr\/wp-json\/wp\/v2\/pages"}],"about":[{"href":"https:\/\/rdosprings.com\/fr\/wp-json\/wp\/v2\/types\/page"}],"author":[{"embeddable":true,"href":"https:\/\/rdosprings.com\/fr\/wp-json\/wp\/v2\/users\/6"}],"replies":[{"embeddable":true,"href":"https:\/\/rdosprings.com\/fr\/wp-json\/wp\/v2\/comments?post=394"}],"version-history":[{"count":145,"href":"https:\/\/rdosprings.com\/fr\/wp-json\/wp\/v2\/pages\/394\/revisions"}],"predecessor-version":[{"id":2385,"href":"https:\/\/rdosprings.com\/fr\/wp-json\/wp\/v2\/pages\/394\/revisions\/2385"}],"wp:attachment":[{"href":"https:\/\/rdosprings.com\/fr\/wp-json\/wp\/v2\/media?parent=394"}],"curies":[{"name":"wp","href":"https:\/\/api.w.org\/{rel}","templated":true}]}}