{"id":401,"date":"2019-09-04T09:59:13","date_gmt":"2019-09-04T09:59:13","guid":{"rendered":"https:\/\/rdosprings.com\/?page_id=401"},"modified":"2020-10-20T14:30:13","modified_gmt":"2020-10-20T14:30:13","slug":"nos-valeurs","status":"publish","type":"page","link":"https:\/\/rdosprings.com\/fr\/nos-valeurs\/","title":{"rendered":"NOS VALEURS"},"content":{"rendered":"<div class=\"wpb-content-wrapper\"><p>[vc_row][vc_column][vc_column_text el_class=\u00a0\u00bba-propos-titre\u00a0\u00bb]<\/p>\n<h2 style=\"text-align: center;\">NOS VALEURS<\/h2>\n<p>[\/vc_column_text][vc_empty_space height=\u00a0\u00bb70px\u00a0\u00bb][\/vc_column][\/vc_row][vc_row full_width=\u00a0\u00bbstretch_row_content_no_spaces\u00a0\u00bb][vc_column][vc_row_inner el_class=\u00a0\u00bbnos-valeurs\u00a0\u00bb][vc_column_inner el_class=\u00a0\u00bbvaleurs-liste\u00a0\u00bb]    \n    <div class=\"row_all_valeurs\">\n        <div class=\"row-valeurs\">\n                            <div class=\"one-valeur\">\n                    <!-- <a target=\"_blank\" href=\"\"> -->\n                        <div class=\"titre-valeur\">TEXTILE<\/div>\n                    <!-- <\/a> -->\n                <\/div>\n                            <div class=\"one-valeur\">\n                    <!-- <a target=\"_blank\" href=\"\"> -->\n                        <div class=\"titre-valeur\">AUTOMOBILE & AGRICOLE<\/div>\n                    <!-- <\/a> -->\n                <\/div>\n                            <div class=\"one-valeur\">\n                    <!-- <a target=\"_blank\" href=\"\"> -->\n                        <div class=\"titre-valeur\">PHARMACIE & M\u00c9DICAL<\/div>\n                    <!-- <\/a> -->\n                <\/div>\n                            <div class=\"one-valeur\">\n                    <!-- <a target=\"_blank\" href=\"\"> -->\n                        <div class=\"titre-valeur\">PARFUMERIE & COSM\u00c9TIQUE<\/div>\n                    <!-- <\/a> -->\n                <\/div>\n                            <div class=\"one-valeur\">\n                    <!-- <a target=\"_blank\" href=\"\"> -->\n                        <div class=\"titre-valeur\">A\u00c9RONAUTIQUE & SPATIAL<\/div>\n                    <!-- <\/a> -->\n                <\/div>\n                    <\/div>\n\n\n        <div class=\"row-imgvaleurs\">\n                            <div class=\"oneimg-valeur\">\n                    <div class=\"img-valeur img1-valeurs\">\n                        <img decoding=\"async\" src=\"https:\/\/rdosprings.com\/wp-content\/uploads\/2020\/06\/textile-photo2.png\"\/>\n                    <\/div>\n                    <div class=\"img-valeur img2-valeurs\">\n                        <img decoding=\"async\" src=\"https:\/\/rdosprings.com\/wp-content\/uploads\/2020\/06\/textile-photo1.png\"\/>\n                    <\/div>\n                <\/div>\n                \n                            <div class=\"oneimg-valeur\">\n                    <div class=\"img-valeur img1-valeurs\">\n                        <img decoding=\"async\" src=\"https:\/\/rdosprings.com\/wp-content\/uploads\/2020\/06\/agricole-tracteur.png\"\/>\n                    <\/div>\n                    <div class=\"img-valeur img2-valeurs\">\n                        <img decoding=\"async\" src=\"https:\/\/rdosprings.com\/wp-content\/uploads\/2020\/06\/agricole-tracteur2.png\"\/>\n                    <\/div>\n                <\/div>\n                \n                            <div class=\"oneimg-valeur\">\n                    <div class=\"img-valeur img1-valeurs\">\n                        <img decoding=\"async\" src=\"https:\/\/rdosprings.com\/wp-content\/uploads\/2020\/06\/pharmacie-medical-aerosol.png\"\/>\n                    <\/div>\n                    <div class=\"img-valeur img2-valeurs\">\n                        <img decoding=\"async\" src=\"https:\/\/rdosprings.com\/wp-content\/uploads\/2020\/06\/spray-nez.jpg\"\/>\n                    <\/div>\n                <\/div>\n                \n                            <div class=\"oneimg-valeur\">\n                    <div class=\"img-valeur img1-valeurs\">\n                        <img decoding=\"async\" src=\"https:\/\/rdosprings.com\/wp-content\/uploads\/2020\/06\/parfumerie-photo1.png\"\/>\n                    <\/div>\n                    <div class=\"img-valeur img2-valeurs\">\n                        <img decoding=\"async\" src=\"https:\/\/rdosprings.com\/wp-content\/uploads\/2020\/06\/parfumerie-photo2.png\"\/>\n                    <\/div>\n                <\/div>\n                \n                            <div class=\"oneimg-valeur\">\n                    <div class=\"img-valeur img1-valeurs\">\n                        <img decoding=\"async\" src=\"https:\/\/rdosprings.com\/wp-content\/uploads\/2020\/06\/rafale-images.jpg\"\/>\n                    <\/div>\n                    <div class=\"img-valeur img2-valeurs\">\n                        <img decoding=\"async\" src=\"https:\/\/rdosprings.com\/wp-content\/uploads\/2020\/06\/aero-spatial-photo1.png\"\/>\n                    <\/div>\n                <\/div>\n                \n                    <\/div>\n    <\/div>\n\n    [\/vc_column_inner][\/vc_row_inner][\/vc_column][\/vc_row][vc_row el_class=\u00a0\u00bbbloc-amelioration-continue\u00a0\u00bb][vc_column][vc_empty_space height=\u00a0\u00bb170px\u00a0\u00bb][vc_column_text el_class=\u00a0\u00bba-propos-titre\u00a0\u00bb]<\/p>\n<h2 style=\"text-align: center;\">AM\u00c9LIORATION CONTINUE<\/h2>\n<p>[\/vc_column_text][vc_column_text el_class=\u00a0\u00bba-propos-sous-titre\u00a0\u00bb][\/vc_column_text][vc_empty_space height=\u00a0\u00bb70px\u00a0\u00bb][\/vc_column][\/vc_row][vc_row][vc_column][vc_row_inner][vc_column_inner width=\u00a0\u00bb1\/2&Prime;][vc_column_text el_class=\u00a0\u00bbtexte-classique sous-titre\u00a0\u00bb]D\u00e9marche qualit\u00e9<br \/>\n<strong>Respect des exigences r\u00e9glementaires<\/strong>[\/vc_column_text][vc_column_text el_class=\u00a0\u00bbtexte-classique purple\u00a0\u00bb]&#8230;li\u00e9es aux r\u00e9f\u00e9rentiels ISO 9001,<br \/>\nEN 9100 de l\u2019a\u00e9ronautique<br \/>\net des BPF pour l\u2019industrie<br \/>\npharmaceutique[\/vc_column_text][\/vc_column_inner][vc_column_inner width=\u00a0\u00bb1\/2&Prime;][vc_single_image image=\u00a0\u00bb707&Prime; img_size=\u00a0\u00bbfull\u00a0\u00bb alignment=\u00a0\u00bbcenter\u00a0\u00bb][\/vc_column_inner][\/vc_row_inner][\/vc_column][\/vc_row][vc_row el_class=\u00a0\u00bbressort-bas-droite-after\u00a0\u00bb][vc_column][vc_column_text el_class=\u00a0\u00bbtexte-classique sous-titre center\u00a0\u00bb]Contr\u00f4le tra\u00e7abilit\u00e9<br \/>\n<strong>identification par code \u00e0 barre<br \/>\nsur sachets et cartons<\/strong>[\/vc_column_text][vc_empty_space height=\u00a0\u00bb45px\u00a0\u00bb][vc_row_inner][vc_column_inner width=\u00a0\u00bb1\/4&Prime;][vc_single_image image=\u00a0\u00bb711&Prime; img_size=\u00a0\u00bbfull\u00a0\u00bb alignment=\u00a0\u00bbcenter\u00a0\u00bb][vc_column_text el_class=\u00a0\u00bbtexte-classique\u00a0\u00bb]Maitrise totale de nos processus de production[\/vc_column_text][\/vc_column_inner][vc_column_inner width=\u00a0\u00bb1\/4&Prime;][vc_single_image image=\u00a0\u00bb712&Prime; img_size=\u00a0\u00bbfull\u00a0\u00bb alignment=\u00a0\u00bbcenter\u00a0\u00bb][vc_column_text el_class=\u00a0\u00bbtexte-classique\u00a0\u00bb]Gestion des modifications[\/vc_column_text][\/vc_column_inner][vc_column_inner width=\u00a0\u00bb1\/4&Prime;][vc_single_image image=\u00a0\u00bb713&Prime; img_size=\u00a0\u00bbfull\u00a0\u00bb alignment=\u00a0\u00bbcenter\u00a0\u00bb][vc_column_text el_class=\u00a0\u00bbtexte-classique\u00a0\u00bb]Pr\u00e9cision des moyens de mesure[\/vc_column_text][\/vc_column_inner][vc_column_inner width=\u00a0\u00bb1\/4&Prime;][vc_single_image image=\u00a0\u00bb714&Prime; img_size=\u00a0\u00bbfull\u00a0\u00bb alignment=\u00a0\u00bbcenter\u00a0\u00bb][vc_column_text el_class=\u00a0\u00bbtexte-classique\u00a0\u00bb]Diversit\u00e9 des contr\u00f4les[\/vc_column_text][\/vc_column_inner][\/vc_row_inner][vc_column_text el_class=\u00a0\u00bbaccueil-a-propos-sous-texte\u00a0\u00bb]<\/p>\n<p style=\"text-align: center;\"><a href=\"\/?page_id=653\">En savoir plus <i class=\"fa fa-long-arrow-right\" aria-hidden=\"true\"><\/i><\/a><\/p>\n<p>[\/vc_column_text][\/vc_column][\/vc_row][vc_row full_width=\u00a0\u00bbstretch_row_content_no_spaces\u00a0\u00bb el_class=\u00a0\u00bbcoordonnees-home\u00a0\u00bb css=\u00a0\u00bb.vc_custom_1586160041817{background-image: url(https:\/\/rdosprings.com\/wp-content\/uploads\/2020\/04\/fond-coordonn\u00e9es.png?id=533) !important;background-position: center !important;background-repeat: no-repeat !important;background-size: cover !important;}\u00a0\u00bb][vc_column][vc_row_inner][vc_column_inner width=\u00a0\u00bb1\/2&Prime;][vc_single_image image=\u00a0\u00bb534&Prime; img_size=\u00a0\u00bbfull\u00a0\u00bb alignment=\u00a0\u00bbcenter\u00a0\u00bb][\/vc_column_inner][vc_column_inner width=\u00a0\u00bb1\/2&Prime;][vc_column_text el_class=\u00a0\u00bbtexte-coordonnes1&Prime;]RDO Springs<br \/>\nRUE BENJAMIN DELESSERT<br \/>\n60510 BRESLES[\/vc_column_text][vc_column_text el_class=\u00a0\u00bbtexte-coordonnes2&Prime;]contact@rdosprings.com<br \/>\nwww.rdosprings.com[\/vc_column_text][\/vc_column_inner][\/vc_row_inner][\/vc_column][\/vc_row]<\/p>\n<\/div>","protected":false},"excerpt":{"rendered":"<p>[vc_row][vc_column][vc_column_text el_class=\u00a0\u00bba-propos-titre\u00a0\u00bb] NOS VALEURS [\/vc_column_text][vc_empty_space height=\u00a0\u00bb70px\u00a0\u00bb][\/vc_column][\/vc_row][vc_row full_width=\u00a0\u00bbstretch_row_content_no_spaces\u00a0\u00bb][vc_column][vc_row_inner el_class=\u00a0\u00bbnos-valeurs\u00a0\u00bb][vc_column_inner el_class=\u00a0\u00bbvaleurs-liste\u00a0\u00bb][\/vc_column_inner][\/vc_row_inner][\/vc_column][\/vc_row][vc_row el_class=\u00a0\u00bbbloc-amelioration-continue\u00a0\u00bb][vc_column][vc_empty_space height=\u00a0\u00bb170px\u00a0\u00bb][vc_column_text el_class=\u00a0\u00bba-propos-titre\u00a0\u00bb] AM\u00c9LIORATION CONTINUE [\/vc_column_text][vc_column_text el_class=\u00a0\u00bba-propos-sous-titre\u00a0\u00bb][\/vc_column_text][vc_empty_space height=\u00a0\u00bb70px\u00a0\u00bb][\/vc_column][\/vc_row][vc_row][vc_column][vc_row_inner][vc_column_inner width=\u00a0\u00bb1\/2&Prime;][vc_column_text el_class=\u00a0\u00bbtexte-classique sous-titre\u00a0\u00bb]D\u00e9marche qualit\u00e9 Respect des exigences r\u00e9glementaires[\/vc_column_text][vc_column_text el_class=\u00a0\u00bbtexte-classique purple\u00a0\u00bb]&#8230;li\u00e9es aux r\u00e9f\u00e9rentiels ISO 9001, EN 9100 de l\u2019a\u00e9ronautique et des BPF pour l\u2019industrie pharmaceutique[\/vc_column_text][\/vc_column_inner][vc_column_inner width=\u00a0\u00bb1\/2&Prime;][vc_single_image image=\u00a0\u00bb707&Prime; img_size=\u00a0\u00bbfull\u00a0\u00bb alignment=\u00a0\u00bbcenter\u00a0\u00bb][\/vc_column_inner][\/vc_row_inner][\/vc_column][\/vc_row][vc_row el_class=\u00a0\u00bbressort-bas-droite-after\u00a0\u00bb][vc_column][vc_column_text el_class=\u00a0\u00bbtexte-classique sous-titre center\u00a0\u00bb]Contr\u00f4le tra\u00e7abilit\u00e9 identification par code \u00e0 barre<\/p>\n","protected":false},"author":6,"featured_media":0,"parent":0,"menu_order":0,"comment_status":"closed","ping_status":"closed","template":"","meta":{"footnotes":""},"class_list":["post-401","page","type-page","status-publish","hentry"],"yoast_head":"<!-- This site is optimized with the Yoast SEO plugin v27.5 - https:\/\/yoast.com\/product\/yoast-seo-wordpress\/ -->\n<title>Nos valeurs | RDO Springs sp\u00e9cialiste Fran\u00e7ais du ressort<\/title>\n<meta name=\"description\" content=\"La qualit\u00e9, l&#039;excellence et le respect sont nos valeurs communes. Elles nous permettent d&#039;\u00eatre un v\u00e9ritable partenaire de confiance pour nos clients.\" \/>\n<meta name=\"robots\" content=\"index, follow, max-snippet:-1, max-image-preview:large, max-video-preview:-1\" \/>\n<link rel=\"canonical\" href=\"https:\/\/rdosprings.com\/fr\/nos-valeurs\/\" \/>\n<meta property=\"og:locale\" content=\"fr_FR\" \/>\n<meta property=\"og:type\" content=\"article\" \/>\n<meta property=\"og:title\" content=\"Nos valeurs | RDO Springs sp\u00e9cialiste Fran\u00e7ais du ressort\" \/>\n<meta property=\"og:description\" content=\"La qualit\u00e9, l&#039;excellence et le respect sont nos valeurs communes. Elles nous permettent d&#039;\u00eatre un v\u00e9ritable partenaire de confiance pour nos clients.\" \/>\n<meta property=\"og:url\" content=\"https:\/\/rdosprings.com\/fr\/nos-valeurs\/\" \/>\n<meta property=\"og:site_name\" content=\"RDO\" \/>\n<meta property=\"article:modified_time\" content=\"2020-10-20T14:30:13+00:00\" \/>\n<meta name=\"twitter:card\" content=\"summary_large_image\" \/>\n<meta name=\"twitter:label1\" content=\"Dur\u00e9e de lecture estim\u00e9e\" \/>\n\t<meta name=\"twitter:data1\" content=\"3 minutes\" \/>\n<script type=\"application\/ld+json\" class=\"yoast-schema-graph\">{\"@context\":\"https:\\\/\\\/schema.org\",\"@graph\":[{\"@type\":\"WebPage\",\"@id\":\"https:\\\/\\\/rdosprings.com\\\/fr\\\/nos-valeurs\\\/\",\"url\":\"https:\\\/\\\/rdosprings.com\\\/fr\\\/nos-valeurs\\\/\",\"name\":\"Nos valeurs | RDO Springs sp\u00e9cialiste Fran\u00e7ais du ressort\",\"isPartOf\":{\"@id\":\"https:\\\/\\\/rdosprings.com\\\/fr\\\/#website\"},\"datePublished\":\"2019-09-04T09:59:13+00:00\",\"dateModified\":\"2020-10-20T14:30:13+00:00\",\"description\":\"La qualit\u00e9, l'excellence et le respect sont nos valeurs communes. Elles nous permettent d'\u00eatre un v\u00e9ritable partenaire de confiance pour nos clients.\",\"breadcrumb\":{\"@id\":\"https:\\\/\\\/rdosprings.com\\\/fr\\\/nos-valeurs\\\/#breadcrumb\"},\"inLanguage\":\"fr-FR\",\"potentialAction\":[{\"@type\":\"ReadAction\",\"target\":[\"https:\\\/\\\/rdosprings.com\\\/fr\\\/nos-valeurs\\\/\"]}]},{\"@type\":\"BreadcrumbList\",\"@id\":\"https:\\\/\\\/rdosprings.com\\\/fr\\\/nos-valeurs\\\/#breadcrumb\",\"itemListElement\":[{\"@type\":\"ListItem\",\"position\":1,\"name\":\"Accueil\",\"item\":\"https:\\\/\\\/rdosprings.com\\\/fr\\\/\"},{\"@type\":\"ListItem\",\"position\":2,\"name\":\"NOS VALEURS\"}]},{\"@type\":\"WebSite\",\"@id\":\"https:\\\/\\\/rdosprings.com\\\/fr\\\/#website\",\"url\":\"https:\\\/\\\/rdosprings.com\\\/fr\\\/\",\"name\":\"RDO\",\"description\":\"Fabrication de ressorts\",\"potentialAction\":[{\"@type\":\"SearchAction\",\"target\":{\"@type\":\"EntryPoint\",\"urlTemplate\":\"https:\\\/\\\/rdosprings.com\\\/fr\\\/?s={search_term_string}\"},\"query-input\":{\"@type\":\"PropertyValueSpecification\",\"valueRequired\":true,\"valueName\":\"search_term_string\"}}],\"inLanguage\":\"fr-FR\"}]}<\/script>\n<!-- \/ Yoast SEO plugin. -->","yoast_head_json":{"title":"Nos valeurs | RDO Springs sp\u00e9cialiste Fran\u00e7ais du ressort","description":"La qualit\u00e9, l'excellence et le respect sont nos valeurs communes. Elles nous permettent d'\u00eatre un v\u00e9ritable partenaire de confiance pour nos clients.","robots":{"index":"index","follow":"follow","max-snippet":"max-snippet:-1","max-image-preview":"max-image-preview:large","max-video-preview":"max-video-preview:-1"},"canonical":"https:\/\/rdosprings.com\/fr\/nos-valeurs\/","og_locale":"fr_FR","og_type":"article","og_title":"Nos valeurs | RDO Springs sp\u00e9cialiste Fran\u00e7ais du ressort","og_description":"La qualit\u00e9, l'excellence et le respect sont nos valeurs communes. Elles nous permettent d'\u00eatre un v\u00e9ritable partenaire de confiance pour nos clients.","og_url":"https:\/\/rdosprings.com\/fr\/nos-valeurs\/","og_site_name":"RDO","article_modified_time":"2020-10-20T14:30:13+00:00","twitter_card":"summary_large_image","twitter_misc":{"Dur\u00e9e de lecture estim\u00e9e":"3 minutes"},"schema":{"@context":"https:\/\/schema.org","@graph":[{"@type":"WebPage","@id":"https:\/\/rdosprings.com\/fr\/nos-valeurs\/","url":"https:\/\/rdosprings.com\/fr\/nos-valeurs\/","name":"Nos valeurs | RDO Springs sp\u00e9cialiste Fran\u00e7ais du ressort","isPartOf":{"@id":"https:\/\/rdosprings.com\/fr\/#website"},"datePublished":"2019-09-04T09:59:13+00:00","dateModified":"2020-10-20T14:30:13+00:00","description":"La qualit\u00e9, l'excellence et le respect sont nos valeurs communes. Elles nous permettent d'\u00eatre un v\u00e9ritable partenaire de confiance pour nos clients.","breadcrumb":{"@id":"https:\/\/rdosprings.com\/fr\/nos-valeurs\/#breadcrumb"},"inLanguage":"fr-FR","potentialAction":[{"@type":"ReadAction","target":["https:\/\/rdosprings.com\/fr\/nos-valeurs\/"]}]},{"@type":"BreadcrumbList","@id":"https:\/\/rdosprings.com\/fr\/nos-valeurs\/#breadcrumb","itemListElement":[{"@type":"ListItem","position":1,"name":"Accueil","item":"https:\/\/rdosprings.com\/fr\/"},{"@type":"ListItem","position":2,"name":"NOS VALEURS"}]},{"@type":"WebSite","@id":"https:\/\/rdosprings.com\/fr\/#website","url":"https:\/\/rdosprings.com\/fr\/","name":"RDO","description":"Fabrication de ressorts","potentialAction":[{"@type":"SearchAction","target":{"@type":"EntryPoint","urlTemplate":"https:\/\/rdosprings.com\/fr\/?s={search_term_string}"},"query-input":{"@type":"PropertyValueSpecification","valueRequired":true,"valueName":"search_term_string"}}],"inLanguage":"fr-FR"}]}},"_links":{"self":[{"href":"https:\/\/rdosprings.com\/fr\/wp-json\/wp\/v2\/pages\/401","targetHints":{"allow":["GET"]}}],"collection":[{"href":"https:\/\/rdosprings.com\/fr\/wp-json\/wp\/v2\/pages"}],"about":[{"href":"https:\/\/rdosprings.com\/fr\/wp-json\/wp\/v2\/types\/page"}],"author":[{"embeddable":true,"href":"https:\/\/rdosprings.com\/fr\/wp-json\/wp\/v2\/users\/6"}],"replies":[{"embeddable":true,"href":"https:\/\/rdosprings.com\/fr\/wp-json\/wp\/v2\/comments?post=401"}],"version-history":[{"count":33,"href":"https:\/\/rdosprings.com\/fr\/wp-json\/wp\/v2\/pages\/401\/revisions"}],"predecessor-version":[{"id":1753,"href":"https:\/\/rdosprings.com\/fr\/wp-json\/wp\/v2\/pages\/401\/revisions\/1753"}],"wp:attachment":[{"href":"https:\/\/rdosprings.com\/fr\/wp-json\/wp\/v2\/media?parent=401"}],"curies":[{"name":"wp","href":"https:\/\/api.w.org\/{rel}","templated":true}]}}