{"id":405,"date":"2019-09-04T09:59:53","date_gmt":"2019-09-04T09:59:53","guid":{"rendered":"https:\/\/rdosprings.com\/?page_id=405"},"modified":"2020-07-16T14:04:39","modified_gmt":"2020-07-16T14:04:39","slug":"actualites","status":"publish","type":"page","link":"https:\/\/rdosprings.com\/fr\/actualites\/","title":{"rendered":"ACTUALIT\u00c9S"},"content":{"rendered":"<div class=\"wpb-content-wrapper\"><p>[vc_row][vc_column][vc_row_inner][vc_column_inner]      <div id=\"container-async_actu\" data-paged=\"8\" class=\"sc-ajax-filter sc-ajax-filter-multi_actu\">\n\n        <div class=\"actu-filters \">\n            <div class=\"reset-filter\">\n              <div id=\"filters-selects\">\n              <\/div>\n                <ul id=\"reset-filter\">\n                    <li class=\"alltax\">\n                      <a href=\"#\" data-filter=\"category\" data-name=\"\" data-term=\"all-terms\" data-page=\"1\">\n\n                          \n                      <\/a>\n                    <\/li>\n                <\/ul>\n            <\/div>\n\n            <div class=\"filter-category\">\n              <ul class=\"filter-checkbox\">\n                                  <li >\n                    <a class=\"check-checkbox\" href=\"\" data-name=\"Actualit\u00e9s de la profession\" data-filter=\"category\" data-term=\"actualites-de-la-profession\" data-page=\"1\">\n                       Actualit\u00e9s de la profession                    <\/a>\n                  <\/li>\n                                  <li >\n                    <a class=\"check-checkbox\" href=\"\" data-name=\"En ce moment chez RDO SPRINGS\" data-filter=\"category\" data-term=\"en-ce-moment\" data-page=\"1\">\n                       En ce moment chez RDO SPRINGS                    <\/a>\n                  <\/li>\n                                  <li >\n                    <a class=\"check-checkbox\" href=\"\" data-name=\"Non classifi\u00e9(e)\" data-filter=\"category\" data-term=\"non-classifiee\" data-page=\"1\">\n                       Non classifi\u00e9(e)                    <\/a>\n                  <\/li>\n                              <\/ul>\n            <\/div>\n\n        <\/div>\n\n        <div class='bloc-actu'>\n          <div class=\"content actu-row actu-rangee\">\n          <\/div>\n        <\/div>\n\n      <\/div>\n    \n    [\/vc_column_inner][\/vc_row_inner][\/vc_column][\/vc_row]<\/p>\n<\/div>","protected":false},"excerpt":{"rendered":"<p>[vc_row][vc_column][vc_row_inner][vc_column_inner][\/vc_column_inner][\/vc_row_inner][\/vc_column][\/vc_row]<\/p>\n","protected":false},"author":6,"featured_media":0,"parent":0,"menu_order":0,"comment_status":"closed","ping_status":"closed","template":"","meta":{"footnotes":""},"class_list":["post-405","page","type-page","status-publish","hentry"],"yoast_head":"<!-- This site is optimized with the Yoast SEO plugin v27.5 - https:\/\/yoast.com\/product\/yoast-seo-wordpress\/ -->\n<title>Actualit\u00e9s | RDO Springs sp\u00e9cialiste Fran\u00e7ais du ressort<\/title>\n<meta name=\"description\" content=\"Venez d\u00e9couvrir toutes nos actualit\u00e9s au fil du temps sur notre site internet afin de vous informer de nos divers \u00e9v\u00e9nements.\" \/>\n<meta name=\"robots\" content=\"index, follow, max-snippet:-1, max-image-preview:large, max-video-preview:-1\" \/>\n<link rel=\"canonical\" href=\"https:\/\/rdosprings.com\/fr\/actualites\/\" \/>\n<meta property=\"og:locale\" content=\"fr_FR\" \/>\n<meta property=\"og:type\" content=\"article\" \/>\n<meta property=\"og:title\" content=\"Actualit\u00e9s | RDO Springs sp\u00e9cialiste Fran\u00e7ais du ressort\" \/>\n<meta property=\"og:description\" content=\"Venez d\u00e9couvrir toutes nos actualit\u00e9s au fil du temps sur notre site internet afin de vous informer de nos divers \u00e9v\u00e9nements.\" \/>\n<meta property=\"og:url\" content=\"https:\/\/rdosprings.com\/fr\/actualites\/\" \/>\n<meta property=\"og:site_name\" content=\"RDO\" \/>\n<meta property=\"article:modified_time\" content=\"2020-07-16T14:04:39+00:00\" \/>\n<meta name=\"twitter:card\" content=\"summary_large_image\" \/>\n<script type=\"application\/ld+json\" class=\"yoast-schema-graph\">{\"@context\":\"https:\\\/\\\/schema.org\",\"@graph\":[{\"@type\":\"WebPage\",\"@id\":\"https:\\\/\\\/rdosprings.com\\\/fr\\\/actualites\\\/\",\"url\":\"https:\\\/\\\/rdosprings.com\\\/fr\\\/actualites\\\/\",\"name\":\"Actualit\u00e9s | RDO Springs sp\u00e9cialiste Fran\u00e7ais du ressort\",\"isPartOf\":{\"@id\":\"https:\\\/\\\/rdosprings.com\\\/fr\\\/#website\"},\"datePublished\":\"2019-09-04T09:59:53+00:00\",\"dateModified\":\"2020-07-16T14:04:39+00:00\",\"description\":\"Venez d\u00e9couvrir toutes nos actualit\u00e9s au fil du temps sur notre site internet afin de vous informer de nos divers \u00e9v\u00e9nements.\",\"breadcrumb\":{\"@id\":\"https:\\\/\\\/rdosprings.com\\\/fr\\\/actualites\\\/#breadcrumb\"},\"inLanguage\":\"fr-FR\",\"potentialAction\":[{\"@type\":\"ReadAction\",\"target\":[\"https:\\\/\\\/rdosprings.com\\\/fr\\\/actualites\\\/\"]}]},{\"@type\":\"BreadcrumbList\",\"@id\":\"https:\\\/\\\/rdosprings.com\\\/fr\\\/actualites\\\/#breadcrumb\",\"itemListElement\":[{\"@type\":\"ListItem\",\"position\":1,\"name\":\"Accueil\",\"item\":\"https:\\\/\\\/rdosprings.com\\\/fr\\\/\"},{\"@type\":\"ListItem\",\"position\":2,\"name\":\"ACTUALIT\u00c9S\"}]},{\"@type\":\"WebSite\",\"@id\":\"https:\\\/\\\/rdosprings.com\\\/fr\\\/#website\",\"url\":\"https:\\\/\\\/rdosprings.com\\\/fr\\\/\",\"name\":\"RDO\",\"description\":\"Fabrication de ressorts\",\"potentialAction\":[{\"@type\":\"SearchAction\",\"target\":{\"@type\":\"EntryPoint\",\"urlTemplate\":\"https:\\\/\\\/rdosprings.com\\\/fr\\\/?s={search_term_string}\"},\"query-input\":{\"@type\":\"PropertyValueSpecification\",\"valueRequired\":true,\"valueName\":\"search_term_string\"}}],\"inLanguage\":\"fr-FR\"}]}<\/script>\n<!-- \/ Yoast SEO plugin. -->","yoast_head_json":{"title":"Actualit\u00e9s | RDO Springs sp\u00e9cialiste Fran\u00e7ais du ressort","description":"Venez d\u00e9couvrir toutes nos actualit\u00e9s au fil du temps sur notre site internet afin de vous informer de nos divers \u00e9v\u00e9nements.","robots":{"index":"index","follow":"follow","max-snippet":"max-snippet:-1","max-image-preview":"max-image-preview:large","max-video-preview":"max-video-preview:-1"},"canonical":"https:\/\/rdosprings.com\/fr\/actualites\/","og_locale":"fr_FR","og_type":"article","og_title":"Actualit\u00e9s | RDO Springs sp\u00e9cialiste Fran\u00e7ais du ressort","og_description":"Venez d\u00e9couvrir toutes nos actualit\u00e9s au fil du temps sur notre site internet afin de vous informer de nos divers \u00e9v\u00e9nements.","og_url":"https:\/\/rdosprings.com\/fr\/actualites\/","og_site_name":"RDO","article_modified_time":"2020-07-16T14:04:39+00:00","twitter_card":"summary_large_image","schema":{"@context":"https:\/\/schema.org","@graph":[{"@type":"WebPage","@id":"https:\/\/rdosprings.com\/fr\/actualites\/","url":"https:\/\/rdosprings.com\/fr\/actualites\/","name":"Actualit\u00e9s | RDO Springs sp\u00e9cialiste Fran\u00e7ais du ressort","isPartOf":{"@id":"https:\/\/rdosprings.com\/fr\/#website"},"datePublished":"2019-09-04T09:59:53+00:00","dateModified":"2020-07-16T14:04:39+00:00","description":"Venez d\u00e9couvrir toutes nos actualit\u00e9s au fil du temps sur notre site internet afin de vous informer de nos divers \u00e9v\u00e9nements.","breadcrumb":{"@id":"https:\/\/rdosprings.com\/fr\/actualites\/#breadcrumb"},"inLanguage":"fr-FR","potentialAction":[{"@type":"ReadAction","target":["https:\/\/rdosprings.com\/fr\/actualites\/"]}]},{"@type":"BreadcrumbList","@id":"https:\/\/rdosprings.com\/fr\/actualites\/#breadcrumb","itemListElement":[{"@type":"ListItem","position":1,"name":"Accueil","item":"https:\/\/rdosprings.com\/fr\/"},{"@type":"ListItem","position":2,"name":"ACTUALIT\u00c9S"}]},{"@type":"WebSite","@id":"https:\/\/rdosprings.com\/fr\/#website","url":"https:\/\/rdosprings.com\/fr\/","name":"RDO","description":"Fabrication de ressorts","potentialAction":[{"@type":"SearchAction","target":{"@type":"EntryPoint","urlTemplate":"https:\/\/rdosprings.com\/fr\/?s={search_term_string}"},"query-input":{"@type":"PropertyValueSpecification","valueRequired":true,"valueName":"search_term_string"}}],"inLanguage":"fr-FR"}]}},"_links":{"self":[{"href":"https:\/\/rdosprings.com\/fr\/wp-json\/wp\/v2\/pages\/405","targetHints":{"allow":["GET"]}}],"collection":[{"href":"https:\/\/rdosprings.com\/fr\/wp-json\/wp\/v2\/pages"}],"about":[{"href":"https:\/\/rdosprings.com\/fr\/wp-json\/wp\/v2\/types\/page"}],"author":[{"embeddable":true,"href":"https:\/\/rdosprings.com\/fr\/wp-json\/wp\/v2\/users\/6"}],"replies":[{"embeddable":true,"href":"https:\/\/rdosprings.com\/fr\/wp-json\/wp\/v2\/comments?post=405"}],"version-history":[{"count":6,"href":"https:\/\/rdosprings.com\/fr\/wp-json\/wp\/v2\/pages\/405\/revisions"}],"predecessor-version":[{"id":1430,"href":"https:\/\/rdosprings.com\/fr\/wp-json\/wp\/v2\/pages\/405\/revisions\/1430"}],"wp:attachment":[{"href":"https:\/\/rdosprings.com\/fr\/wp-json\/wp\/v2\/media?parent=405"}],"curies":[{"name":"wp","href":"https:\/\/api.w.org\/{rel}","templated":true}]}}