{"id":522,"date":"2019-12-12T09:03:21","date_gmt":"2019-12-12T09:03:21","guid":{"rendered":"https:\/\/rdosprings.com\/?page_id=522"},"modified":"2020-10-20T14:27:50","modified_gmt":"2020-10-20T14:27:50","slug":"savoir-faire","status":"publish","type":"page","link":"https:\/\/rdosprings.com\/fr\/savoir-faire\/","title":{"rendered":"Savoir-faire"},"content":{"rendered":"<div class=\"wpb-content-wrapper\"><p>[vc_row full_width=\u00a0\u00bbstretch_row_content_no_spaces\u00a0\u00bb el_class=\u00a0\u00bba-propos-bloc-head\u00a0\u00bb][vc_column][vc_column_text el_class=\u00a0\u00bba-propos-titre\u00a0\u00bb]<\/p>\n<h2>Notre savoir-faire<\/h2>\n<p>[\/vc_column_text][vc_empty_space height=\u00a0\u00bb40px\u00a0\u00bb][\/vc_column][\/vc_row][vc_row el_class=\u00a0\u00bbressort-bas-droite-after\u00a0\u00bb][vc_column][rev_slider_vc alias=\u00a0\u00bbvaleurs\u00a0\u00bb][\/vc_column][\/vc_row][vc_row full_width=\u00a0\u00bbstretch_row_content_no_spaces\u00a0\u00bb el_class=\u00a0\u00bbcoordonnees-home\u00a0\u00bb css=\u00a0\u00bb.vc_custom_1586160041817{background-image: url(https:\/\/rdosprings.com\/wp-content\/uploads\/2020\/04\/fond-coordonn\u00e9es.png?id=533) !important;background-position: center !important;background-repeat: no-repeat !important;background-size: cover !important;}\u00a0\u00bb][vc_column][vc_row_inner][vc_column_inner width=\u00a0\u00bb1\/2&Prime;][vc_single_image image=\u00a0\u00bb534&Prime; img_size=\u00a0\u00bbfull\u00a0\u00bb alignment=\u00a0\u00bbcenter\u00a0\u00bb][\/vc_column_inner][vc_column_inner width=\u00a0\u00bb1\/2&Prime;][vc_column_text el_class=\u00a0\u00bbtexte-coordonnes1&Prime;]RDO Springs<br \/>\nRUE BENJAMIN DELESSERT<br \/>\n60510 BRESLES[\/vc_column_text][vc_column_text el_class=\u00a0\u00bbtexte-coordonnes2&Prime;]contact@rdosprings.com<br \/>\nwww.rdosprings.com[\/vc_column_text][\/vc_column_inner][\/vc_row_inner][\/vc_column][\/vc_row][vc_row][vc_column][\/vc_column][\/vc_row]<\/p>\n<\/div>","protected":false},"excerpt":{"rendered":"<p>[vc_row full_width=\u00a0\u00bbstretch_row_content_no_spaces\u00a0\u00bb el_class=\u00a0\u00bba-propos-bloc-head\u00a0\u00bb][vc_column][vc_column_text el_class=\u00a0\u00bba-propos-titre\u00a0\u00bb] Notre savoir-faire [\/vc_column_text][vc_empty_space height=\u00a0\u00bb40px\u00a0\u00bb][\/vc_column][\/vc_row][vc_row el_class=\u00a0\u00bbressort-bas-droite-after\u00a0\u00bb][vc_column][rev_slider_vc alias=\u00a0\u00bbvaleurs\u00a0\u00bb][\/vc_column][\/vc_row][vc_row full_width=\u00a0\u00bbstretch_row_content_no_spaces\u00a0\u00bb el_class=\u00a0\u00bbcoordonnees-home\u00a0\u00bb css=\u00a0\u00bb.vc_custom_1586160041817{background-image: url(https:\/\/rdosprings.com\/wp-content\/uploads\/2020\/04\/fond-coordonn\u00e9es.png?id=533) !important;background-position: center !important;background-repeat: no-repeat !important;background-size: cover !important;}\u00a0\u00bb][vc_column][vc_row_inner][vc_column_inner width=\u00a0\u00bb1\/2&Prime;][vc_single_image image=\u00a0\u00bb534&Prime; img_size=\u00a0\u00bbfull\u00a0\u00bb alignment=\u00a0\u00bbcenter\u00a0\u00bb][\/vc_column_inner][vc_column_inner width=\u00a0\u00bb1\/2&Prime;][vc_column_text el_class=\u00a0\u00bbtexte-coordonnes1&Prime;]RDO Springs RUE BENJAMIN DELESSERT 60510 BRESLES[\/vc_column_text][vc_column_text el_class=\u00a0\u00bbtexte-coordonnes2&Prime;]contact@rdosprings.com www.rdosprings.com[\/vc_column_text][\/vc_column_inner][\/vc_row_inner][\/vc_column][\/vc_row][vc_row][vc_column][\/vc_column][\/vc_row]<\/p>\n","protected":false},"author":6,"featured_media":0,"parent":0,"menu_order":0,"comment_status":"closed","ping_status":"closed","template":"","meta":{"footnotes":""},"class_list":["post-522","page","type-page","status-publish","hentry"],"yoast_head":"<!-- This site is optimized with the Yoast SEO plugin v27.5 - https:\/\/yoast.com\/product\/yoast-seo-wordpress\/ -->\n<title>Notre savoir-faire | RDO Springs sp\u00e9cialiste Fran\u00e7ais du ressort<\/title>\n<meta name=\"description\" content=\"Appr\u00e9ci\u00e9e pour la rigueur, la fiabilit\u00e9 et la ma\u00eetrise de ses processus de production, RDO Springs se distingue \u00e9galement par sa capacit\u00e9 d\u2019innovation\" \/>\n<meta name=\"robots\" content=\"index, follow, max-snippet:-1, max-image-preview:large, max-video-preview:-1\" \/>\n<link rel=\"canonical\" href=\"https:\/\/rdosprings.com\/fr\/savoir-faire\/\" \/>\n<meta property=\"og:locale\" content=\"fr_FR\" \/>\n<meta property=\"og:type\" content=\"article\" \/>\n<meta property=\"og:title\" content=\"Notre savoir-faire | RDO Springs sp\u00e9cialiste Fran\u00e7ais du ressort\" \/>\n<meta property=\"og:description\" content=\"Appr\u00e9ci\u00e9e pour la rigueur, la fiabilit\u00e9 et la ma\u00eetrise de ses processus de production, RDO Springs se distingue \u00e9galement par sa capacit\u00e9 d\u2019innovation\" \/>\n<meta property=\"og:url\" content=\"https:\/\/rdosprings.com\/fr\/savoir-faire\/\" \/>\n<meta property=\"og:site_name\" content=\"RDO\" \/>\n<meta property=\"article:modified_time\" content=\"2020-10-20T14:27:50+00:00\" \/>\n<meta name=\"twitter:card\" content=\"summary_large_image\" \/>\n<meta name=\"twitter:label1\" content=\"Dur\u00e9e de lecture estim\u00e9e\" \/>\n\t<meta name=\"twitter:data1\" content=\"1 minute\" \/>\n<script type=\"application\/ld+json\" class=\"yoast-schema-graph\">{\"@context\":\"https:\\\/\\\/schema.org\",\"@graph\":[{\"@type\":\"WebPage\",\"@id\":\"https:\\\/\\\/rdosprings.com\\\/fr\\\/savoir-faire\\\/\",\"url\":\"https:\\\/\\\/rdosprings.com\\\/fr\\\/savoir-faire\\\/\",\"name\":\"Notre savoir-faire | RDO Springs sp\u00e9cialiste Fran\u00e7ais du ressort\",\"isPartOf\":{\"@id\":\"https:\\\/\\\/rdosprings.com\\\/fr\\\/#website\"},\"datePublished\":\"2019-12-12T09:03:21+00:00\",\"dateModified\":\"2020-10-20T14:27:50+00:00\",\"description\":\"Appr\u00e9ci\u00e9e pour la rigueur, la fiabilit\u00e9 et la ma\u00eetrise de ses processus de production, RDO Springs se distingue \u00e9galement par sa capacit\u00e9 d\u2019innovation\",\"breadcrumb\":{\"@id\":\"https:\\\/\\\/rdosprings.com\\\/fr\\\/savoir-faire\\\/#breadcrumb\"},\"inLanguage\":\"fr-FR\",\"potentialAction\":[{\"@type\":\"ReadAction\",\"target\":[\"https:\\\/\\\/rdosprings.com\\\/fr\\\/savoir-faire\\\/\"]}]},{\"@type\":\"BreadcrumbList\",\"@id\":\"https:\\\/\\\/rdosprings.com\\\/fr\\\/savoir-faire\\\/#breadcrumb\",\"itemListElement\":[{\"@type\":\"ListItem\",\"position\":1,\"name\":\"Accueil\",\"item\":\"https:\\\/\\\/rdosprings.com\\\/fr\\\/\"},{\"@type\":\"ListItem\",\"position\":2,\"name\":\"Savoir-faire\"}]},{\"@type\":\"WebSite\",\"@id\":\"https:\\\/\\\/rdosprings.com\\\/fr\\\/#website\",\"url\":\"https:\\\/\\\/rdosprings.com\\\/fr\\\/\",\"name\":\"RDO\",\"description\":\"Fabrication de ressorts\",\"potentialAction\":[{\"@type\":\"SearchAction\",\"target\":{\"@type\":\"EntryPoint\",\"urlTemplate\":\"https:\\\/\\\/rdosprings.com\\\/fr\\\/?s={search_term_string}\"},\"query-input\":{\"@type\":\"PropertyValueSpecification\",\"valueRequired\":true,\"valueName\":\"search_term_string\"}}],\"inLanguage\":\"fr-FR\"}]}<\/script>\n<!-- \/ Yoast SEO plugin. -->","yoast_head_json":{"title":"Notre savoir-faire | RDO Springs sp\u00e9cialiste Fran\u00e7ais du ressort","description":"Appr\u00e9ci\u00e9e pour la rigueur, la fiabilit\u00e9 et la ma\u00eetrise de ses processus de production, RDO Springs se distingue \u00e9galement par sa capacit\u00e9 d\u2019innovation","robots":{"index":"index","follow":"follow","max-snippet":"max-snippet:-1","max-image-preview":"max-image-preview:large","max-video-preview":"max-video-preview:-1"},"canonical":"https:\/\/rdosprings.com\/fr\/savoir-faire\/","og_locale":"fr_FR","og_type":"article","og_title":"Notre savoir-faire | RDO Springs sp\u00e9cialiste Fran\u00e7ais du ressort","og_description":"Appr\u00e9ci\u00e9e pour la rigueur, la fiabilit\u00e9 et la ma\u00eetrise de ses processus de production, RDO Springs se distingue \u00e9galement par sa capacit\u00e9 d\u2019innovation","og_url":"https:\/\/rdosprings.com\/fr\/savoir-faire\/","og_site_name":"RDO","article_modified_time":"2020-10-20T14:27:50+00:00","twitter_card":"summary_large_image","twitter_misc":{"Dur\u00e9e de lecture estim\u00e9e":"1 minute"},"schema":{"@context":"https:\/\/schema.org","@graph":[{"@type":"WebPage","@id":"https:\/\/rdosprings.com\/fr\/savoir-faire\/","url":"https:\/\/rdosprings.com\/fr\/savoir-faire\/","name":"Notre savoir-faire | RDO Springs sp\u00e9cialiste Fran\u00e7ais du ressort","isPartOf":{"@id":"https:\/\/rdosprings.com\/fr\/#website"},"datePublished":"2019-12-12T09:03:21+00:00","dateModified":"2020-10-20T14:27:50+00:00","description":"Appr\u00e9ci\u00e9e pour la rigueur, la fiabilit\u00e9 et la ma\u00eetrise de ses processus de production, RDO Springs se distingue \u00e9galement par sa capacit\u00e9 d\u2019innovation","breadcrumb":{"@id":"https:\/\/rdosprings.com\/fr\/savoir-faire\/#breadcrumb"},"inLanguage":"fr-FR","potentialAction":[{"@type":"ReadAction","target":["https:\/\/rdosprings.com\/fr\/savoir-faire\/"]}]},{"@type":"BreadcrumbList","@id":"https:\/\/rdosprings.com\/fr\/savoir-faire\/#breadcrumb","itemListElement":[{"@type":"ListItem","position":1,"name":"Accueil","item":"https:\/\/rdosprings.com\/fr\/"},{"@type":"ListItem","position":2,"name":"Savoir-faire"}]},{"@type":"WebSite","@id":"https:\/\/rdosprings.com\/fr\/#website","url":"https:\/\/rdosprings.com\/fr\/","name":"RDO","description":"Fabrication de ressorts","potentialAction":[{"@type":"SearchAction","target":{"@type":"EntryPoint","urlTemplate":"https:\/\/rdosprings.com\/fr\/?s={search_term_string}"},"query-input":{"@type":"PropertyValueSpecification","valueRequired":true,"valueName":"search_term_string"}}],"inLanguage":"fr-FR"}]}},"_links":{"self":[{"href":"https:\/\/rdosprings.com\/fr\/wp-json\/wp\/v2\/pages\/522","targetHints":{"allow":["GET"]}}],"collection":[{"href":"https:\/\/rdosprings.com\/fr\/wp-json\/wp\/v2\/pages"}],"about":[{"href":"https:\/\/rdosprings.com\/fr\/wp-json\/wp\/v2\/types\/page"}],"author":[{"embeddable":true,"href":"https:\/\/rdosprings.com\/fr\/wp-json\/wp\/v2\/users\/6"}],"replies":[{"embeddable":true,"href":"https:\/\/rdosprings.com\/fr\/wp-json\/wp\/v2\/comments?post=522"}],"version-history":[{"count":29,"href":"https:\/\/rdosprings.com\/fr\/wp-json\/wp\/v2\/pages\/522\/revisions"}],"predecessor-version":[{"id":1750,"href":"https:\/\/rdosprings.com\/fr\/wp-json\/wp\/v2\/pages\/522\/revisions\/1750"}],"wp:attachment":[{"href":"https:\/\/rdosprings.com\/fr\/wp-json\/wp\/v2\/media?parent=522"}],"curies":[{"name":"wp","href":"https:\/\/api.w.org\/{rel}","templated":true}]}}