{"id":653,"date":"2020-04-06T08:57:02","date_gmt":"2020-04-06T08:57:02","guid":{"rendered":"https:\/\/rdosprings.com\/?page_id=653"},"modified":"2020-11-30T15:06:34","modified_gmt":"2020-11-30T15:06:34","slug":"controle-de-la-qualite","status":"publish","type":"page","link":"https:\/\/rdosprings.com\/fr\/controle-de-la-qualite\/","title":{"rendered":"Contr\u00f4le de la qualit\u00e9"},"content":{"rendered":"<div class=\"wpb-content-wrapper\"><p>[vc_row full_width=\u00a0\u00bbstretch_row_content_no_spaces\u00a0\u00bb el_class=\u00a0\u00bba-propos-bloc-head\u00a0\u00bb][vc_column][vc_column_text el_class=\u00a0\u00bba-propos-titre\u00a0\u00bb]<\/p>\n<h2>Contr\u00f4le de la qualit\u00e9<\/h2>\n<p>[\/vc_column_text][vc_column_text el_class=\u00a0\u00bbtitre-bleu-normal\u00a0\u00bb]D\u00e9marche Qualit\u00e9[\/vc_column_text][\/vc_column][\/vc_row][vc_row][vc_column][vc_empty_space height=\u00a0\u00bb45px\u00a0\u00bb][vc_row_inner][vc_column_inner width=\u00a0\u00bb1\/2&Prime;][vc_column_text el_class=\u00a0\u00bbtexte-right\u00a0\u00bb]Fruit d\u2019un travail rigoureux concernant les exigences du secteur a\u00e9ronautique, RDO Springs est certifi\u00e9e selon les r\u00e9f\u00e9rentiels internationaux ISO 9001 et EN 9100.<\/p>\n<p>Selon vos exigences, nous pouvons fournir \u00e0 la livraison un certificat de conformit\u00e9, un rapport de contr\u00f4le et le certificat mati\u00e8re premi\u00e8re correspondant \u00e0 votre demande.<\/p>\n<p>Les principes de l\u2019am\u00e9lioration continue (PDCA) sont appliqu\u00e9s \u00e0 tous les niveaux de la soci\u00e9t\u00e9.[\/vc_column_text][\/vc_column_inner][vc_column_inner width=\u00a0\u00bb1\/2&Prime;][vc_single_image image=\u00a0\u00bb654&Prime; img_size=\u00a0\u00bbfull\u00a0\u00bb alignment=\u00a0\u00bbcenter\u00a0\u00bb][\/vc_column_inner][\/vc_row_inner][vc_column_text el_class=\u00a0\u00bbtitre-bleu-normal\u00a0\u00bb]Tra\u00e7abilit\u00e9[\/vc_column_text][vc_empty_space height=\u00a0\u00bb35px\u00a0\u00bb][vc_row_inner][vc_column_inner width=\u00a0\u00bb1\/2&Prime;][vc_single_image image=\u00a0\u00bb655&Prime; img_size=\u00a0\u00bbfull\u00a0\u00bb alignment=\u00a0\u00bbcenter\u00a0\u00bb][\/vc_column_inner][vc_column_inner width=\u00a0\u00bb1\/2&Prime;][vc_column_text el_class=\u00a0\u00bbtexte-left texte-savoir-faire\u00a0\u00bb]Gr\u00e2ce \u00e0 l\u2019int\u00e9gration de ses donn\u00e9es au sein de son ERP, la tra\u00e7abilit\u00e9 compl\u00e8te des pi\u00e8ces est assur\u00e9e afin de conna\u00eetre avec exactitude les composants de nos produits, et toutes les donn\u00e9es ayant concourues \u00e0 sa fabrication et sa livraison.<\/p>\n<p>Des gammes de fabrication et de contr\u00f4le sont cr\u00e9\u00e9es pour chaque article assurant la bonne transmission des consignes pour les op\u00e9rations de r\u00e9glage, de fabrication et de contr\u00f4le qualit\u00e9 des produits selon les exigences de ses clients.<\/p>\n<p>Nos produits sont identifi\u00e9s par des codes-barres sur les cartons, mais aussi sur les sachets en cas d\u2019op\u00e9ration de passivation.[\/vc_column_text][\/vc_column_inner][\/vc_row_inner][vc_empty_space height=\u00a0\u00bb65px\u00a0\u00bb][\/vc_column][\/vc_row][vc_row][vc_column][vc_column_text el_class=\u00a0\u00bba-propos-titre\u00a0\u00bb]<\/p>\n<h2 style=\"text-align: center;\">Gestion du changement, analyse, validation<\/h2>\n<p>[\/vc_column_text][vc_column_text el_class=\u00a0\u00bba-propos-sous-titre gestion\u00a0\u00bb]La d\u00e9marche men\u00e9e par RDO Springs consiste \u00e0 fiabiliser au maximum ses proc\u00e9d\u00e9s \u00e0 chaque \u00e9tape de la r\u00e9alisation des produits. Cela passe par la ma\u00eetrise des modifications apport\u00e9es au cours de la vie s\u00e9rie des produits., y compris la gestion de configuration.[\/vc_column_text][vc_row_inner][vc_column_inner width=\u00a0\u00bb1\/2&Prime;][vc_single_image image=\u00a0\u00bb656&Prime; img_size=\u00a0\u00bbfull\u00a0\u00bb alignment=\u00a0\u00bbcenter\u00a0\u00bb el_class=\u00a0\u00bbgraphspe\u00a0\u00bb][\/vc_column_inner][vc_column_inner width=\u00a0\u00bb1\/2&Prime;][vc_column_text el_class=\u00a0\u00bbtexte-left\u00a0\u00bb]De la m\u00eame mani\u00e8re, nous accompagnons nos clients dans la validation des nouveaux produits : prototypes, Inspections initiales (F.A.I), \u00e9chantillons initiaux (E.I), &#8230;<br \/>\nRDO Springs s\u2019est en outre engag\u00e9 \u00e0 respecter les proc\u00e9dures de \u00ab change control \u00bb. Une validation au sens pharmaceutique du terme est syst\u00e9matiquement men\u00e9e par un ing\u00e9nieur en charge des validations d\u00e8s lors qu\u2019une modification, m\u00eame mineure, du processus de fabrication est envisag\u00e9e.[\/vc_column_text][vc_column_text el_class=\u00a0\u00bbtexte-left\u00a0\u00bb]Ces proc\u00e9dures comprennent :[\/vc_column_text][vc_column_text el_class=\u00a0\u00bbtexte-left texte-savoir-faire\u00a0\u00bb]<\/p>\n<ul>\n<li>Analyse de risque.<\/li>\n<li>R\u00e9daction d\u2019un protocole de qualification.<\/li>\n<li>R\u00e9alisation de tests de qualification.<\/li>\n<\/ul>\n<p>[\/vc_column_text][\/vc_column_inner][\/vc_row_inner][\/vc_column][\/vc_row][vc_row el_class=\u00a0\u00bbtexte-center\u00a0\u00bb][vc_column][vc_column_text el_class=\u00a0\u00bba-propos-titre\u00a0\u00bb]<\/p>\n<h2 style=\"text-align: center;\">Bonnes pratiques de fabrication<\/h2>\n<p>[\/vc_column_text][vc_column_text el_class=\u00a0\u00bba-propos-sous-titre gestion\u00a0\u00bb]RDO Springs s\u2019est engag\u00e9 aupr\u00e8s de ces clients de l\u2019industrie <strong>pharmaceutique<\/strong> \u00e0 respecter les B.P.F. (Bonnes Pratiques de Fabrication \u2013 en anglais G.M.P. Good Manufacturing Practices) qui englobent toutes les exigences de contr\u00f4le, de qualit\u00e9, de tra\u00e7abilit\u00e9, et de propret\u00e9 sp\u00e9cifique \u00e0 cette industrie.<br \/>\nChaque collaborateur est incit\u00e9 \u00e0 respecter les Bonnes Pratiques de Fabrication, de mani\u00e8re \u00e0 limiter au maximum les risques de d\u00e9viation en cours de production, notamment :[\/vc_column_text][vc_column_text el_class=\u00a0\u00bbpratique-fab\u00a0\u00bb]<strong>Limiter les risques de contamination des produits par un autre produit, ou un contaminant interne et externe (r\u00e8gles d\u2019hygi\u00e8ne et de propret\u00e9).<\/strong>[\/vc_column_text][vc_column_text el_class=\u00a0\u00bbpratique-fab\u00a0\u00bb]<strong>Limiter les risques de confusion notamment au niveau des \u00e9tiquetages et de l&rsquo;identification des composants.<\/strong>[\/vc_column_text][vc_column_text el_class=\u00a0\u00bbpratique-fab\u00a0\u00bb]<strong>Adapter et entretenir le mat\u00e9riel et les locaux afin d\u2019\u00e9viter toute contamination.<\/strong>[\/vc_column_text][vc_empty_space height=\u00a0\u00bb40px\u00a0\u00bb][\/vc_column][\/vc_row][vc_row full_width=\u00a0\u00bbstretch_row_content_no_spaces\u00a0\u00bb css=\u00a0\u00bb.vc_custom_1586165116786{background-color: #80176b !important;}\u00a0\u00bb el_class=\u00a0\u00bbparcourir\u00a0\u00bb][vc_column][vc_row_inner el_class=\u00a0\u00bbboxed-parcourir\u00a0\u00bb][vc_column_inner][vc_column_text el_class=\u00a0\u00bba-propos-titre blanc\u00a0\u00bb]<\/p>\n<h2 style=\"text-align: center;\">Nos Forces De Production<\/h2>\n<p>[\/vc_column_text][\/vc_column_inner][\/vc_row_inner][vc_row_inner el_class=\u00a0\u00bbboxed-parcourir\u00a0\u00bb][vc_column_inner width=\u00a0\u00bb1\/3&Prime;][vc_single_image image=\u00a0\u00bb1517&Prime; img_size=\u00a0\u00bbfull\u00a0\u00bb alignment=\u00a0\u00bbcenter\u00a0\u00bb][vc_column_text el_class=\u00a0\u00bbtexte-blanc\u00a0\u00bb]Haut niveau de ma\u00eetrise de nos process de production[\/vc_column_text][\/vc_column_inner][vc_column_inner width=\u00a0\u00bb1\/3&Prime;][vc_single_image image=\u00a0\u00bb1520&Prime; img_size=\u00a0\u00bbfull\u00a0\u00bb alignment=\u00a0\u00bbcenter\u00a0\u00bb][vc_column_text el_class=\u00a0\u00bbtexte-blanc\u00a0\u00bb]Pr\u00e9cision des moyens de mesure[\/vc_column_text][\/vc_column_inner][vc_column_inner width=\u00a0\u00bb1\/3&Prime;][vc_single_image image=\u00a0\u00bb1518&Prime; img_size=\u00a0\u00bbfull\u00a0\u00bb alignment=\u00a0\u00bbcenter\u00a0\u00bb][vc_column_text el_class=\u00a0\u00bbtexte-blanc\u00a0\u00bb]Bonnes pratiques de fabrication[\/vc_column_text][\/vc_column_inner][\/vc_row_inner][\/vc_column][\/vc_row][vc_row full_width=\u00a0\u00bbstretch_row_content_no_spaces\u00a0\u00bb el_class=\u00a0\u00bbcoordonnees-home\u00a0\u00bb css=\u00a0\u00bb.vc_custom_1586160041817{background-image: url(https:\/\/rdosprings.com\/wp-content\/uploads\/2020\/04\/fond-coordonn\u00e9es.png?id=533) !important;background-position: center !important;background-repeat: no-repeat !important;background-size: cover !important;}\u00a0\u00bb][vc_column][vc_row_inner][vc_column_inner width=\u00a0\u00bb1\/2&Prime;][vc_single_image image=\u00a0\u00bb534&Prime; img_size=\u00a0\u00bbfull\u00a0\u00bb alignment=\u00a0\u00bbcenter\u00a0\u00bb][\/vc_column_inner][vc_column_inner width=\u00a0\u00bb1\/2&Prime;][vc_column_text el_class=\u00a0\u00bbtexte-coordonnes1&Prime;]RDO Springs<br \/>\n10 RUE BENJAMIN DELESSERT<br \/>\n60510 BRESLES[\/vc_column_text][vc_column_text el_class=\u00a0\u00bbtexte-coordonnes2&Prime;]contact@rdosprings.com<br \/>\nwww.rdosprings.com[\/vc_column_text][\/vc_column_inner][\/vc_row_inner][\/vc_column][\/vc_row]<\/p>\n<\/div>","protected":false},"excerpt":{"rendered":"<p>[vc_row full_width=\u00a0\u00bbstretch_row_content_no_spaces\u00a0\u00bb el_class=\u00a0\u00bba-propos-bloc-head\u00a0\u00bb][vc_column][vc_column_text el_class=\u00a0\u00bba-propos-titre\u00a0\u00bb] Contr\u00f4le de la qualit\u00e9 [\/vc_column_text][vc_column_text el_class=\u00a0\u00bbtitre-bleu-normal\u00a0\u00bb]D\u00e9marche Qualit\u00e9[\/vc_column_text][\/vc_column][\/vc_row][vc_row][vc_column][vc_empty_space height=\u00a0\u00bb45px\u00a0\u00bb][vc_row_inner][vc_column_inner width=\u00a0\u00bb1\/2&Prime;][vc_column_text el_class=\u00a0\u00bbtexte-right\u00a0\u00bb]Fruit d\u2019un travail rigoureux concernant les exigences du secteur a\u00e9ronautique, RDO Springs est certifi\u00e9e selon les r\u00e9f\u00e9rentiels internationaux ISO 9001 et EN 9100. Selon vos exigences, nous pouvons fournir \u00e0 la livraison un certificat de conformit\u00e9, un rapport de contr\u00f4le et le<\/p>\n","protected":false},"author":6,"featured_media":0,"parent":0,"menu_order":0,"comment_status":"closed","ping_status":"closed","template":"","meta":{"footnotes":""},"class_list":["post-653","page","type-page","status-publish","hentry"],"yoast_head":"<!-- This site is optimized with the Yoast SEO plugin v27.5 - https:\/\/yoast.com\/product\/yoast-seo-wordpress\/ -->\n<title>Notre d\u00e9marche qualit\u00e9 | RDO Springs sp\u00e9cialiste Fran\u00e7ais du ressort<\/title>\n<meta name=\"description\" content=\"La d\u00e9marche men\u00e9e par RDO Springs consiste \u00e0 fiabiliser au maximum ses proc\u00e9d\u00e9s \u00e0 chaque \u00e9tape de la r\u00e9alisation des produits.\" \/>\n<meta name=\"robots\" content=\"index, follow, max-snippet:-1, max-image-preview:large, max-video-preview:-1\" \/>\n<link rel=\"canonical\" href=\"https:\/\/rdosprings.com\/fr\/controle-de-la-qualite\/\" \/>\n<meta property=\"og:locale\" content=\"fr_FR\" \/>\n<meta property=\"og:type\" content=\"article\" \/>\n<meta property=\"og:title\" content=\"Notre d\u00e9marche qualit\u00e9 | RDO Springs sp\u00e9cialiste Fran\u00e7ais du ressort\" \/>\n<meta property=\"og:description\" content=\"La d\u00e9marche men\u00e9e par RDO Springs consiste \u00e0 fiabiliser au maximum ses proc\u00e9d\u00e9s \u00e0 chaque \u00e9tape de la r\u00e9alisation des produits.\" \/>\n<meta property=\"og:url\" content=\"https:\/\/rdosprings.com\/fr\/controle-de-la-qualite\/\" \/>\n<meta property=\"og:site_name\" content=\"RDO\" \/>\n<meta property=\"article:modified_time\" content=\"2020-11-30T15:06:34+00:00\" \/>\n<meta name=\"twitter:card\" content=\"summary_large_image\" \/>\n<meta name=\"twitter:label1\" content=\"Dur\u00e9e de lecture estim\u00e9e\" \/>\n\t<meta name=\"twitter:data1\" content=\"5 minutes\" \/>\n<script type=\"application\/ld+json\" class=\"yoast-schema-graph\">{\"@context\":\"https:\\\/\\\/schema.org\",\"@graph\":[{\"@type\":\"WebPage\",\"@id\":\"https:\\\/\\\/rdosprings.com\\\/fr\\\/controle-de-la-qualite\\\/\",\"url\":\"https:\\\/\\\/rdosprings.com\\\/fr\\\/controle-de-la-qualite\\\/\",\"name\":\"Notre d\u00e9marche qualit\u00e9 | RDO Springs sp\u00e9cialiste Fran\u00e7ais du ressort\",\"isPartOf\":{\"@id\":\"https:\\\/\\\/rdosprings.com\\\/fr\\\/#website\"},\"datePublished\":\"2020-04-06T08:57:02+00:00\",\"dateModified\":\"2020-11-30T15:06:34+00:00\",\"description\":\"La d\u00e9marche men\u00e9e par RDO Springs consiste \u00e0 fiabiliser au maximum ses proc\u00e9d\u00e9s \u00e0 chaque \u00e9tape de la r\u00e9alisation des produits.\",\"breadcrumb\":{\"@id\":\"https:\\\/\\\/rdosprings.com\\\/fr\\\/controle-de-la-qualite\\\/#breadcrumb\"},\"inLanguage\":\"fr-FR\",\"potentialAction\":[{\"@type\":\"ReadAction\",\"target\":[\"https:\\\/\\\/rdosprings.com\\\/fr\\\/controle-de-la-qualite\\\/\"]}]},{\"@type\":\"BreadcrumbList\",\"@id\":\"https:\\\/\\\/rdosprings.com\\\/fr\\\/controle-de-la-qualite\\\/#breadcrumb\",\"itemListElement\":[{\"@type\":\"ListItem\",\"position\":1,\"name\":\"Accueil\",\"item\":\"https:\\\/\\\/rdosprings.com\\\/fr\\\/\"},{\"@type\":\"ListItem\",\"position\":2,\"name\":\"Contr\u00f4le de la qualit\u00e9\"}]},{\"@type\":\"WebSite\",\"@id\":\"https:\\\/\\\/rdosprings.com\\\/fr\\\/#website\",\"url\":\"https:\\\/\\\/rdosprings.com\\\/fr\\\/\",\"name\":\"RDO\",\"description\":\"Fabrication de ressorts\",\"potentialAction\":[{\"@type\":\"SearchAction\",\"target\":{\"@type\":\"EntryPoint\",\"urlTemplate\":\"https:\\\/\\\/rdosprings.com\\\/fr\\\/?s={search_term_string}\"},\"query-input\":{\"@type\":\"PropertyValueSpecification\",\"valueRequired\":true,\"valueName\":\"search_term_string\"}}],\"inLanguage\":\"fr-FR\"}]}<\/script>\n<!-- \/ Yoast SEO plugin. -->","yoast_head_json":{"title":"Notre d\u00e9marche qualit\u00e9 | RDO Springs sp\u00e9cialiste Fran\u00e7ais du ressort","description":"La d\u00e9marche men\u00e9e par RDO Springs consiste \u00e0 fiabiliser au maximum ses proc\u00e9d\u00e9s \u00e0 chaque \u00e9tape de la r\u00e9alisation des produits.","robots":{"index":"index","follow":"follow","max-snippet":"max-snippet:-1","max-image-preview":"max-image-preview:large","max-video-preview":"max-video-preview:-1"},"canonical":"https:\/\/rdosprings.com\/fr\/controle-de-la-qualite\/","og_locale":"fr_FR","og_type":"article","og_title":"Notre d\u00e9marche qualit\u00e9 | RDO Springs sp\u00e9cialiste Fran\u00e7ais du ressort","og_description":"La d\u00e9marche men\u00e9e par RDO Springs consiste \u00e0 fiabiliser au maximum ses proc\u00e9d\u00e9s \u00e0 chaque \u00e9tape de la r\u00e9alisation des produits.","og_url":"https:\/\/rdosprings.com\/fr\/controle-de-la-qualite\/","og_site_name":"RDO","article_modified_time":"2020-11-30T15:06:34+00:00","twitter_card":"summary_large_image","twitter_misc":{"Dur\u00e9e de lecture estim\u00e9e":"5 minutes"},"schema":{"@context":"https:\/\/schema.org","@graph":[{"@type":"WebPage","@id":"https:\/\/rdosprings.com\/fr\/controle-de-la-qualite\/","url":"https:\/\/rdosprings.com\/fr\/controle-de-la-qualite\/","name":"Notre d\u00e9marche qualit\u00e9 | RDO Springs sp\u00e9cialiste Fran\u00e7ais du ressort","isPartOf":{"@id":"https:\/\/rdosprings.com\/fr\/#website"},"datePublished":"2020-04-06T08:57:02+00:00","dateModified":"2020-11-30T15:06:34+00:00","description":"La d\u00e9marche men\u00e9e par RDO Springs consiste \u00e0 fiabiliser au maximum ses proc\u00e9d\u00e9s \u00e0 chaque \u00e9tape de la r\u00e9alisation des produits.","breadcrumb":{"@id":"https:\/\/rdosprings.com\/fr\/controle-de-la-qualite\/#breadcrumb"},"inLanguage":"fr-FR","potentialAction":[{"@type":"ReadAction","target":["https:\/\/rdosprings.com\/fr\/controle-de-la-qualite\/"]}]},{"@type":"BreadcrumbList","@id":"https:\/\/rdosprings.com\/fr\/controle-de-la-qualite\/#breadcrumb","itemListElement":[{"@type":"ListItem","position":1,"name":"Accueil","item":"https:\/\/rdosprings.com\/fr\/"},{"@type":"ListItem","position":2,"name":"Contr\u00f4le de la qualit\u00e9"}]},{"@type":"WebSite","@id":"https:\/\/rdosprings.com\/fr\/#website","url":"https:\/\/rdosprings.com\/fr\/","name":"RDO","description":"Fabrication de ressorts","potentialAction":[{"@type":"SearchAction","target":{"@type":"EntryPoint","urlTemplate":"https:\/\/rdosprings.com\/fr\/?s={search_term_string}"},"query-input":{"@type":"PropertyValueSpecification","valueRequired":true,"valueName":"search_term_string"}}],"inLanguage":"fr-FR"}]}},"_links":{"self":[{"href":"https:\/\/rdosprings.com\/fr\/wp-json\/wp\/v2\/pages\/653","targetHints":{"allow":["GET"]}}],"collection":[{"href":"https:\/\/rdosprings.com\/fr\/wp-json\/wp\/v2\/pages"}],"about":[{"href":"https:\/\/rdosprings.com\/fr\/wp-json\/wp\/v2\/types\/page"}],"author":[{"embeddable":true,"href":"https:\/\/rdosprings.com\/fr\/wp-json\/wp\/v2\/users\/6"}],"replies":[{"embeddable":true,"href":"https:\/\/rdosprings.com\/fr\/wp-json\/wp\/v2\/comments?post=653"}],"version-history":[{"count":43,"href":"https:\/\/rdosprings.com\/fr\/wp-json\/wp\/v2\/pages\/653\/revisions"}],"predecessor-version":[{"id":2255,"href":"https:\/\/rdosprings.com\/fr\/wp-json\/wp\/v2\/pages\/653\/revisions\/2255"}],"wp:attachment":[{"href":"https:\/\/rdosprings.com\/fr\/wp-json\/wp\/v2\/media?parent=653"}],"curies":[{"name":"wp","href":"https:\/\/api.w.org\/{rel}","templated":true}]}}