{"id":765,"date":"2020-04-17T11:35:29","date_gmt":"2020-04-17T11:35:29","guid":{"rendered":"https:\/\/rdosprings.com\/?page_id=765"},"modified":"2020-10-19T14:43:56","modified_gmt":"2020-10-19T14:43:56","slug":"secteurs-dactivite","status":"publish","type":"page","link":"https:\/\/rdosprings.com\/fr\/secteurs-dactivite\/","title":{"rendered":"Secteurs d\u2019Activit\u00e9"},"content":{"rendered":"<div class=\"wpb-content-wrapper\"><p>[vc_row full_width=\u00a0\u00bbstretch_row_content_no_spaces\u00a0\u00bb el_class=\u00a0\u00bba-propos-bloc-head\u00a0\u00bb][vc_column][vc_column_text el_class=\u00a0\u00bba-propos-titre\u00a0\u00bb]<\/p>\n<h2>SECTEURS D&rsquo;ACTIVIT\u00c9<\/h2>\n<p>[\/vc_column_text][vc_empty_space height=\u00a0\u00bb70px\u00a0\u00bb][\/vc_column][\/vc_row][vc_row el_class=\u00a0\u00bbrangee-une\u00a0\u00bb][vc_column][vc_row_inner][vc_column_inner width=\u00a0\u00bb1\/2&Prime;][vc_column_text el_class=\u00a0\u00bbtexte-presentation\u00a0\u00bb]Forte d\u2019une totale implication dans la ma\u00eetrise de la qualit\u00e9 qu\u2019exigent ses clients (certifications qualit\u00e9 ISO 9001 et EN 9100), RDO Springs est fr\u00e9quemment audit\u00e9 et participe activement aux nombreux d\u00e9veloppements produits de ses clients, issus de diff\u00e9rents secteurs d\u2019activit\u00e9.[\/vc_column_text][vc_single_image image=\u00a0\u00bb773&Prime; img_size=\u00a0\u00bb485&#215;350&Prime;][\/vc_column_inner][vc_column_inner width=\u00a0\u00bb1\/2&Prime;][vc_single_image image=\u00a0\u00bb766&Prime; img_size=\u00a0\u00bbfull\u00a0\u00bb alignment=\u00a0\u00bbcenter\u00a0\u00bb][\/vc_column_inner][\/vc_row_inner][vc_empty_space height=\u00a0\u00bb60px\u00a0\u00bb][\/vc_column][\/vc_row][vc_row el_class=\u00a0\u00bbrangee-secteurs\u00a0\u00bb][vc_column][vc_row_inner][vc_column_inner el_class=\u00a0\u00bbcolonne-une\u00a0\u00bb width=\u00a0\u00bb1\/2&Prime;][vc_column_text el_class=\u00a0\u00bbsous-titre-right\u00a0\u00bb]Pharmacie &amp; M\u00e9dical :[\/vc_column_text][vc_column_text el_class=\u00a0\u00bbtexte-presentation right texte-pharmacie\u00a0\u00bb]Supervision automatis\u00e9e de production et nettoyage en salle blanche des ressorts produits pour cette activit\u00e9.<br \/>\nLes produits sont conditionn\u00e9s en atmosph\u00e8re saine (salle blanche) et doivent pr\u00e9senter une propret\u00e9 irr\u00e9prochable.[\/vc_column_text][vc_column_text el_class=\u00a0\u00bbsous-titre-right\u00a0\u00bb]Automobile &amp; Agricole :[\/vc_column_text][vc_column_text el_class=\u00a0\u00bbtexte-presentation right special\u00a0\u00bb]Ressorts de diff\u00e9rents types et formes utilis\u00e9s pour r\u00e9pondre aux exigences des principaux sous-traitants du secteur.[\/vc_column_text][vc_column_text el_class=\u00a0\u00bbsous-titre-right\u00a0\u00bb]A\u00e9ronautique, Spatial et D\u00e9fense :[\/vc_column_text][vc_column_text el_class=\u00a0\u00bbtexte-presentation left\u00a0\u00bb]<\/p>\n<ul>\n<li>Fabrication de pi\u00e8ces par \u00e9lectro-\u00e9rosion, donnant une pr\u00e9cision de l\u2019ordre du micron,<\/li>\n<li>Finition unitaire des pi\u00e8ces,<\/li>\n<li>Utilisation et traitements thermiques des alliages sp\u00e9ciaux,<\/li>\n<li>Fabrication de pi\u00e8ces tr\u00e8s complexes,<\/li>\n<\/ul>\n<p>[\/vc_column_text][\/vc_column_inner][vc_column_inner el_class=\u00a0\u00bbcolonne-deux\u00a0\u00bb width=\u00a0\u00bb1\/2&Prime;][vc_column_text el_class=\u00a0\u00bbsous-titre-left\u00a0\u00bb]Parfumerie &amp; Cosm\u00e9tique : [\/vc_column_text][vc_column_text el_class=\u00a0\u00bbtexte-presentation left\u00a0\u00bb]Supervision automatis\u00e9e de production.<br \/>\nLes ressorts produits font l\u2019objet de contr\u00f4les rigoureux pilot\u00e9s par un robot de contr\u00f4le qui pilote et surveille en permanence l\u2019exactitude des tol\u00e9rances demand\u00e9es.[\/vc_column_text][vc_column_text el_class=\u00a0\u00bbsous-titre-left\u00a0\u00bb]<\/p>\n<p>Textile :[\/vc_column_text][vc_column_text el_class=\u00a0\u00bbtexte-presentation left\u00a0\u00bb]Fabrication et montage sur des peignes de plusieurs centaines de r\u00e9f\u00e9rences de ressorts pour m\u00e9tiers \u00e0 tisser.[\/vc_column_text][vc_column_text el_class=\u00a0\u00bbsous-titre-left\u00a0\u00bb]Mais aussi : [\/vc_column_text][vc_column_text el_class=\u00a0\u00bbtexte-presentation left\u00a0\u00bb]<\/p>\n<ul>\n<li>Bureautique,<\/li>\n<li>\u00c9lectrique, Electronique, Informatique,<\/li>\n<li>Robinetterie Industrielle<\/li>\n<li>Nucl\u00e9aire<\/li>\n<\/ul>\n<p>[\/vc_column_text][\/vc_column_inner][\/vc_row_inner][vc_empty_space height=\u00a0\u00bb50px\u00a0\u00bb][\/vc_column][\/vc_row][vc_row full_width=\u00a0\u00bbstretch_row_content_no_spaces\u00a0\u00bb el_class=\u00a0\u00bbbloc-image-ressorts\u00a0\u00bb][vc_column][vc_single_image image=\u00a0\u00bb767&Prime; img_size=\u00a0\u00bbfull\u00a0\u00bb alignment=\u00a0\u00bbcenter\u00a0\u00bb][\/vc_column][\/vc_row][vc_row full_width=\u00a0\u00bbstretch_row_content_no_spaces\u00a0\u00bb el_class=\u00a0\u00bbcoordonnees-home\u00a0\u00bb css=\u00a0\u00bb.vc_custom_1586160041817{background-image: url(https:\/\/rdosprings.com\/wp-content\/uploads\/2020\/04\/fond-coordonn\u00e9es.png?id=533) !important;background-position: center !important;background-repeat: no-repeat !important;background-size: cover !important;}\u00a0\u00bb][vc_column][vc_row_inner][vc_column_inner width=\u00a0\u00bb1\/2&Prime;][vc_single_image image=\u00a0\u00bb534&Prime; img_size=\u00a0\u00bbfull\u00a0\u00bb alignment=\u00a0\u00bbcenter\u00a0\u00bb][\/vc_column_inner][vc_column_inner width=\u00a0\u00bb1\/2&Prime;][vc_column_text el_class=\u00a0\u00bbtexte-coordonnes1&Prime;]RDO Springs<br \/>\n10 RUE BENJAMIN DELESSERT<br \/>\n60510 BRESLES[\/vc_column_text][vc_column_text el_class=\u00a0\u00bbtexte-coordonnes2&Prime;]contact@rdosprings.com<br \/>\nwww.rdosprings.com[\/vc_column_text][\/vc_column_inner][\/vc_row_inner][\/vc_column][\/vc_row]<\/p>\n<\/div>","protected":false},"excerpt":{"rendered":"<p>[vc_row full_width=\u00a0\u00bbstretch_row_content_no_spaces\u00a0\u00bb el_class=\u00a0\u00bba-propos-bloc-head\u00a0\u00bb][vc_column][vc_column_text el_class=\u00a0\u00bba-propos-titre\u00a0\u00bb] SECTEURS D&rsquo;ACTIVIT\u00c9 [\/vc_column_text][vc_empty_space height=\u00a0\u00bb70px\u00a0\u00bb][\/vc_column][\/vc_row][vc_row el_class=\u00a0\u00bbrangee-une\u00a0\u00bb][vc_column][vc_row_inner][vc_column_inner width=\u00a0\u00bb1\/2&Prime;][vc_column_text el_class=\u00a0\u00bbtexte-presentation\u00a0\u00bb]Forte d\u2019une totale implication dans la ma\u00eetrise de la qualit\u00e9 qu\u2019exigent ses clients (certifications qualit\u00e9 ISO 9001 et EN 9100), RDO Springs est fr\u00e9quemment audit\u00e9 et participe activement aux nombreux d\u00e9veloppements produits de ses clients, issus de diff\u00e9rents secteurs d\u2019activit\u00e9.[\/vc_column_text][vc_single_image image=\u00a0\u00bb773&Prime; img_size=\u00a0\u00bb485&#215;350&Prime;][\/vc_column_inner][vc_column_inner width=\u00a0\u00bb1\/2&Prime;][vc_single_image image=\u00a0\u00bb766&Prime; img_size=\u00a0\u00bbfull\u00a0\u00bb<\/p>\n","protected":false},"author":6,"featured_media":0,"parent":0,"menu_order":0,"comment_status":"closed","ping_status":"closed","template":"","meta":{"footnotes":""},"class_list":["post-765","page","type-page","status-publish","hentry"],"yoast_head":"<!-- This site is optimized with the Yoast SEO plugin v27.5 - https:\/\/yoast.com\/product\/yoast-seo-wordpress\/ -->\n<title>Nos secteurs d&#039;activit\u00e9 | RDO Springs sp\u00e9cialiste Fran\u00e7ais du ressort<\/title>\n<meta name=\"description\" content=\"Forte d\u2019une totale implication dans la ma\u00eetrise de la qualit\u00e9, RDO springs regroupe les secteurs d&#039;activit\u00e9s suivants : textile, bureautique, automobile\u2026\" \/>\n<meta name=\"robots\" content=\"index, follow, max-snippet:-1, max-image-preview:large, max-video-preview:-1\" \/>\n<link rel=\"canonical\" href=\"https:\/\/rdosprings.com\/fr\/secteurs-dactivite\/\" \/>\n<meta property=\"og:locale\" content=\"fr_FR\" \/>\n<meta property=\"og:type\" content=\"article\" \/>\n<meta property=\"og:title\" content=\"Nos secteurs d&#039;activit\u00e9 | RDO Springs sp\u00e9cialiste Fran\u00e7ais du ressort\" \/>\n<meta property=\"og:description\" content=\"Forte d\u2019une totale implication dans la ma\u00eetrise de la qualit\u00e9, RDO springs regroupe les secteurs d&#039;activit\u00e9s suivants : textile, bureautique, automobile\u2026\" \/>\n<meta property=\"og:url\" content=\"https:\/\/rdosprings.com\/fr\/secteurs-dactivite\/\" \/>\n<meta property=\"og:site_name\" content=\"RDO\" \/>\n<meta property=\"article:modified_time\" content=\"2020-10-19T14:43:56+00:00\" \/>\n<meta name=\"twitter:card\" content=\"summary_large_image\" \/>\n<meta name=\"twitter:label1\" content=\"Dur\u00e9e de lecture estim\u00e9e\" \/>\n\t<meta name=\"twitter:data1\" content=\"3 minutes\" \/>\n<script type=\"application\/ld+json\" class=\"yoast-schema-graph\">{\"@context\":\"https:\\\/\\\/schema.org\",\"@graph\":[{\"@type\":\"WebPage\",\"@id\":\"https:\\\/\\\/rdosprings.com\\\/fr\\\/secteurs-dactivite\\\/\",\"url\":\"https:\\\/\\\/rdosprings.com\\\/fr\\\/secteurs-dactivite\\\/\",\"name\":\"Nos secteurs d'activit\u00e9 | RDO Springs sp\u00e9cialiste Fran\u00e7ais du ressort\",\"isPartOf\":{\"@id\":\"https:\\\/\\\/rdosprings.com\\\/fr\\\/#website\"},\"datePublished\":\"2020-04-17T11:35:29+00:00\",\"dateModified\":\"2020-10-19T14:43:56+00:00\",\"description\":\"Forte d\u2019une totale implication dans la ma\u00eetrise de la qualit\u00e9, RDO springs regroupe les secteurs d'activit\u00e9s suivants : textile, bureautique, automobile\u2026\",\"breadcrumb\":{\"@id\":\"https:\\\/\\\/rdosprings.com\\\/fr\\\/secteurs-dactivite\\\/#breadcrumb\"},\"inLanguage\":\"fr-FR\",\"potentialAction\":[{\"@type\":\"ReadAction\",\"target\":[\"https:\\\/\\\/rdosprings.com\\\/fr\\\/secteurs-dactivite\\\/\"]}]},{\"@type\":\"BreadcrumbList\",\"@id\":\"https:\\\/\\\/rdosprings.com\\\/fr\\\/secteurs-dactivite\\\/#breadcrumb\",\"itemListElement\":[{\"@type\":\"ListItem\",\"position\":1,\"name\":\"Accueil\",\"item\":\"https:\\\/\\\/rdosprings.com\\\/fr\\\/\"},{\"@type\":\"ListItem\",\"position\":2,\"name\":\"Secteurs d\u2019Activit\u00e9\"}]},{\"@type\":\"WebSite\",\"@id\":\"https:\\\/\\\/rdosprings.com\\\/fr\\\/#website\",\"url\":\"https:\\\/\\\/rdosprings.com\\\/fr\\\/\",\"name\":\"RDO\",\"description\":\"Fabrication de ressorts\",\"potentialAction\":[{\"@type\":\"SearchAction\",\"target\":{\"@type\":\"EntryPoint\",\"urlTemplate\":\"https:\\\/\\\/rdosprings.com\\\/fr\\\/?s={search_term_string}\"},\"query-input\":{\"@type\":\"PropertyValueSpecification\",\"valueRequired\":true,\"valueName\":\"search_term_string\"}}],\"inLanguage\":\"fr-FR\"}]}<\/script>\n<!-- \/ Yoast SEO plugin. -->","yoast_head_json":{"title":"Nos secteurs d'activit\u00e9 | RDO Springs sp\u00e9cialiste Fran\u00e7ais du ressort","description":"Forte d\u2019une totale implication dans la ma\u00eetrise de la qualit\u00e9, RDO springs regroupe les secteurs d'activit\u00e9s suivants : textile, bureautique, automobile\u2026","robots":{"index":"index","follow":"follow","max-snippet":"max-snippet:-1","max-image-preview":"max-image-preview:large","max-video-preview":"max-video-preview:-1"},"canonical":"https:\/\/rdosprings.com\/fr\/secteurs-dactivite\/","og_locale":"fr_FR","og_type":"article","og_title":"Nos secteurs d'activit\u00e9 | RDO Springs sp\u00e9cialiste Fran\u00e7ais du ressort","og_description":"Forte d\u2019une totale implication dans la ma\u00eetrise de la qualit\u00e9, RDO springs regroupe les secteurs d'activit\u00e9s suivants : textile, bureautique, automobile\u2026","og_url":"https:\/\/rdosprings.com\/fr\/secteurs-dactivite\/","og_site_name":"RDO","article_modified_time":"2020-10-19T14:43:56+00:00","twitter_card":"summary_large_image","twitter_misc":{"Dur\u00e9e de lecture estim\u00e9e":"3 minutes"},"schema":{"@context":"https:\/\/schema.org","@graph":[{"@type":"WebPage","@id":"https:\/\/rdosprings.com\/fr\/secteurs-dactivite\/","url":"https:\/\/rdosprings.com\/fr\/secteurs-dactivite\/","name":"Nos secteurs d'activit\u00e9 | RDO Springs sp\u00e9cialiste Fran\u00e7ais du ressort","isPartOf":{"@id":"https:\/\/rdosprings.com\/fr\/#website"},"datePublished":"2020-04-17T11:35:29+00:00","dateModified":"2020-10-19T14:43:56+00:00","description":"Forte d\u2019une totale implication dans la ma\u00eetrise de la qualit\u00e9, RDO springs regroupe les secteurs d'activit\u00e9s suivants : textile, bureautique, automobile\u2026","breadcrumb":{"@id":"https:\/\/rdosprings.com\/fr\/secteurs-dactivite\/#breadcrumb"},"inLanguage":"fr-FR","potentialAction":[{"@type":"ReadAction","target":["https:\/\/rdosprings.com\/fr\/secteurs-dactivite\/"]}]},{"@type":"BreadcrumbList","@id":"https:\/\/rdosprings.com\/fr\/secteurs-dactivite\/#breadcrumb","itemListElement":[{"@type":"ListItem","position":1,"name":"Accueil","item":"https:\/\/rdosprings.com\/fr\/"},{"@type":"ListItem","position":2,"name":"Secteurs d\u2019Activit\u00e9"}]},{"@type":"WebSite","@id":"https:\/\/rdosprings.com\/fr\/#website","url":"https:\/\/rdosprings.com\/fr\/","name":"RDO","description":"Fabrication de ressorts","potentialAction":[{"@type":"SearchAction","target":{"@type":"EntryPoint","urlTemplate":"https:\/\/rdosprings.com\/fr\/?s={search_term_string}"},"query-input":{"@type":"PropertyValueSpecification","valueRequired":true,"valueName":"search_term_string"}}],"inLanguage":"fr-FR"}]}},"_links":{"self":[{"href":"https:\/\/rdosprings.com\/fr\/wp-json\/wp\/v2\/pages\/765","targetHints":{"allow":["GET"]}}],"collection":[{"href":"https:\/\/rdosprings.com\/fr\/wp-json\/wp\/v2\/pages"}],"about":[{"href":"https:\/\/rdosprings.com\/fr\/wp-json\/wp\/v2\/types\/page"}],"author":[{"embeddable":true,"href":"https:\/\/rdosprings.com\/fr\/wp-json\/wp\/v2\/users\/6"}],"replies":[{"embeddable":true,"href":"https:\/\/rdosprings.com\/fr\/wp-json\/wp\/v2\/comments?post=765"}],"version-history":[{"count":15,"href":"https:\/\/rdosprings.com\/fr\/wp-json\/wp\/v2\/pages\/765\/revisions"}],"predecessor-version":[{"id":1059,"href":"https:\/\/rdosprings.com\/fr\/wp-json\/wp\/v2\/pages\/765\/revisions\/1059"}],"wp:attachment":[{"href":"https:\/\/rdosprings.com\/fr\/wp-json\/wp\/v2\/media?parent=765"}],"curies":[{"name":"wp","href":"https:\/\/api.w.org\/{rel}","templated":true}]}}