{"id":808,"date":"2020-04-24T08:11:22","date_gmt":"2020-04-24T08:11:22","guid":{"rendered":"https:\/\/rdosprings.com\/?page_id=808"},"modified":"2020-10-27T15:39:06","modified_gmt":"2020-10-27T15:39:06","slug":"ressort-de-traction","status":"publish","type":"page","link":"https:\/\/rdosprings.com\/fr\/ressort-de-traction\/","title":{"rendered":"Ressort de traction"},"content":{"rendered":"<div class=\"wpb-content-wrapper\"><p>[vc_row full_width=\u00a0\u00bbstretch_row_content_no_spaces\u00a0\u00bb el_class=\u00a0\u00bba-propos-bloc-head\u00a0\u00bb][vc_column][\/vc_column][\/vc_row][vc_row][vc_column][vc_single_image image=\u00a0\u00bb919&Prime; img_size=\u00a0\u00bbfull\u00a0\u00bb alignment=\u00a0\u00bbcenter\u00a0\u00bb][vc_column_text el_class=\u00a0\u00bba-propos-titre titre-ressors a-propos-before\u00a0\u00bb]<\/p>\n<h2 style=\"text-align: center;\">RESSORT DE <strong>TRACTION<\/strong><\/h2>\n<p>[\/vc_column_text][vc_row_inner el_class=\u00a0\u00bbrangee-vertical\u00a0\u00bb][vc_column_inner width=\u00a0\u00bb1\/2&Prime;][vc_column_text el_class=\u00a0\u00bbtitre-savoir-faire savoirfaire\u00a0\u00bb]D\u00c9FINITION :[\/vc_column_text][vc_column_text el_class=\u00a0\u00bbtexte-savoir-faire\u00a0\u00bb]Les ressorts de traction ont pour fonction de revenir \u00e0 leur \u00e9tat initial apr\u00e8s \u00e9tirement.<\/p>\n<ul>\n<li>Ils s\u2019\u00e9tirent durant leur phase o\u00f9 ils sont soumis \u00e0 une force.<\/li>\n<li>Puis reviennent \u00e0 leur forme d\u2019origine apr\u00e8s suppression de la contrainte.<\/li>\n<\/ul>\n<p>&nbsp;<\/p>\n<p>Ils sont souvent utilis\u00e9s comme ressorts de rappel et sont par exemple utilis\u00e9s pour des portes de garage ou des syst\u00e8mes pour le milieu agricole.<\/p>\n<p>Les extr\u00e9mit\u00e9s de ces ressorts sont finalis\u00e9es avec diff\u00e9rents types de boucles :<\/p>\n<ul>\n<li>Boucle dite \u00ab <strong>Anglaise <\/strong>\u00bb : centr\u00e9e dans l\u2019axe du ressort<\/li>\n<li>Boucle \u00ab <strong>Allemande <\/strong>\u00bb : simple ou double dont l\u2019amor\u00e7age est sur un cot\u00e9<\/li>\n<li><strong>Crochet allong\u00e9<\/strong>, lat\u00e9ral, tournant, viss\u00e9<\/li>\n<li>Embouts <strong>viss\u00e9s\/sertis<\/strong> dans le ressort<\/li>\n<\/ul>\n<p>[\/vc_column_text][\/vc_column_inner][vc_column_inner width=\u00a0\u00bb1\/2&Prime;][vc_images_carousel images=\u00a0\u00bb1200,1201,1202,1203,1204&Prime; img_size=\u00a0\u00bbfull\u00a0\u00bb autoplay=\u00a0\u00bbyes\u00a0\u00bb hide_pagination_control=\u00a0\u00bbyes\u00a0\u00bb][\/vc_column_inner][\/vc_row_inner][vc_empty_space height=\u00a0\u00bb50px\u00a0\u00bb][\/vc_column][\/vc_row][vc_row][vc_column][vc_row_inner el_class=\u00a0\u00bbrangee-vertical\u00a0\u00bb][vc_column_inner width=\u00a0\u00bb1\/2&Prime;][vc_raw_html]JTNDdmlkZW8lMjBjb250cm9scyUyMG11dGVkJTIwd2lkdGglM0QlMjIxMDAlMjUlMjIlM0UlMEElMEElMjAlMjAlMjAlMjAlM0Nzb3VyY2UlMjBzcmMlM0QlMjIlMkZ3cC1jb250ZW50JTJGdXBsb2FkcyUyRjIwMjAlMkYwNiUyRnJlc3NvcnQtdHJhY3Rpb24tZmFicmljYXRpb24ubW92JTIyJTBBJTIwJTIwJTIwJTIwJTIwJTIwJTIwJTIwJTIwJTIwJTIwJTIwdHlwZSUzRCUyMnZpZGVvJTJGbXA0JTIyJTNFJTBBJTNDJTJGdmlkZW8lM0UlMEE=[\/vc_raw_html][\/vc_column_inner][vc_column_inner width=\u00a0\u00bb1\/2&Prime;][vc_column_text el_class=\u00a0\u00bbtitre-savoir-faire savoirfaire\u00a0\u00bb]FABRICATION :[\/vc_column_text][vc_column_text el_class=\u00a0\u00bbtexte-savoir-faire\u00a0\u00bb]<\/p>\n<ul>\n<li>Petite s\u00e9rie (&lt;250 pi\u00e8ces), Moyenne s\u00e9rie (&lt;400 000 pi\u00e8ces)<\/li>\n<li>Production en automatique : fil de 0.1 \u00e0 8 mm<\/li>\n<li>RDO Springs produit plusieurs millions de ressorts de traction chaque ann\u00e9e<\/li>\n<\/ul>\n<p>[\/vc_column_text][\/vc_column_inner][\/vc_row_inner][vc_empty_space height=\u00a0\u00bb50px\u00a0\u00bb][\/vc_column][\/vc_row][vc_row el_class=\u00a0\u00bbrangee-plan\u00a0\u00bb][vc_column][vc_row_inner el_class=\u00a0\u00bbrangee-vertical\u00a0\u00bb][vc_column_inner width=\u00a0\u00bb1\/2&Prime;][vc_column_text el_class=\u00a0\u00bbtitre-savoir-faire savoirfaire\u00a0\u00bb]CALCULS &#8211; PLANS &#8211; COTATION TECHNIQUE :[\/vc_column_text][vc_column_text el_class=\u00a0\u00bbtexte-savoir-faire\u00a0\u00bb]Les ressorts avec boucles standards ne sont pas compliqu\u00e9s \u00e0 r\u00e9aliser. Toutefois, en fonction des caract\u00e9ristiques de tenue de charge, ils doivent faire l\u2019objet d\u2019un plan transmis \u00e0 notre bureau d\u2019\u00e9tude afin de v\u00e9rifier les cotations lorsqu\u2019ils sont soumis \u00e0 ces m\u00eames charges.<\/p>\n<p>De nombreuses c\u00f4tes utiles sont n\u00e9cessaires quant \u00e0 son \u00e9laboration, parmi lesquelles les diam\u00e8tres du fil et de l\u2019int\u00e9rieur, les sens d\u2019enroulement, les charges \u00e0 encaisser\/restituer, et les diff\u00e9rentes longueurs utiles.[\/vc_column_text][\/vc_column_inner][vc_column_inner width=\u00a0\u00bb1\/2&Prime;][vc_single_image image=\u00a0\u00bb1245&Prime; img_size=\u00a0\u00bbfull\u00a0\u00bb alignment=\u00a0\u00bbcenter\u00a0\u00bb][\/vc_column_inner][\/vc_row_inner][vc_row_inner][vc_column_inner][vc_empty_space height=\u00a0\u00bb70px\u00a0\u00bb][\/vc_column_inner][\/vc_row_inner][vc_row_inner el_class=\u00a0\u00bbrangee-vertical\u00a0\u00bb][vc_column_inner width=\u00a0\u00bb1\/2&Prime;][vc_single_image image=\u00a0\u00bb1246&Prime; img_size=\u00a0\u00bbfull\u00a0\u00bb alignment=\u00a0\u00bbcenter\u00a0\u00bb][\/vc_column_inner][vc_column_inner width=\u00a0\u00bb1\/2&Prime;][vc_column_text el_class=\u00a0\u00bbtexte-savoir-faire right\u00a0\u00bb]Lorsque le plan est r\u00e9alis\u00e9 et transmis, notre Bureau d\u2019\u00e9tude<br \/>\nv\u00e9rifie les c\u00f4tes et vous rappelle si n\u00e9cessaire.<\/p>\n<p>Des tests sont alors men\u00e9s pour v\u00e9rifier que les caract\u00e9ristiques demand\u00e9es peuvent \u00eatre valid\u00e9es sur des \u00e9chantillons initiaux[\/vc_column_text][\/vc_column_inner][\/vc_row_inner][vc_empty_space height=\u00a0\u00bb50px\u00a0\u00bb][\/vc_column][\/vc_row][vc_row][vc_column][vc_row_inner][vc_column_inner width=\u00a0\u00bb1\/4&Prime;][\/vc_column_inner][vc_column_inner width=\u00a0\u00bb1\/2&Prime;][vc_column_text el_class=\u00a0\u00bbtitre-savoir-faire titre-center titre-special\u00a0\u00bb]\u00c9QUIPEMENT :[\/vc_column_text][\/vc_column_inner][vc_column_inner width=\u00a0\u00bb1\/4&Prime;][\/vc_column_inner][\/vc_row_inner][vc_empty_space height=\u00a0\u00bb50px\u00a0\u00bb][\/vc_column][\/vc_row][vc_row el_class=\u00a0\u00bbbarre-violette-bottom\u00a0\u00bb][vc_column][vc_row_inner el_class=\u00a0\u00bbrangee-vertical\u00a0\u00bb][vc_column_inner width=\u00a0\u00bb1\/2&Prime;][vc_column_text el_class=\u00a0\u00bbrdo-equipe\u00a0\u00bb]<strong>RDO Springs est \u00e9quip\u00e9e : <\/strong>[\/vc_column_text][vc_column_text el_class=\u00a0\u00bbtexte-savoir-faire equipe\u00a0\u00bb]<\/p>\n<ul>\n<li>De plusieurs dizaines de machines de fabrication tr\u00e8s modernes pour la fabrication de ces ressorts.<\/li>\n<li>De plusieurs logiciels r\u00e9cents pour les calculs des c\u00f4tes et charges statiques et dynamiques sur les ressorts,<\/li>\n<li>De tous les instruments de contr\u00f4le n\u00e9cessaires \u00e0 la v\u00e9rification des c\u00f4tes demand\u00e9s (projecteur de profil, prises de cot\u00e9 par imagerie, LED 2D, LED 3D \u2026)<\/li>\n<\/ul>\n<p>&nbsp;<\/p>\n<p>[\/vc_column_text][\/vc_column_inner][vc_column_inner width=\u00a0\u00bb1\/2&Prime;][vc_single_image image=\u00a0\u00bb811&Prime; img_size=\u00a0\u00bbfull\u00a0\u00bb alignment=\u00a0\u00bbcenter\u00a0\u00bb][\/vc_column_inner][\/vc_row_inner][vc_empty_space height=\u00a0\u00bb50px\u00a0\u00bb][\/vc_column][\/vc_row][vc_row el_class=\u00a0\u00bbbarre-violette-bottom\u00a0\u00bb][vc_column][vc_column_text el_class=\u00a0\u00bbtitre-savoir-faire titre-center savoirfaire\u00a0\u00bb]TRAITEMENT FINAL DU RESSORT PRODUIT :[\/vc_column_text][vc_column_text el_class=\u00a0\u00bbtexte-savoir-faire\u00a0\u00bb]Plusieurs millions de combinaisons sont r\u00e9alisables en fonction des caract\u00e9ristiques m\u00e9caniques demand\u00e9es sur les dimensions ou les r\u00e9sistances.<\/p>\n<p>Pour qu\u2019un ressort r\u00e9ponde dans la dur\u00e9e \u00e0 vos exigences, des traitements thermiques (fours) sont r\u00e9alis\u00e9s. Des traitements chimiques peuvent \u00eatre \u00e9galement r\u00e9alis\u00e9s (tribofinition ou passivation) afin de garantir ces caract\u00e9ristiques dans la dur\u00e9e.<\/p>\n<p>RDO Springs est \u00e9quip\u00e9e de 2 cha\u00eenes modernes pour ces op\u00e9rations.<\/p>\n<p>Des op\u00e9rations de sous-traitance (peinture, cataphor\u00e8se, traitements chimiques) peuvent \u00eatre r\u00e9alis\u00e9es chez un sous-traitant situ\u00e9 \u00e0 proximit\u00e9 de notre unit\u00e9 de production.[\/vc_column_text][vc_empty_space height=\u00a0\u00bb45px\u00a0\u00bb][\/vc_column][\/vc_row][vc_row el_class=\u00a0\u00bbbarre-violette-bottom\u00a0\u00bb][vc_column][vc_row_inner][vc_column_inner width=\u00a0\u00bb1\/4&Prime;][\/vc_column_inner][vc_column_inner width=\u00a0\u00bb1\/2&Prime;][vc_column_text el_class=\u00a0\u00bbtitre-savoir-faire titre-center titre-special\u00a0\u00bb]MATI\u00c8RES TRAVAILL\u00c9ES :[\/vc_column_text][\/vc_column_inner][vc_column_inner width=\u00a0\u00bb1\/4&Prime;][\/vc_column_inner][\/vc_row_inner][vc_row_inner][vc_column_inner width=\u00a0\u00bb1\/2&Prime;][vc_column_text el_class=\u00a0\u00bbtexte-savoir-faire\u00a0\u00bb]<\/p>\n<ul>\n<li>Inox doux 1.4301 \u2022 Inox implantable 1.4441<\/li>\n<li>Inconel 600, 625, 718, 750 \u2022 Monel, Nimonic, Uranus, Titane \u2026<\/li>\n<li>Bronze phosphoreux, b\u00e9ryllium, cuivre, laiton<\/li>\n<li>Acier pr\u00e9-rev\u00eatu SM galvanis\u00e9, SH galvanis\u00e9, SM Bezinal \u00a9,<br \/>\nSH bezinal \u00a9<\/li>\n<\/ul>\n<p>[\/vc_column_text][\/vc_column_inner][vc_column_inner width=\u00a0\u00bb1\/2&Prime;][vc_column_text el_class=\u00a0\u00bbtexte-savoir-faire\u00a0\u00bb]<\/p>\n<ul>\n<li>Section carr\u00e9e, section rectangulaire<\/li>\n<li>Acier ressort SM, SH, DH&#8230;<\/li>\n<li>Chrome silisium Oteva \u00a9, Stato \u00a9, b\u00e9crosi \u00a9<\/li>\n<li>Inox 1.4310, 1.4310 HS, 1.4401, 1.4568, 1.4462<\/li>\n<\/ul>\n<p>[\/vc_column_text][\/vc_column_inner][\/vc_row_inner][vc_empty_space height=\u00a0\u00bb50px\u00a0\u00bb][\/vc_column][\/vc_row][vc_row][vc_column][vc_row_inner][vc_column_inner width=\u00a0\u00bb2\/3&Prime;][vc_column_text el_class=\u00a0\u00bbtitre-savoir-faire titre-center savoirfaire\u00a0\u00bb]NOS CONSEILS :[\/vc_column_text][vc_column_text el_class=\u00a0\u00bbtexte-savoir-faire conseils\u00a0\u00bb]La fabrication des ressorts de traction s\u2019appuie sur plusieurs normes internationales qui d\u00e9finissent les tol\u00e9rances et le processus standard de r\u00e9alisation.<\/p>\n<p><strong>RDO Springs y r\u00e9pond et est certifi\u00e9e ISO 9001 (Qualit\u00e9) et EN 9100 (Qualit\u00e9 ++ : secteurs A\u00e9ronautique, Spatial, D\u00e9fense) prouvant son tr\u00e8s grand savoir-faire en la mati\u00e8re.<\/strong><\/p>\n<p>Il n\u2019existe pas de ressorts dits \u00ab standard \u00bb. Chaque ressort est sp\u00e9cifique et exige une d\u00e9marche adapt\u00e9e nous permettant de r\u00e9pondre \u00e0 vos exigences[\/vc_column_text][\/vc_column_inner][vc_column_inner width=\u00a0\u00bb1\/3&Prime;][vc_single_image image=\u00a0\u00bb701&Prime; img_size=\u00a0\u00bbfull\u00a0\u00bb alignment=\u00a0\u00bbcenter\u00a0\u00bb][vc_column_text el_class=\u00a0\u00bbISO\u00a0\u00bb]ISO 9001<br \/>\nEN 9100[\/vc_column_text][vc_btn title=\u00a0\u00bbNos certifications\u00a0\u00bb link=\u00a0\u00bburl:%2F%3Fpage_id%3D970|||\u00a0\u00bb el_class=\u00a0\u00bbiso-btn\u00a0\u00bb][vc_empty_space height=\u00a0\u00bb40px\u00a0\u00bb][\/vc_column_inner][\/vc_row_inner][\/vc_column][\/vc_row][vc_row full_width=\u00a0\u00bbstretch_row_content_no_spaces\u00a0\u00bb el_class=\u00a0\u00bbcoordonnees-home\u00a0\u00bb css=\u00a0\u00bb.vc_custom_1586160041817{background-image: url(https:\/\/rdosprings.com\/wp-content\/uploads\/2020\/04\/fond-coordonn\u00e9es.png?id=533) !important;background-position: center !important;background-repeat: no-repeat !important;background-size: cover !important;}\u00a0\u00bb][vc_column][vc_row_inner][vc_column_inner width=\u00a0\u00bb1\/2&Prime;][vc_single_image image=\u00a0\u00bb534&Prime; img_size=\u00a0\u00bbfull\u00a0\u00bb alignment=\u00a0\u00bbcenter\u00a0\u00bb][\/vc_column_inner][vc_column_inner width=\u00a0\u00bb1\/2&Prime;][vc_column_text el_class=\u00a0\u00bbtexte-coordonnes1&Prime;]RDO Springs<br \/>\n10 RUE BENJAMIN DELESSERT<br \/>\n60510 BRESLES[\/vc_column_text][vc_column_text el_class=\u00a0\u00bbtexte-coordonnes2&Prime;]contact@rdosprings.com<br \/>\nwww.rdosprings.com[\/vc_column_text][\/vc_column_inner][\/vc_row_inner][\/vc_column][\/vc_row][vc_row][vc_column][\/vc_column][\/vc_row]<\/p>\n<\/div>","protected":false},"excerpt":{"rendered":"<p>[vc_row full_width=\u00a0\u00bbstretch_row_content_no_spaces\u00a0\u00bb el_class=\u00a0\u00bba-propos-bloc-head\u00a0\u00bb][vc_column][\/vc_column][\/vc_row][vc_row][vc_column][vc_single_image image=\u00a0\u00bb919&Prime; img_size=\u00a0\u00bbfull\u00a0\u00bb alignment=\u00a0\u00bbcenter\u00a0\u00bb][vc_column_text el_class=\u00a0\u00bba-propos-titre titre-ressors a-propos-before\u00a0\u00bb] RESSORT DE TRACTION [\/vc_column_text][vc_row_inner el_class=\u00a0\u00bbrangee-vertical\u00a0\u00bb][vc_column_inner width=\u00a0\u00bb1\/2&Prime;][vc_column_text el_class=\u00a0\u00bbtitre-savoir-faire savoirfaire\u00a0\u00bb]D\u00c9FINITION :[\/vc_column_text][vc_column_text el_class=\u00a0\u00bbtexte-savoir-faire\u00a0\u00bb]Les ressorts de traction ont pour fonction de revenir \u00e0 leur \u00e9tat initial apr\u00e8s \u00e9tirement. Ils s\u2019\u00e9tirent durant leur phase o\u00f9 ils sont soumis \u00e0 une force. Puis reviennent \u00e0 leur forme d\u2019origine apr\u00e8s suppression de la<\/p>\n","protected":false},"author":6,"featured_media":0,"parent":0,"menu_order":0,"comment_status":"closed","ping_status":"closed","template":"","meta":{"footnotes":""},"yoast_head":"<!-- This site is optimized with the Yoast SEO plugin v21.7 - https:\/\/yoast.com\/wordpress\/plugins\/seo\/ -->\n<title>Ressorts de traction | RDO Springs sp\u00e9cialiste Fran\u00e7ais du ressort<\/title>\n<meta name=\"description\" content=\"Les ressorts de traction s\u2019\u00e9tirent lorsqu&#039;ils sont soumis \u00e0 une force puis reviennent \u00e0 leur forme d\u2019origine apr\u00e8s suppression de la contrainte.\" \/>\n<meta name=\"robots\" content=\"index, follow, max-snippet:-1, max-image-preview:large, max-video-preview:-1\" \/>\n<link rel=\"canonical\" href=\"https:\/\/rdosprings.com\/fr\/ressort-de-traction\/\" \/>\n<meta property=\"og:locale\" content=\"fr_FR\" \/>\n<meta property=\"og:type\" content=\"article\" \/>\n<meta property=\"og:title\" content=\"Ressorts de traction | RDO Springs sp\u00e9cialiste Fran\u00e7ais du ressort\" \/>\n<meta property=\"og:description\" content=\"Les ressorts de traction s\u2019\u00e9tirent lorsqu&#039;ils sont soumis \u00e0 une force puis reviennent \u00e0 leur forme d\u2019origine apr\u00e8s suppression de la contrainte.\" \/>\n<meta property=\"og:url\" content=\"https:\/\/rdosprings.com\/fr\/ressort-de-traction\/\" \/>\n<meta property=\"og:site_name\" content=\"RDO\" \/>\n<meta property=\"article:modified_time\" content=\"2020-10-27T15:39:06+00:00\" \/>\n<meta name=\"twitter:card\" content=\"summary_large_image\" \/>\n<meta name=\"twitter:label1\" content=\"Dur\u00e9e de lecture estim\u00e9e\" \/>\n\t<meta name=\"twitter:data1\" content=\"7 minutes\" \/>\n<script type=\"application\/ld+json\" class=\"yoast-schema-graph\">{\"@context\":\"https:\/\/schema.org\",\"@graph\":[{\"@type\":\"WebPage\",\"@id\":\"https:\/\/rdosprings.com\/fr\/ressort-de-traction\/\",\"url\":\"https:\/\/rdosprings.com\/fr\/ressort-de-traction\/\",\"name\":\"Ressorts de traction | RDO Springs sp\u00e9cialiste Fran\u00e7ais du ressort\",\"isPartOf\":{\"@id\":\"https:\/\/rdosprings.com\/fr\/#website\"},\"datePublished\":\"2020-04-24T08:11:22+00:00\",\"dateModified\":\"2020-10-27T15:39:06+00:00\",\"description\":\"Les ressorts de traction s\u2019\u00e9tirent lorsqu'ils sont soumis \u00e0 une force puis reviennent \u00e0 leur forme d\u2019origine apr\u00e8s suppression de la contrainte.\",\"breadcrumb\":{\"@id\":\"https:\/\/rdosprings.com\/fr\/ressort-de-traction\/#breadcrumb\"},\"inLanguage\":\"fr-FR\",\"potentialAction\":[{\"@type\":\"ReadAction\",\"target\":[\"https:\/\/rdosprings.com\/fr\/ressort-de-traction\/\"]}]},{\"@type\":\"BreadcrumbList\",\"@id\":\"https:\/\/rdosprings.com\/fr\/ressort-de-traction\/#breadcrumb\",\"itemListElement\":[{\"@type\":\"ListItem\",\"position\":1,\"name\":\"Accueil\",\"item\":\"https:\/\/rdosprings.com\/fr\/\"},{\"@type\":\"ListItem\",\"position\":2,\"name\":\"Ressort de traction\"}]},{\"@type\":\"WebSite\",\"@id\":\"https:\/\/rdosprings.com\/fr\/#website\",\"url\":\"https:\/\/rdosprings.com\/fr\/\",\"name\":\"RDO\",\"description\":\"Fabrication de ressorts\",\"potentialAction\":[{\"@type\":\"SearchAction\",\"target\":{\"@type\":\"EntryPoint\",\"urlTemplate\":\"https:\/\/rdosprings.com\/fr\/?s={search_term_string}\"},\"query-input\":\"required name=search_term_string\"}],\"inLanguage\":\"fr-FR\"}]}<\/script>\n<!-- \/ Yoast SEO plugin. -->","yoast_head_json":{"title":"Ressorts de traction | RDO Springs sp\u00e9cialiste Fran\u00e7ais du ressort","description":"Les ressorts de traction s\u2019\u00e9tirent lorsqu'ils sont soumis \u00e0 une force puis reviennent \u00e0 leur forme d\u2019origine apr\u00e8s suppression de la contrainte.","robots":{"index":"index","follow":"follow","max-snippet":"max-snippet:-1","max-image-preview":"max-image-preview:large","max-video-preview":"max-video-preview:-1"},"canonical":"https:\/\/rdosprings.com\/fr\/ressort-de-traction\/","og_locale":"fr_FR","og_type":"article","og_title":"Ressorts de traction | RDO Springs sp\u00e9cialiste Fran\u00e7ais du ressort","og_description":"Les ressorts de traction s\u2019\u00e9tirent lorsqu'ils sont soumis \u00e0 une force puis reviennent \u00e0 leur forme d\u2019origine apr\u00e8s suppression de la contrainte.","og_url":"https:\/\/rdosprings.com\/fr\/ressort-de-traction\/","og_site_name":"RDO","article_modified_time":"2020-10-27T15:39:06+00:00","twitter_card":"summary_large_image","twitter_misc":{"Dur\u00e9e de lecture estim\u00e9e":"7 minutes"},"schema":{"@context":"https:\/\/schema.org","@graph":[{"@type":"WebPage","@id":"https:\/\/rdosprings.com\/fr\/ressort-de-traction\/","url":"https:\/\/rdosprings.com\/fr\/ressort-de-traction\/","name":"Ressorts de traction | RDO Springs sp\u00e9cialiste Fran\u00e7ais du ressort","isPartOf":{"@id":"https:\/\/rdosprings.com\/fr\/#website"},"datePublished":"2020-04-24T08:11:22+00:00","dateModified":"2020-10-27T15:39:06+00:00","description":"Les ressorts de traction s\u2019\u00e9tirent lorsqu'ils sont soumis \u00e0 une force puis reviennent \u00e0 leur forme d\u2019origine apr\u00e8s suppression de la contrainte.","breadcrumb":{"@id":"https:\/\/rdosprings.com\/fr\/ressort-de-traction\/#breadcrumb"},"inLanguage":"fr-FR","potentialAction":[{"@type":"ReadAction","target":["https:\/\/rdosprings.com\/fr\/ressort-de-traction\/"]}]},{"@type":"BreadcrumbList","@id":"https:\/\/rdosprings.com\/fr\/ressort-de-traction\/#breadcrumb","itemListElement":[{"@type":"ListItem","position":1,"name":"Accueil","item":"https:\/\/rdosprings.com\/fr\/"},{"@type":"ListItem","position":2,"name":"Ressort de traction"}]},{"@type":"WebSite","@id":"https:\/\/rdosprings.com\/fr\/#website","url":"https:\/\/rdosprings.com\/fr\/","name":"RDO","description":"Fabrication de ressorts","potentialAction":[{"@type":"SearchAction","target":{"@type":"EntryPoint","urlTemplate":"https:\/\/rdosprings.com\/fr\/?s={search_term_string}"},"query-input":"required name=search_term_string"}],"inLanguage":"fr-FR"}]}},"_links":{"self":[{"href":"https:\/\/rdosprings.com\/fr\/wp-json\/wp\/v2\/pages\/808"}],"collection":[{"href":"https:\/\/rdosprings.com\/fr\/wp-json\/wp\/v2\/pages"}],"about":[{"href":"https:\/\/rdosprings.com\/fr\/wp-json\/wp\/v2\/types\/page"}],"author":[{"embeddable":true,"href":"https:\/\/rdosprings.com\/fr\/wp-json\/wp\/v2\/users\/6"}],"replies":[{"embeddable":true,"href":"https:\/\/rdosprings.com\/fr\/wp-json\/wp\/v2\/comments?post=808"}],"version-history":[{"count":58,"href":"https:\/\/rdosprings.com\/fr\/wp-json\/wp\/v2\/pages\/808\/revisions"}],"predecessor-version":[{"id":1759,"href":"https:\/\/rdosprings.com\/fr\/wp-json\/wp\/v2\/pages\/808\/revisions\/1759"}],"wp:attachment":[{"href":"https:\/\/rdosprings.com\/fr\/wp-json\/wp\/v2\/media?parent=808"}],"curies":[{"name":"wp","href":"https:\/\/api.w.org\/{rel}","templated":true}]}}