{"id":949,"date":"2020-05-26T12:08:10","date_gmt":"2020-05-26T12:08:10","guid":{"rendered":"https:\/\/rdosprings.com\/?page_id=949"},"modified":"2020-10-20T14:31:58","modified_gmt":"2020-10-20T14:31:58","slug":"innovation","status":"publish","type":"page","link":"https:\/\/rdosprings.com\/fr\/innovation\/","title":{"rendered":"INNOVATION"},"content":{"rendered":"<div class=\"wpb-content-wrapper\"><p>[vc_row full_width=\u00a0\u00bbstretch_row_content_no_spaces\u00a0\u00bb el_class=\u00a0\u00bba-propos-bloc-head\u00a0\u00bb][vc_column][vc_column_text el_class=\u00a0\u00bba-propos-titre\u00a0\u00bb]<\/p>\n<h2>Innovation<\/h2>\n<p>[\/vc_column_text][vc_empty_space height=\u00a0\u00bb70px\u00a0\u00bb][\/vc_column][\/vc_row][vc_row][vc_column width=\u00a0\u00bb1\/6&Prime;][\/vc_column][vc_column width=\u00a0\u00bb2\/3&Prime;][vc_raw_html]JTNDdmlkZW8lMjBjb250cm9scyUyMHdpZHRoJTNEJTIyMTAwJTI1JTIyJTNFJTBBJTBBJTIwJTIwJTIwJTIwJTNDc291cmNlJTIwc3JjJTNEJTIyJTJGd3AtY29udGVudCUyRnVwbG9hZHMlMkYyMDIwJTJGMDYlMkZJbm5vdmF0aW9uLXByZXNlbnRhdGlvbi5tcDQlMjIlMEElMjAlMjAlMjAlMjAlMjAlMjAlMjAlMjAlMjAlMjAlMjAlMjB0eXBlJTNEJTIydmlkZW8lMkZtcDQlMjIlM0UlMEElM0MlMkZ2aWRlbyUzRSUwQQ==[\/vc_raw_html][\/vc_column][vc_column width=\u00a0\u00bb1\/6&Prime;][\/vc_column][\/vc_row][vc_row el_class=\u00a0\u00bbressort-bas-droite-after\u00a0\u00bb][vc_column][vc_column_text el_class=\u00a0\u00bbtitre-bleu-normal\u00a0\u00bb]Moyens de production[\/vc_column_text][vc_column_text el_class=\u00a0\u00bbtexte-savoir-faire\u00a0\u00bb]Depuis plus de 10 ans, RDO Springs a investi massivement pour moderniser son outil de production en se dotant de machines modernes.<\/p>\n<p>De nombreux syst\u00e8mes sont automatis\u00e9s non seulement en production mais aussi en contr\u00f4le (pr\u00e9l\u00e8vement de pi\u00e8ces par robot, contr\u00f4les dynamiques par cam\u00e9ra de pr\u00e9cision et supervision des contr\u00f4les).<\/p>\n<ul>\n<li>Ces syst\u00e8mes ont re\u00e7u un accueil tr\u00e8s favorable de nos principaux clients concern\u00e9s par cette m\u00e9thode rigoureuse et ind\u00e9pendante<\/li>\n<li>De nouveaux outils de supervision sont en cours de d\u00e9veloppement pour nous am\u00e9liorer encore plus<\/li>\n<\/ul>\n<p>[\/vc_column_text][vc_empty_space height=\u00a0\u00bb45px\u00a0\u00bb][vc_row_inner][vc_column_inner width=\u00a0\u00bb1\/2&Prime;][vc_column_text el_class=\u00a0\u00bbtitre-bleu-normal title-elements-innovation\u00a0\u00bb]TEXTILE[\/vc_column_text][vc_column_text el_class=\u00a0\u00bbtexte-right texte-savoir-faire\u00a0\u00bb]<\/p>\n<ul>\n<li>vissage robotis\u00e9 de ressorts de harnais pour m\u00e9tiers \u00e0 tisser<\/li>\n<\/ul>\n<p>[\/vc_column_text][vc_single_image image=\u00a0\u00bb952&Prime; img_size=\u00a0\u00bb400&#215;350&Prime; alignment=\u00a0\u00bbcenter\u00a0\u00bb][vc_column_text el_class=\u00a0\u00bblegende\u00a0\u00bb]Vue du robot qui r\u00e9cup\u00e8re les pi\u00e8ces assembl\u00e9es pour les disposer dans les cartons[\/vc_column_text][\/vc_column_inner][vc_column_inner width=\u00a0\u00bb1\/2&Prime;][vc_column_text el_class=\u00a0\u00bbtitre-bleu-normal title-elements-innovation\u00a0\u00bb]PARFUMERIE &amp; COSM\u00c9TIQUE[\/vc_column_text][vc_column_text el_class=\u00a0\u00bbtexte-right texte-savoir-faire\u00a0\u00bb]<\/p>\n<ul>\n<li>supervision automatis\u00e9e de production<\/li>\n<\/ul>\n<p>[\/vc_column_text][vc_single_image image=\u00a0\u00bb951&Prime; img_size=\u00a0\u00bb400&#215;350&Prime; alignment=\u00a0\u00bbcenter\u00a0\u00bb][vc_column_text el_class=\u00a0\u00bblegende\u00a0\u00bb]Vue de la cha\u00eene de machines d\u00e9di\u00e9es au secteur et pilot\u00e9es par un syst\u00e8me de supervision[\/vc_column_text][\/vc_column_inner][\/vc_row_inner][vc_empty_space height=\u00a0\u00bb35px\u00a0\u00bb][vc_row_inner][vc_column_inner width=\u00a0\u00bb1\/2&Prime;][vc_column_text el_class=\u00a0\u00bbtitre-bleu-normal title-elements-innovation\u00a0\u00bb]PHARMACIE[\/vc_column_text][vc_column_text el_class=\u00a0\u00bbtexte-right texte-savoir-faire\u00a0\u00bb]<\/p>\n<ul>\n<li>supervision automatis\u00e9e de production<\/li>\n<li>nettoyage en salle blanche des produits fabriqu\u00e9s<\/li>\n<\/ul>\n<p>[\/vc_column_text][vc_single_image image=\u00a0\u00bb950&Prime; img_size=\u00a0\u00bb400&#215;350&Prime; alignment=\u00a0\u00bbcenter\u00a0\u00bb][vc_column_text el_class=\u00a0\u00bblegende\u00a0\u00bb]Salle blanche avec multiples bacs de nettoyage, de rin\u00e7age et de s\u00e9chage des pi\u00e8ces[\/vc_column_text][\/vc_column_inner][vc_column_inner width=\u00a0\u00bb1\/2&Prime;][vc_column_text el_class=\u00a0\u00bbtitre-bleu-normal title-elements-innovation\u00a0\u00bb]AUTOMOBILE[\/vc_column_text][vc_column_text el_class=\u00a0\u00bbtexte-right texte-savoir-faire\u00a0\u00bb]<\/p>\n<ul>\n<li>meulage<\/li>\n<li>tri robotis\u00e9<\/li>\n<\/ul>\n<p>[\/vc_column_text][vc_single_image image=\u00a0\u00bb954&Prime; img_size=\u00a0\u00bb400&#215;350&Prime; alignment=\u00a0\u00bbcenter\u00a0\u00bb][vc_column_text el_class=\u00a0\u00bblegende\u00a0\u00bb]Meulage \u00e0 grande vitesse de ressorts, provoquant de nombreuses \u00e9tincelles[\/vc_column_text][\/vc_column_inner][\/vc_row_inner][vc_empty_space height=\u00a0\u00bb35px\u00a0\u00bb][vc_row_inner][vc_column_inner width=\u00a0\u00bb1\/2&Prime;][vc_column_text el_class=\u00a0\u00bbtitre-bleu-normal title-elements-innovation\u00a0\u00bb]A\u00c9RONAUTIQUE &amp; SPATIAL[\/vc_column_text][vc_column_text el_class=\u00a0\u00bbtexte-right texte-savoir-faire\u00a0\u00bb]<\/p>\n<ul>\n<li>\u00e9lectro \u00e9rosion,<\/li>\n<li>finition unitaire de pr\u00e9cision des pi\u00e8ces,<\/li>\n<li>traitement thermique des alliages sp\u00e9ciaux<\/li>\n<\/ul>\n<p>[\/vc_column_text][vc_single_image image=\u00a0\u00bb953&Prime; img_size=\u00a0\u00bb400&#215;350&Prime; alignment=\u00a0\u00bbcenter\u00a0\u00bb][vc_column_text el_class=\u00a0\u00bblegende\u00a0\u00bb]Photo du principe du proc\u00e9d\u00e9 d\u2019\u00e9lectro \u00e9rosion[\/vc_column_text][\/vc_column_inner][vc_column_inner width=\u00a0\u00bb1\/2&Prime;][\/vc_column_inner][\/vc_row_inner][\/vc_column][\/vc_row][vc_row full_width=\u00a0\u00bbstretch_row_content_no_spaces\u00a0\u00bb el_class=\u00a0\u00bbcoordonnees-home\u00a0\u00bb css=\u00a0\u00bb.vc_custom_1586160041817{background-image: url(https:\/\/rdosprings.com\/wp-content\/uploads\/2020\/04\/fond-coordonn\u00e9es.png?id=533) !important;background-position: center !important;background-repeat: no-repeat !important;background-size: cover !important;}\u00a0\u00bb][vc_column][vc_row_inner][vc_column_inner width=\u00a0\u00bb1\/2&Prime;][vc_single_image image=\u00a0\u00bb534&Prime; img_size=\u00a0\u00bbfull\u00a0\u00bb alignment=\u00a0\u00bbcenter\u00a0\u00bb][\/vc_column_inner][vc_column_inner width=\u00a0\u00bb1\/2&Prime;][vc_column_text el_class=\u00a0\u00bbtexte-coordonnes1&Prime;]RDO Springs<br \/>\n10 RUE BENJAMIN DELESSERT<br \/>\n60510 BRESLES[\/vc_column_text][vc_column_text el_class=\u00a0\u00bbtexte-coordonnes2&Prime;]contact@rdosprings.com<br \/>\nwww.rdosprings.com[\/vc_column_text][\/vc_column_inner][\/vc_row_inner][\/vc_column][\/vc_row]<\/p>\n<\/div>","protected":false},"excerpt":{"rendered":"<p>[vc_row full_width=\u00a0\u00bbstretch_row_content_no_spaces\u00a0\u00bb el_class=\u00a0\u00bba-propos-bloc-head\u00a0\u00bb][vc_column][vc_column_text el_class=\u00a0\u00bba-propos-titre\u00a0\u00bb] Innovation [\/vc_column_text][vc_empty_space height=\u00a0\u00bb70px\u00a0\u00bb][\/vc_column][\/vc_row][vc_row][vc_column width=\u00a0\u00bb1\/6&Prime;][\/vc_column][vc_column width=\u00a0\u00bb2\/3&Prime;][vc_raw_html]JTNDdmlkZW8lMjBjb250cm9scyUyMHdpZHRoJTNEJTIyMTAwJTI1JTIyJTNFJTBBJTBBJTIwJTIwJTIwJTIwJTNDc291cmNlJTIwc3JjJTNEJTIyJTJGd3AtY29udGVudCUyRnVwbG9hZHMlMkYyMDIwJTJGMDYlMkZJbm5vdmF0aW9uLXByZXNlbnRhdGlvbi5tcDQlMjIlMEElMjAlMjAlMjAlMjAlMjAlMjAlMjAlMjAlMjAlMjAlMjAlMjB0eXBlJTNEJTIydmlkZW8lMkZtcDQlMjIlM0UlMEElM0MlMkZ2aWRlbyUzRSUwQQ==[\/vc_raw_html][\/vc_column][vc_column width=\u00a0\u00bb1\/6&Prime;][\/vc_column][\/vc_row][vc_row el_class=\u00a0\u00bbressort-bas-droite-after\u00a0\u00bb][vc_column][vc_column_text el_class=\u00a0\u00bbtitre-bleu-normal\u00a0\u00bb]Moyens de production[\/vc_column_text][vc_column_text el_class=\u00a0\u00bbtexte-savoir-faire\u00a0\u00bb]Depuis plus de 10 ans, RDO Springs a investi massivement pour moderniser son outil de production en se dotant de machines modernes. De nombreux syst\u00e8mes sont automatis\u00e9s non seulement en production mais aussi en contr\u00f4le (pr\u00e9l\u00e8vement de pi\u00e8ces par robot, contr\u00f4les<\/p>\n","protected":false},"author":6,"featured_media":0,"parent":0,"menu_order":0,"comment_status":"closed","ping_status":"closed","template":"","meta":{"footnotes":""},"yoast_head":"<!-- This site is optimized with the Yoast SEO plugin v21.7 - https:\/\/yoast.com\/wordpress\/plugins\/seo\/ -->\n<title>Nos innovations produits | RDO Springs sp\u00e9cialiste Fran\u00e7ais du ressort<\/title>\n<meta name=\"description\" content=\"Depuis plus de 10 ans, RDO Springs a investi massivement pour moderniser son outil de production en se dotant de machines modernes.\" \/>\n<meta name=\"robots\" content=\"index, follow, max-snippet:-1, max-image-preview:large, max-video-preview:-1\" \/>\n<link rel=\"canonical\" href=\"https:\/\/rdosprings.com\/fr\/innovation\/\" \/>\n<meta property=\"og:locale\" content=\"fr_FR\" \/>\n<meta property=\"og:type\" content=\"article\" \/>\n<meta property=\"og:title\" content=\"Nos innovations produits | RDO Springs sp\u00e9cialiste Fran\u00e7ais du ressort\" \/>\n<meta property=\"og:description\" content=\"Depuis plus de 10 ans, RDO Springs a investi massivement pour moderniser son outil de production en se dotant de machines modernes.\" \/>\n<meta property=\"og:url\" content=\"https:\/\/rdosprings.com\/fr\/innovation\/\" \/>\n<meta property=\"og:site_name\" content=\"RDO\" \/>\n<meta property=\"article:modified_time\" content=\"2020-10-20T14:31:58+00:00\" \/>\n<meta name=\"twitter:card\" content=\"summary_large_image\" \/>\n<meta name=\"twitter:label1\" content=\"Dur\u00e9e de lecture estim\u00e9e\" \/>\n\t<meta name=\"twitter:data1\" content=\"4 minutes\" \/>\n<script type=\"application\/ld+json\" class=\"yoast-schema-graph\">{\"@context\":\"https:\/\/schema.org\",\"@graph\":[{\"@type\":\"WebPage\",\"@id\":\"https:\/\/rdosprings.com\/fr\/innovation\/\",\"url\":\"https:\/\/rdosprings.com\/fr\/innovation\/\",\"name\":\"Nos innovations produits | RDO Springs sp\u00e9cialiste Fran\u00e7ais du ressort\",\"isPartOf\":{\"@id\":\"https:\/\/rdosprings.com\/fr\/#website\"},\"datePublished\":\"2020-05-26T12:08:10+00:00\",\"dateModified\":\"2020-10-20T14:31:58+00:00\",\"description\":\"Depuis plus de 10 ans, RDO Springs a investi massivement pour moderniser son outil de production en se dotant de machines modernes.\",\"breadcrumb\":{\"@id\":\"https:\/\/rdosprings.com\/fr\/innovation\/#breadcrumb\"},\"inLanguage\":\"fr-FR\",\"potentialAction\":[{\"@type\":\"ReadAction\",\"target\":[\"https:\/\/rdosprings.com\/fr\/innovation\/\"]}]},{\"@type\":\"BreadcrumbList\",\"@id\":\"https:\/\/rdosprings.com\/fr\/innovation\/#breadcrumb\",\"itemListElement\":[{\"@type\":\"ListItem\",\"position\":1,\"name\":\"Accueil\",\"item\":\"https:\/\/rdosprings.com\/fr\/\"},{\"@type\":\"ListItem\",\"position\":2,\"name\":\"INNOVATION\"}]},{\"@type\":\"WebSite\",\"@id\":\"https:\/\/rdosprings.com\/fr\/#website\",\"url\":\"https:\/\/rdosprings.com\/fr\/\",\"name\":\"RDO\",\"description\":\"Fabrication de ressorts\",\"potentialAction\":[{\"@type\":\"SearchAction\",\"target\":{\"@type\":\"EntryPoint\",\"urlTemplate\":\"https:\/\/rdosprings.com\/fr\/?s={search_term_string}\"},\"query-input\":\"required name=search_term_string\"}],\"inLanguage\":\"fr-FR\"}]}<\/script>\n<!-- \/ Yoast SEO plugin. -->","yoast_head_json":{"title":"Nos innovations produits | RDO Springs sp\u00e9cialiste Fran\u00e7ais du ressort","description":"Depuis plus de 10 ans, RDO Springs a investi massivement pour moderniser son outil de production en se dotant de machines modernes.","robots":{"index":"index","follow":"follow","max-snippet":"max-snippet:-1","max-image-preview":"max-image-preview:large","max-video-preview":"max-video-preview:-1"},"canonical":"https:\/\/rdosprings.com\/fr\/innovation\/","og_locale":"fr_FR","og_type":"article","og_title":"Nos innovations produits | RDO Springs sp\u00e9cialiste Fran\u00e7ais du ressort","og_description":"Depuis plus de 10 ans, RDO Springs a investi massivement pour moderniser son outil de production en se dotant de machines modernes.","og_url":"https:\/\/rdosprings.com\/fr\/innovation\/","og_site_name":"RDO","article_modified_time":"2020-10-20T14:31:58+00:00","twitter_card":"summary_large_image","twitter_misc":{"Dur\u00e9e de lecture estim\u00e9e":"4 minutes"},"schema":{"@context":"https:\/\/schema.org","@graph":[{"@type":"WebPage","@id":"https:\/\/rdosprings.com\/fr\/innovation\/","url":"https:\/\/rdosprings.com\/fr\/innovation\/","name":"Nos innovations produits | RDO Springs sp\u00e9cialiste Fran\u00e7ais du ressort","isPartOf":{"@id":"https:\/\/rdosprings.com\/fr\/#website"},"datePublished":"2020-05-26T12:08:10+00:00","dateModified":"2020-10-20T14:31:58+00:00","description":"Depuis plus de 10 ans, RDO Springs a investi massivement pour moderniser son outil de production en se dotant de machines modernes.","breadcrumb":{"@id":"https:\/\/rdosprings.com\/fr\/innovation\/#breadcrumb"},"inLanguage":"fr-FR","potentialAction":[{"@type":"ReadAction","target":["https:\/\/rdosprings.com\/fr\/innovation\/"]}]},{"@type":"BreadcrumbList","@id":"https:\/\/rdosprings.com\/fr\/innovation\/#breadcrumb","itemListElement":[{"@type":"ListItem","position":1,"name":"Accueil","item":"https:\/\/rdosprings.com\/fr\/"},{"@type":"ListItem","position":2,"name":"INNOVATION"}]},{"@type":"WebSite","@id":"https:\/\/rdosprings.com\/fr\/#website","url":"https:\/\/rdosprings.com\/fr\/","name":"RDO","description":"Fabrication de ressorts","potentialAction":[{"@type":"SearchAction","target":{"@type":"EntryPoint","urlTemplate":"https:\/\/rdosprings.com\/fr\/?s={search_term_string}"},"query-input":"required name=search_term_string"}],"inLanguage":"fr-FR"}]}},"_links":{"self":[{"href":"https:\/\/rdosprings.com\/fr\/wp-json\/wp\/v2\/pages\/949"}],"collection":[{"href":"https:\/\/rdosprings.com\/fr\/wp-json\/wp\/v2\/pages"}],"about":[{"href":"https:\/\/rdosprings.com\/fr\/wp-json\/wp\/v2\/types\/page"}],"author":[{"embeddable":true,"href":"https:\/\/rdosprings.com\/fr\/wp-json\/wp\/v2\/users\/6"}],"replies":[{"embeddable":true,"href":"https:\/\/rdosprings.com\/fr\/wp-json\/wp\/v2\/comments?post=949"}],"version-history":[{"count":24,"href":"https:\/\/rdosprings.com\/fr\/wp-json\/wp\/v2\/pages\/949\/revisions"}],"predecessor-version":[{"id":1754,"href":"https:\/\/rdosprings.com\/fr\/wp-json\/wp\/v2\/pages\/949\/revisions\/1754"}],"wp:attachment":[{"href":"https:\/\/rdosprings.com\/fr\/wp-json\/wp\/v2\/media?parent=949"}],"curies":[{"name":"wp","href":"https:\/\/api.w.org\/{rel}","templated":true}]}}