{"id":970,"date":"2020-05-26T13:04:26","date_gmt":"2020-05-26T12:04:26","guid":{"rendered":"https:\/\/rdosprings.com\/?page_id=970"},"modified":"2025-11-19T16:37:40","modified_gmt":"2025-11-19T15:37:40","slug":"certifications-2","status":"publish","type":"page","link":"https:\/\/rdosprings.com\/fr\/certifications-2\/","title":{"rendered":"CERTIFICATIONS"},"content":{"rendered":"<div class=\"wpb-content-wrapper\"><p>[vc_row full_width=\u00a0\u00bbstretch_row_content_no_spaces\u00a0\u00bb el_class=\u00a0\u00bba-propos-bloc-head\u00a0\u00bb][vc_column][vc_column_text el_class=\u00a0\u00bba-propos-titre\u00a0\u00bb]<\/p>\n<h2>Certifications<\/h2>\n<p>[\/vc_column_text][\/vc_column][\/vc_row][vc_row][vc_column][vc_column_text el_class=\u00a0\u00bbtexte-savoir-faire\u00a0\u00bb]Preuves d\u2019un grand savoir-faire au niveau de l\u2019organisation de ses processus qualit\u00e9 et d\u2019une rigueur de contr\u00f4le omnipr\u00e9sente, RDO Springs a fait renouveler ses certifications ISO 9001 et EN 9100 fin 2019.[\/vc_column_text][vc_empty_space height=\u00a0\u00bb45px\u00a0\u00bb][vc_column_text el_class=\u00a0\u00bbtitre-bleu-normal petit-titre\u00a0\u00bb]P\u00e9rim\u00e8tre de certification[\/vc_column_text][vc_empty_space height=\u00a0\u00bb45px\u00a0\u00bb][\/vc_column][\/vc_row][vc_row][vc_column][vc_row_inner el_class=\u00a0\u00bbboxed-certif-encart\u00a0\u00bb][vc_column_inner][vc_column_text el_class=\u00a0\u00bbinfo-certifs texte-savoir-faire\u00a0\u00bb]FABRICATION ET VENTE DE RESSORTS ENROULES A FROID, ASSEMBLAGE DE PRODUITS DERIVES, FABRICATION DE RESSORTS FEUILLARDS, TRAITEMENT THERMIQUE (ALLIAGES SPECIAUX), PASSIVATION SUR ACIER INOXYDABLE, ELECTROEROSION[\/vc_column_text][\/vc_column_inner][\/vc_row_inner][\/vc_column][\/vc_row][vc_row][vc_column][vc_empty_space height=\u00a0\u00bb40px\u00a0\u00bb][vc_column_text el_class=\u00a0\u00bbtexte-savoir-faire\u00a0\u00bb]<\/p>\n<p style=\"text-align: center;\">Vous pouvez t\u00e9l\u00e9charger les documents en cliquant dessus\u00a0:<\/p>\n<p>[\/vc_column_text][vc_empty_space height=\u00a0\u00bb40px\u00a0\u00bb][vc_row_inner][vc_column_inner width=\u00a0\u00bb1\/2&Prime;][vc_single_image image=\u00a0\u00bb3027&Prime; img_size=\u00a0\u00bb300&#215;435&Prime; alignment=\u00a0\u00bbcenter\u00a0\u00bb onclick=\u00a0\u00bbcustom_link\u00a0\u00bb img_link_target=\u00a0\u00bb_blank\u00a0\u00bb link=\u00a0\u00bbhttps:\/\/rdosprings.com\/wp-content\/uploads\/2025\/10\/RDO-SPRINGS-24719262-ISO-9001-V1_page-0001-scaled.jpg\u00a0\u00bb][vc_column_text el_class=\u00a0\u00bblegende\u00a0\u00bb]ISO 9001 V 2015[\/vc_column_text][\/vc_column_inner][vc_column_inner width=\u00a0\u00bb1\/2&Prime;][vc_single_image image=\u00a0\u00bb3025&Prime; img_size=\u00a0\u00bb300&#215;435&Prime; alignment=\u00a0\u00bbcenter\u00a0\u00bb onclick=\u00a0\u00bbcustom_link\u00a0\u00bb img_link_target=\u00a0\u00bb_blank\u00a0\u00bb link=\u00a0\u00bbhttps:\/\/rdosprings.com\/wp-content\/uploads\/2025\/10\/RDO-SPRINGS-24719262-EN9100-Rev0_page-0001-scaled.jpg\u00a0\u00bb][vc_column_text el_class=\u00a0\u00bblegende\u00a0\u00bb]EN 9100 v2018[\/vc_column_text][\/vc_column_inner][\/vc_row_inner][vc_column_text el_class=\u00a0\u00bbtexte-savoir-faire\u00a0\u00bb]<strong>RDO Springs<\/strong> est \u00e9galement audit\u00e9e r\u00e9guli\u00e8rement par ses principaux clients.<\/p>\n<p>Vous voulez en savoir plus sur ces normes\u00a0?[\/vc_column_text][vc_empty_space height=\u00a0\u00bb40px\u00a0\u00bb][vc_row_inner][vc_column_inner width=\u00a0\u00bb1\/2&Prime;][vc_column_text el_class=\u00a0\u00bbtexte-savoir-faire\u00a0\u00bb]<strong>ISO 9001\u00a0:<\/strong><\/p>\n<ul>\n<li><a href=\"https:\/\/fr.wikipedia.org\/wiki\/ISO_9001\" target=\"_blank\" rel=\"noopener noreferrer\">https:\/\/fr.wikipedia.org\/wiki\/ISO_9001<\/a><\/li>\n<li><a href=\"https:\/\/fr.wikipedia.org\/wiki\/S%C3%A9rie_des_normes_ISO_9000\" target=\"_blank\" rel=\"noopener noreferrer\">https:\/\/fr.wikipedia.org\/wiki\/S%C3%A9rie_des_normes_ISO_9000<\/a><\/li>\n<li><a href=\"https:\/\/www.afnor.org\/qualite\/\" target=\"_blank\" rel=\"noopener noreferrer\">https:\/\/www.afnor.org\/qualite\/<\/a><\/li>\n<\/ul>\n<p>[\/vc_column_text][\/vc_column_inner][vc_column_inner width=\u00a0\u00bb1\/2&Prime;][vc_column_text el_class=\u00a0\u00bbtexte-savoir-faire\u00a0\u00bb]<strong>EN 9100\u00a0:<\/strong><\/p>\n<ul>\n<li><a href=\"https:\/\/fr.wikipedia.org\/wiki\/EN_9100\" target=\"_blank\" rel=\"noopener noreferrer\">https:\/\/fr.wikipedia.org\/wiki\/EN_9100<\/a><\/li>\n<li><a href=\"https:\/\/www.bureauveritas.fr\/besoin\/certification-en-9100\" target=\"_blank\" rel=\"noopener noreferrer\">https:\/\/www.bureauveritas.fr\/besoin\/certification-en-9100<\/a><\/li>\n<\/ul>\n<p>[\/vc_column_text][\/vc_column_inner][\/vc_row_inner][vc_empty_space height=\u00a0\u00bb40px\u00a0\u00bb][\/vc_column][\/vc_row][vc_row full_width=\u00a0\u00bbstretch_row_content_no_spaces\u00a0\u00bb el_class=\u00a0\u00bbcoordonnees-home\u00a0\u00bb css=\u00a0\u00bb.vc_custom_1586160041817{background-image: url(https:\/\/rdosprings.com\/wp-content\/uploads\/2020\/04\/fond-coordonn\u00e9es.png?id=533) !important;background-position: center !important;background-repeat: no-repeat !important;background-size: cover !important;}\u00a0\u00bb][vc_column][vc_row_inner][vc_column_inner width=\u00a0\u00bb1\/2&Prime;][vc_single_image image=\u00a0\u00bb534&Prime; img_size=\u00a0\u00bbfull\u00a0\u00bb alignment=\u00a0\u00bbcenter\u00a0\u00bb][\/vc_column_inner][vc_column_inner width=\u00a0\u00bb1\/2&Prime;][vc_column_text el_class=\u00a0\u00bbtexte-coordonnes1&Prime;]RDO Springs<br \/>\n10 RUE BENJAMIN DELESSERT<br \/>\n60510 BRESLES[\/vc_column_text][vc_column_text el_class=\u00a0\u00bbtexte-coordonnes2&Prime;]contact@rdosprings.com<br \/>\nwww.rdosprings.com[\/vc_column_text][\/vc_column_inner][\/vc_row_inner][\/vc_column][\/vc_row]<\/p>\n<\/div>","protected":false},"excerpt":{"rendered":"<p>[vc_row full_width=\u00a0\u00bbstretch_row_content_no_spaces\u00a0\u00bb el_class=\u00a0\u00bba-propos-bloc-head\u00a0\u00bb][vc_column][vc_column_text el_class=\u00a0\u00bba-propos-titre\u00a0\u00bb] Certifications [\/vc_column_text][\/vc_column][\/vc_row][vc_row][vc_column][vc_column_text el_class=\u00a0\u00bbtexte-savoir-faire\u00a0\u00bb]Preuves d\u2019un grand savoir-faire au niveau de l\u2019organisation de ses processus qualit\u00e9 et d\u2019une rigueur de contr\u00f4le omnipr\u00e9sente, RDO Springs a fait renouveler ses certifications ISO 9001 et EN 9100 fin 2019.[\/vc_column_text][vc_empty_space height=\u00a0\u00bb45px\u00a0\u00bb][vc_column_text el_class=\u00a0\u00bbtitre-bleu-normal petit-titre\u00a0\u00bb]P\u00e9rim\u00e8tre de certification[\/vc_column_text][vc_empty_space height=\u00a0\u00bb45px\u00a0\u00bb][\/vc_column][\/vc_row][vc_row][vc_column][vc_row_inner el_class=\u00a0\u00bbboxed-certif-encart\u00a0\u00bb][vc_column_inner][vc_column_text el_class=\u00a0\u00bbinfo-certifs texte-savoir-faire\u00a0\u00bb]FABRICATION ET VENTE DE RESSORTS ENROULES A FROID, ASSEMBLAGE<\/p>\n","protected":false},"author":6,"featured_media":0,"parent":0,"menu_order":0,"comment_status":"closed","ping_status":"closed","template":"","meta":{"footnotes":""},"yoast_head":"<!-- This site is optimized with the Yoast SEO plugin v21.7 - https:\/\/yoast.com\/wordpress\/plugins\/seo\/ -->\n<title>Nos certifications | RDO Springs sp\u00e9cialiste Fran\u00e7ais du ressort<\/title>\n<meta name=\"description\" content=\"Preuves d\u2019un grand savoir-faire et d\u2019une rigueur de contr\u00f4le omnipr\u00e9sente, RDO Springs a fait renouveler ses certifications ISO 9001 et EN 9100 fin 2019.\" \/>\n<meta name=\"robots\" content=\"index, follow, max-snippet:-1, max-image-preview:large, max-video-preview:-1\" \/>\n<link rel=\"canonical\" href=\"https:\/\/rdosprings.com\/fr\/certifications-2\/\" \/>\n<meta property=\"og:locale\" content=\"fr_FR\" \/>\n<meta property=\"og:type\" content=\"article\" \/>\n<meta property=\"og:title\" content=\"Nos certifications | RDO Springs sp\u00e9cialiste Fran\u00e7ais du ressort\" \/>\n<meta property=\"og:description\" content=\"Preuves d\u2019un grand savoir-faire et d\u2019une rigueur de contr\u00f4le omnipr\u00e9sente, RDO Springs a fait renouveler ses certifications ISO 9001 et EN 9100 fin 2019.\" \/>\n<meta property=\"og:url\" content=\"https:\/\/rdosprings.com\/fr\/certifications-2\/\" \/>\n<meta property=\"og:site_name\" content=\"RDO\" \/>\n<meta property=\"article:modified_time\" content=\"2025-11-19T15:37:40+00:00\" \/>\n<meta name=\"twitter:card\" content=\"summary_large_image\" \/>\n<meta name=\"twitter:label1\" content=\"Dur\u00e9e de lecture estim\u00e9e\" \/>\n\t<meta name=\"twitter:data1\" content=\"2 minutes\" \/>\n<script type=\"application\/ld+json\" class=\"yoast-schema-graph\">{\"@context\":\"https:\/\/schema.org\",\"@graph\":[{\"@type\":\"WebPage\",\"@id\":\"https:\/\/rdosprings.com\/fr\/certifications-2\/\",\"url\":\"https:\/\/rdosprings.com\/fr\/certifications-2\/\",\"name\":\"Nos certifications | RDO Springs sp\u00e9cialiste Fran\u00e7ais du ressort\",\"isPartOf\":{\"@id\":\"https:\/\/rdosprings.com\/fr\/#website\"},\"datePublished\":\"2020-05-26T12:04:26+00:00\",\"dateModified\":\"2025-11-19T15:37:40+00:00\",\"description\":\"Preuves d\u2019un grand savoir-faire et d\u2019une rigueur de contr\u00f4le omnipr\u00e9sente, RDO Springs a fait renouveler ses certifications ISO 9001 et EN 9100 fin 2019.\",\"breadcrumb\":{\"@id\":\"https:\/\/rdosprings.com\/fr\/certifications-2\/#breadcrumb\"},\"inLanguage\":\"fr-FR\",\"potentialAction\":[{\"@type\":\"ReadAction\",\"target\":[\"https:\/\/rdosprings.com\/fr\/certifications-2\/\"]}]},{\"@type\":\"BreadcrumbList\",\"@id\":\"https:\/\/rdosprings.com\/fr\/certifications-2\/#breadcrumb\",\"itemListElement\":[{\"@type\":\"ListItem\",\"position\":1,\"name\":\"Accueil\",\"item\":\"https:\/\/rdosprings.com\/fr\/\"},{\"@type\":\"ListItem\",\"position\":2,\"name\":\"CERTIFICATIONS\"}]},{\"@type\":\"WebSite\",\"@id\":\"https:\/\/rdosprings.com\/fr\/#website\",\"url\":\"https:\/\/rdosprings.com\/fr\/\",\"name\":\"RDO\",\"description\":\"Fabrication de ressorts\",\"potentialAction\":[{\"@type\":\"SearchAction\",\"target\":{\"@type\":\"EntryPoint\",\"urlTemplate\":\"https:\/\/rdosprings.com\/fr\/?s={search_term_string}\"},\"query-input\":\"required name=search_term_string\"}],\"inLanguage\":\"fr-FR\"}]}<\/script>\n<!-- \/ Yoast SEO plugin. -->","yoast_head_json":{"title":"Nos certifications | RDO Springs sp\u00e9cialiste Fran\u00e7ais du ressort","description":"Preuves d\u2019un grand savoir-faire et d\u2019une rigueur de contr\u00f4le omnipr\u00e9sente, RDO Springs a fait renouveler ses certifications ISO 9001 et EN 9100 fin 2019.","robots":{"index":"index","follow":"follow","max-snippet":"max-snippet:-1","max-image-preview":"max-image-preview:large","max-video-preview":"max-video-preview:-1"},"canonical":"https:\/\/rdosprings.com\/fr\/certifications-2\/","og_locale":"fr_FR","og_type":"article","og_title":"Nos certifications | RDO Springs sp\u00e9cialiste Fran\u00e7ais du ressort","og_description":"Preuves d\u2019un grand savoir-faire et d\u2019une rigueur de contr\u00f4le omnipr\u00e9sente, RDO Springs a fait renouveler ses certifications ISO 9001 et EN 9100 fin 2019.","og_url":"https:\/\/rdosprings.com\/fr\/certifications-2\/","og_site_name":"RDO","article_modified_time":"2025-11-19T15:37:40+00:00","twitter_card":"summary_large_image","twitter_misc":{"Dur\u00e9e de lecture estim\u00e9e":"2 minutes"},"schema":{"@context":"https:\/\/schema.org","@graph":[{"@type":"WebPage","@id":"https:\/\/rdosprings.com\/fr\/certifications-2\/","url":"https:\/\/rdosprings.com\/fr\/certifications-2\/","name":"Nos certifications | RDO Springs sp\u00e9cialiste Fran\u00e7ais du ressort","isPartOf":{"@id":"https:\/\/rdosprings.com\/fr\/#website"},"datePublished":"2020-05-26T12:04:26+00:00","dateModified":"2025-11-19T15:37:40+00:00","description":"Preuves d\u2019un grand savoir-faire et d\u2019une rigueur de contr\u00f4le omnipr\u00e9sente, RDO Springs a fait renouveler ses certifications ISO 9001 et EN 9100 fin 2019.","breadcrumb":{"@id":"https:\/\/rdosprings.com\/fr\/certifications-2\/#breadcrumb"},"inLanguage":"fr-FR","potentialAction":[{"@type":"ReadAction","target":["https:\/\/rdosprings.com\/fr\/certifications-2\/"]}]},{"@type":"BreadcrumbList","@id":"https:\/\/rdosprings.com\/fr\/certifications-2\/#breadcrumb","itemListElement":[{"@type":"ListItem","position":1,"name":"Accueil","item":"https:\/\/rdosprings.com\/fr\/"},{"@type":"ListItem","position":2,"name":"CERTIFICATIONS"}]},{"@type":"WebSite","@id":"https:\/\/rdosprings.com\/fr\/#website","url":"https:\/\/rdosprings.com\/fr\/","name":"RDO","description":"Fabrication de ressorts","potentialAction":[{"@type":"SearchAction","target":{"@type":"EntryPoint","urlTemplate":"https:\/\/rdosprings.com\/fr\/?s={search_term_string}"},"query-input":"required name=search_term_string"}],"inLanguage":"fr-FR"}]}},"_links":{"self":[{"href":"https:\/\/rdosprings.com\/fr\/wp-json\/wp\/v2\/pages\/970"}],"collection":[{"href":"https:\/\/rdosprings.com\/fr\/wp-json\/wp\/v2\/pages"}],"about":[{"href":"https:\/\/rdosprings.com\/fr\/wp-json\/wp\/v2\/types\/page"}],"author":[{"embeddable":true,"href":"https:\/\/rdosprings.com\/fr\/wp-json\/wp\/v2\/users\/6"}],"replies":[{"embeddable":true,"href":"https:\/\/rdosprings.com\/fr\/wp-json\/wp\/v2\/comments?post=970"}],"version-history":[{"count":24,"href":"https:\/\/rdosprings.com\/fr\/wp-json\/wp\/v2\/pages\/970\/revisions"}],"predecessor-version":[{"id":3043,"href":"https:\/\/rdosprings.com\/fr\/wp-json\/wp\/v2\/pages\/970\/revisions\/3043"}],"wp:attachment":[{"href":"https:\/\/rdosprings.com\/fr\/wp-json\/wp\/v2\/media?parent=970"}],"curies":[{"name":"wp","href":"https:\/\/api.w.org\/{rel}","templated":true}]}}