{"id":982,"date":"2020-05-26T13:22:11","date_gmt":"2020-05-26T13:22:11","guid":{"rendered":"https:\/\/rdosprings.com\/?page_id=982"},"modified":"2020-11-04T14:03:10","modified_gmt":"2020-11-04T14:03:10","slug":"traitement-de-surface","status":"publish","type":"page","link":"https:\/\/rdosprings.com\/fr\/traitement-de-surface\/","title":{"rendered":"TRAITEMENT DE SURFACE"},"content":{"rendered":"<div class=\"wpb-content-wrapper\"><p>[vc_row full_width=\u00a0\u00bbstretch_row_content_no_spaces\u00a0\u00bb el_class=\u00a0\u00bba-propos-bloc-head\u00a0\u00bb][vc_column][\/vc_column][\/vc_row][vc_row][vc_column][vc_single_image image=\u00a0\u00bb919&Prime; img_size=\u00a0\u00bbfull\u00a0\u00bb alignment=\u00a0\u00bbcenter\u00a0\u00bb][vc_column_text el_class=\u00a0\u00bba-propos-titre titre-ressors a-propos-before\u00a0\u00bb]<\/p>\n<h2 style=\"text-align: center;\"><strong>TRAITEMENT<\/strong> DE SURFACE<\/h2>\n<p>[\/vc_column_text][vc_row_inner el_class=\u00a0\u00bbrangee-vertical\u00a0\u00bb][vc_column_inner][vc_column_text el_class=\u00a0\u00bbtitre-savoir-faire savoirfaire\u00a0\u00bb]TRAITEMENT FINAL DU RESSORT PRODUIT :[\/vc_column_text][vc_column_text el_class=\u00a0\u00bbtexte-savoir-faire\u00a0\u00bb]Afin de garantir les caract\u00e9ristiques dans la dur\u00e9e, des traitements chimiques peuvent \u00eatre r\u00e9alis\u00e9s\u00a0:<\/p>\n<ul>\n<li>Tribofinition<\/li>\n<li>Passivation<\/li>\n<li>Op\u00e9rations de sous-traitance (peinture, cataphor\u00e8se, traitements chimiques complexes )<\/li>\n<\/ul>\n<p>[\/vc_column_text][\/vc_column_inner][\/vc_row_inner][vc_empty_space height=\u00a0\u00bb50px\u00a0\u00bb][\/vc_column][\/vc_row][vc_row el_class=\u00a0\u00bbproduit-bloc-fabrication\u00a0\u00bb][vc_column][vc_row_inner el_class=\u00a0\u00bbrangee-vertical\u00a0\u00bb][vc_column_inner width=\u00a0\u00bb1\/2&Prime;][vc_single_image image=\u00a0\u00bb984&Prime; img_size=\u00a0\u00bbfull\u00a0\u00bb alignment=\u00a0\u00bbcenter\u00a0\u00bb][\/vc_column_inner][vc_column_inner width=\u00a0\u00bb1\/2&Prime;][vc_column_text el_class=\u00a0\u00bbtitre-savoir-faire savoirfaire\u00a0\u00bb]TRIBOFINITION :[\/vc_column_text][vc_column_text el_class=\u00a0\u00bbtexte-savoir-faire\u00a0\u00bb]C\u2019est un proc\u00e9d\u00e9 de nettoyage pour les aciers au carbone et inoxydables pour en \u00f4ter la couche de calamine en brassage avec des abrasifs en c\u00e9ramique avec adjonction d\u2019un produit anticorrosif.<\/p>\n<p>Ce proc\u00e9d\u00e9 est utilis\u00e9 pour des pi\u00e8ces n\u00e9cessitant une propret\u00e9 parfaite.[\/vc_column_text][\/vc_column_inner][\/vc_row_inner][vc_empty_space height=\u00a0\u00bb50px\u00a0\u00bb][\/vc_column][\/vc_row][vc_row el_class=\u00a0\u00bbrangee-plan\u00a0\u00bb][vc_column][vc_column_text el_class=\u00a0\u00bbtitre-savoir-faire plan\u00a0\u00bb]Exemple\u00a0: Avant Tribofinition &#8211; Apr\u00e8s Tribofinition[\/vc_column_text][vc_row_inner el_class=\u00a0\u00bbrangee-vertical\u00a0\u00bb][vc_column_inner width=\u00a0\u00bb1\/2&Prime;][vc_single_image image=\u00a0\u00bb988&Prime; img_size=\u00a0\u00bbfull\u00a0\u00bb alignment=\u00a0\u00bbcenter\u00a0\u00bb][\/vc_column_inner][vc_column_inner width=\u00a0\u00bb1\/2&Prime;][vc_single_image image=\u00a0\u00bb986&Prime; img_size=\u00a0\u00bbfull\u00a0\u00bb alignment=\u00a0\u00bbcenter\u00a0\u00bb][\/vc_column_inner][\/vc_row_inner][vc_empty_space height=\u00a0\u00bb50px\u00a0\u00bb][vc_row_inner][vc_column_inner width=\u00a0\u00bb1\/2&Prime;][vc_column_text el_class=\u00a0\u00bbtitre-savoir-faire savoirfaire\u00a0\u00bb]PASSIVATION :[\/vc_column_text][vc_column_text el_class=\u00a0\u00bbtexte-savoir-faire\u00a0\u00bb]La Passivation est un proc\u00e9d\u00e9 de traitement des pi\u00e8ces en inox visant \u00e0 reconstituer la couche protectrice contre la corrosion\u00a0des ressorts.<\/p>\n<p><strong>RDO Springs<\/strong> est le premier fabricant de\u00a0ressorts\u00a0europ\u00e9en \u00e0 avoir int\u00e9gr\u00e9 une cha\u00eene de passivation dans son processus de fabrication. Les produits sont trait\u00e9s en salle ISO-8, salle blanche.<\/p>\n<p>Les produits passent successivement dans diff\u00e9rents bains afin d\u2019\u00eatre trait\u00e9s. Une vingtaine de processus sp\u00e9cifiques ont \u00e9t\u00e9 d\u00e9finis et valid\u00e9s pour obtenir les performances voulues par nos clients[\/vc_column_text][\/vc_column_inner][vc_column_inner width=\u00a0\u00bb1\/2&Prime;][vc_single_image image=\u00a0\u00bb989&Prime; img_size=\u00a0\u00bbfull\u00a0\u00bb alignment=\u00a0\u00bbcenter\u00a0\u00bb onclick=\u00a0\u00bbcustom_link\u00a0\u00bb link=\u00a0\u00bb\/wp-content\/uploads\/2020\/05\/ressort-compression-gros-2.mp4&Prime;][\/vc_column_inner][\/vc_row_inner][vc_row_inner][vc_column_inner][vc_column_text el_class=\u00a0\u00bbtexte-savoir-faire\u00a0\u00bb]Les produits sont ensuite transmis \u00e0 une cha\u00eene de conditionnement situ\u00e9e dans la m\u00eame salle. Ils sont ensach\u00e9s imm\u00e9diatement pour garantir l\u2019absence de pollution tierce.<strong>\u00a0<\/strong><\/p>\n<p>&nbsp;<\/p>\n<p><b>OP\u00c9RATIONS DE SOUS-TRAITANCE :<br \/>\n<\/b>De multiples op\u00e9rations peuvent \u00eatre r\u00e9alis\u00e9es sur les ressorts. Nos partenaires, situ\u00e9s \u00e0 proximit\u00e9 de notre usine de production sont capables de r\u00e9aliser diff\u00e9rents traitements post\u00e9rieurs \u00e0 nos fabrications :<\/p>\n<ul>\n<li>Peinture, dorure<\/li>\n<li>Cataphor\u00e8se,<\/li>\n<li>D\u00e9graissage<\/li>\n<li>Traitements chimiques complexes\u00a0; cadmiage, cuivrage, bichromatage, \u00e9tamage, traitements \u00e9lectrolytiques<\/li>\n<li>Trempe \u00e0 l\u2019huile<\/li>\n<li>\u2026.<\/li>\n<\/ul>\n<p>[\/vc_column_text][\/vc_column_inner][\/vc_row_inner][\/vc_column][\/vc_row][vc_row][vc_column][vc_row_inner][vc_column_inner width=\u00a0\u00bb2\/3&Prime;][vc_column_text el_class=\u00a0\u00bbtitre-savoir-faire titre-center savoirfaire\u00a0\u00bb]NOS CONSEILS :[\/vc_column_text][vc_column_text el_class=\u00a0\u00bbtexte-savoir-faire conseils\u00a0\u00bb]La fabrication des ressorts s\u2019appuie sur plusieurs normes internationales qui d\u00e9finissent les tol\u00e9rances et le processus standard de r\u00e9alisation.<\/p>\n<p><strong>RDO Springs y r\u00e9pond et est certifi\u00e9e ISO 9001 (Qualit\u00e9) et EN 9100 (Qualit\u00e9 ++ : secteurs A\u00e9ronautique, Spatial, D\u00e9fense) prouvant son tr\u00e8s grand savoir-faire en la mati\u00e8re.<\/strong><\/p>\n<p>Il n\u2019existe pas de ressorts dits \u00ab standard \u00bb. Chaque ressort est sp\u00e9cifique et exige une d\u00e9marche adapt\u00e9e nous permettant de r\u00e9pondre \u00e0 vos exigences.[\/vc_column_text][\/vc_column_inner][vc_column_inner width=\u00a0\u00bb1\/3&Prime;][vc_single_image image=\u00a0\u00bb701&Prime; img_size=\u00a0\u00bbfull\u00a0\u00bb alignment=\u00a0\u00bbcenter\u00a0\u00bb][vc_column_text el_class=\u00a0\u00bbISO\u00a0\u00bb]ISO 9001<br \/>\nEN 9100[\/vc_column_text][vc_btn title=\u00a0\u00bbNos certifications\u00a0\u00bb link=\u00a0\u00bburl:%2F%3Fpage_id%3D970|||\u00a0\u00bb el_class=\u00a0\u00bbiso-btn\u00a0\u00bb][vc_empty_space height=\u00a0\u00bb40px\u00a0\u00bb][\/vc_column_inner][\/vc_row_inner][vc_empty_space height=\u00a0\u00bb60px\u00a0\u00bb][\/vc_column][\/vc_row][vc_row full_width=\u00a0\u00bbstretch_row_content_no_spaces\u00a0\u00bb el_class=\u00a0\u00bbcoordonnees-home\u00a0\u00bb css=\u00a0\u00bb.vc_custom_1586160041817{background-image: url(https:\/\/rdosprings.com\/wp-content\/uploads\/2020\/04\/fond-coordonn\u00e9es.png?id=533) !important;background-position: center !important;background-repeat: no-repeat !important;background-size: cover !important;}\u00a0\u00bb][vc_column][vc_row_inner][vc_column_inner width=\u00a0\u00bb1\/2&Prime;][vc_single_image image=\u00a0\u00bb534&Prime; img_size=\u00a0\u00bbfull\u00a0\u00bb alignment=\u00a0\u00bbcenter\u00a0\u00bb][\/vc_column_inner][vc_column_inner width=\u00a0\u00bb1\/2&Prime;][vc_column_text el_class=\u00a0\u00bbtexte-coordonnes1&Prime;]RDO Springs<br \/>\n10 RUE BENJAMIN DELESSERT<br \/>\n60510 BRESLES[\/vc_column_text][vc_column_text el_class=\u00a0\u00bbtexte-coordonnes2&Prime;]contact@rdosprings.com<br \/>\nwww.rdosprings.com[\/vc_column_text][\/vc_column_inner][\/vc_row_inner][\/vc_column][\/vc_row]<\/p>\n<\/div>","protected":false},"excerpt":{"rendered":"<p>[vc_row full_width=\u00a0\u00bbstretch_row_content_no_spaces\u00a0\u00bb el_class=\u00a0\u00bba-propos-bloc-head\u00a0\u00bb][vc_column][\/vc_column][\/vc_row][vc_row][vc_column][vc_single_image image=\u00a0\u00bb919&Prime; img_size=\u00a0\u00bbfull\u00a0\u00bb alignment=\u00a0\u00bbcenter\u00a0\u00bb][vc_column_text el_class=\u00a0\u00bba-propos-titre titre-ressors a-propos-before\u00a0\u00bb] TRAITEMENT DE SURFACE [\/vc_column_text][vc_row_inner el_class=\u00a0\u00bbrangee-vertical\u00a0\u00bb][vc_column_inner][vc_column_text el_class=\u00a0\u00bbtitre-savoir-faire savoirfaire\u00a0\u00bb]TRAITEMENT FINAL DU RESSORT PRODUIT :[\/vc_column_text][vc_column_text el_class=\u00a0\u00bbtexte-savoir-faire\u00a0\u00bb]Afin de garantir les caract\u00e9ristiques dans la dur\u00e9e, des traitements chimiques peuvent \u00eatre r\u00e9alis\u00e9s\u00a0: Tribofinition Passivation Op\u00e9rations de sous-traitance (peinture, cataphor\u00e8se, traitements chimiques complexes ) [\/vc_column_text][\/vc_column_inner][\/vc_row_inner][vc_empty_space height=\u00a0\u00bb50px\u00a0\u00bb][\/vc_column][\/vc_row][vc_row el_class=\u00a0\u00bbproduit-bloc-fabrication\u00a0\u00bb][vc_column][vc_row_inner el_class=\u00a0\u00bbrangee-vertical\u00a0\u00bb][vc_column_inner width=\u00a0\u00bb1\/2&Prime;][vc_single_image image=\u00a0\u00bb984&Prime; img_size=\u00a0\u00bbfull\u00a0\u00bb alignment=\u00a0\u00bbcenter\u00a0\u00bb][\/vc_column_inner][vc_column_inner width=\u00a0\u00bb1\/2&Prime;][vc_column_text<\/p>\n","protected":false},"author":6,"featured_media":0,"parent":0,"menu_order":0,"comment_status":"closed","ping_status":"closed","template":"","meta":{"footnotes":""},"class_list":["post-982","page","type-page","status-publish","hentry"],"yoast_head":"<!-- This site is optimized with the Yoast SEO plugin v27.5 - https:\/\/yoast.com\/product\/yoast-seo-wordpress\/ -->\n<title>Nos traitements de surface | RDO Springs sp\u00e9cialiste Fran\u00e7ais du ressort<\/title>\n<meta name=\"description\" content=\"Pour garantir la qualit\u00e9 dans la dur\u00e9e, des traitements de surface peuvent \u00eatre r\u00e9alis\u00e9s : tribofinition, passivation, op\u00e9rations de sous-traitance.\" \/>\n<meta name=\"robots\" content=\"index, follow, max-snippet:-1, max-image-preview:large, max-video-preview:-1\" \/>\n<link rel=\"canonical\" href=\"https:\/\/rdosprings.com\/fr\/traitement-de-surface\/\" \/>\n<meta property=\"og:locale\" content=\"fr_FR\" \/>\n<meta property=\"og:type\" content=\"article\" \/>\n<meta property=\"og:title\" content=\"Nos traitements de surface | RDO Springs sp\u00e9cialiste Fran\u00e7ais du ressort\" \/>\n<meta property=\"og:description\" content=\"Pour garantir la qualit\u00e9 dans la dur\u00e9e, des traitements de surface peuvent \u00eatre r\u00e9alis\u00e9s : tribofinition, passivation, op\u00e9rations de sous-traitance.\" \/>\n<meta property=\"og:url\" content=\"https:\/\/rdosprings.com\/fr\/traitement-de-surface\/\" \/>\n<meta property=\"og:site_name\" content=\"RDO\" \/>\n<meta property=\"article:modified_time\" content=\"2020-11-04T14:03:10+00:00\" \/>\n<meta name=\"twitter:card\" content=\"summary_large_image\" \/>\n<meta name=\"twitter:label1\" content=\"Dur\u00e9e de lecture estim\u00e9e\" \/>\n\t<meta name=\"twitter:data1\" content=\"4 minutes\" \/>\n<script type=\"application\/ld+json\" class=\"yoast-schema-graph\">{\"@context\":\"https:\\\/\\\/schema.org\",\"@graph\":[{\"@type\":\"WebPage\",\"@id\":\"https:\\\/\\\/rdosprings.com\\\/fr\\\/traitement-de-surface\\\/\",\"url\":\"https:\\\/\\\/rdosprings.com\\\/fr\\\/traitement-de-surface\\\/\",\"name\":\"Nos traitements de surface | RDO Springs sp\u00e9cialiste Fran\u00e7ais du ressort\",\"isPartOf\":{\"@id\":\"https:\\\/\\\/rdosprings.com\\\/fr\\\/#website\"},\"datePublished\":\"2020-05-26T13:22:11+00:00\",\"dateModified\":\"2020-11-04T14:03:10+00:00\",\"description\":\"Pour garantir la qualit\u00e9 dans la dur\u00e9e, des traitements de surface peuvent \u00eatre r\u00e9alis\u00e9s : tribofinition, passivation, op\u00e9rations de sous-traitance.\",\"breadcrumb\":{\"@id\":\"https:\\\/\\\/rdosprings.com\\\/fr\\\/traitement-de-surface\\\/#breadcrumb\"},\"inLanguage\":\"fr-FR\",\"potentialAction\":[{\"@type\":\"ReadAction\",\"target\":[\"https:\\\/\\\/rdosprings.com\\\/fr\\\/traitement-de-surface\\\/\"]}]},{\"@type\":\"BreadcrumbList\",\"@id\":\"https:\\\/\\\/rdosprings.com\\\/fr\\\/traitement-de-surface\\\/#breadcrumb\",\"itemListElement\":[{\"@type\":\"ListItem\",\"position\":1,\"name\":\"Accueil\",\"item\":\"https:\\\/\\\/rdosprings.com\\\/fr\\\/\"},{\"@type\":\"ListItem\",\"position\":2,\"name\":\"TRAITEMENT DE SURFACE\"}]},{\"@type\":\"WebSite\",\"@id\":\"https:\\\/\\\/rdosprings.com\\\/fr\\\/#website\",\"url\":\"https:\\\/\\\/rdosprings.com\\\/fr\\\/\",\"name\":\"RDO\",\"description\":\"Fabrication de ressorts\",\"potentialAction\":[{\"@type\":\"SearchAction\",\"target\":{\"@type\":\"EntryPoint\",\"urlTemplate\":\"https:\\\/\\\/rdosprings.com\\\/fr\\\/?s={search_term_string}\"},\"query-input\":{\"@type\":\"PropertyValueSpecification\",\"valueRequired\":true,\"valueName\":\"search_term_string\"}}],\"inLanguage\":\"fr-FR\"}]}<\/script>\n<!-- \/ Yoast SEO plugin. -->","yoast_head_json":{"title":"Nos traitements de surface | RDO Springs sp\u00e9cialiste Fran\u00e7ais du ressort","description":"Pour garantir la qualit\u00e9 dans la dur\u00e9e, des traitements de surface peuvent \u00eatre r\u00e9alis\u00e9s : tribofinition, passivation, op\u00e9rations de sous-traitance.","robots":{"index":"index","follow":"follow","max-snippet":"max-snippet:-1","max-image-preview":"max-image-preview:large","max-video-preview":"max-video-preview:-1"},"canonical":"https:\/\/rdosprings.com\/fr\/traitement-de-surface\/","og_locale":"fr_FR","og_type":"article","og_title":"Nos traitements de surface | RDO Springs sp\u00e9cialiste Fran\u00e7ais du ressort","og_description":"Pour garantir la qualit\u00e9 dans la dur\u00e9e, des traitements de surface peuvent \u00eatre r\u00e9alis\u00e9s : tribofinition, passivation, op\u00e9rations de sous-traitance.","og_url":"https:\/\/rdosprings.com\/fr\/traitement-de-surface\/","og_site_name":"RDO","article_modified_time":"2020-11-04T14:03:10+00:00","twitter_card":"summary_large_image","twitter_misc":{"Dur\u00e9e de lecture estim\u00e9e":"4 minutes"},"schema":{"@context":"https:\/\/schema.org","@graph":[{"@type":"WebPage","@id":"https:\/\/rdosprings.com\/fr\/traitement-de-surface\/","url":"https:\/\/rdosprings.com\/fr\/traitement-de-surface\/","name":"Nos traitements de surface | RDO Springs sp\u00e9cialiste Fran\u00e7ais du ressort","isPartOf":{"@id":"https:\/\/rdosprings.com\/fr\/#website"},"datePublished":"2020-05-26T13:22:11+00:00","dateModified":"2020-11-04T14:03:10+00:00","description":"Pour garantir la qualit\u00e9 dans la dur\u00e9e, des traitements de surface peuvent \u00eatre r\u00e9alis\u00e9s : tribofinition, passivation, op\u00e9rations de sous-traitance.","breadcrumb":{"@id":"https:\/\/rdosprings.com\/fr\/traitement-de-surface\/#breadcrumb"},"inLanguage":"fr-FR","potentialAction":[{"@type":"ReadAction","target":["https:\/\/rdosprings.com\/fr\/traitement-de-surface\/"]}]},{"@type":"BreadcrumbList","@id":"https:\/\/rdosprings.com\/fr\/traitement-de-surface\/#breadcrumb","itemListElement":[{"@type":"ListItem","position":1,"name":"Accueil","item":"https:\/\/rdosprings.com\/fr\/"},{"@type":"ListItem","position":2,"name":"TRAITEMENT DE SURFACE"}]},{"@type":"WebSite","@id":"https:\/\/rdosprings.com\/fr\/#website","url":"https:\/\/rdosprings.com\/fr\/","name":"RDO","description":"Fabrication de ressorts","potentialAction":[{"@type":"SearchAction","target":{"@type":"EntryPoint","urlTemplate":"https:\/\/rdosprings.com\/fr\/?s={search_term_string}"},"query-input":{"@type":"PropertyValueSpecification","valueRequired":true,"valueName":"search_term_string"}}],"inLanguage":"fr-FR"}]}},"_links":{"self":[{"href":"https:\/\/rdosprings.com\/fr\/wp-json\/wp\/v2\/pages\/982","targetHints":{"allow":["GET"]}}],"collection":[{"href":"https:\/\/rdosprings.com\/fr\/wp-json\/wp\/v2\/pages"}],"about":[{"href":"https:\/\/rdosprings.com\/fr\/wp-json\/wp\/v2\/types\/page"}],"author":[{"embeddable":true,"href":"https:\/\/rdosprings.com\/fr\/wp-json\/wp\/v2\/users\/6"}],"replies":[{"embeddable":true,"href":"https:\/\/rdosprings.com\/fr\/wp-json\/wp\/v2\/comments?post=982"}],"version-history":[{"count":24,"href":"https:\/\/rdosprings.com\/fr\/wp-json\/wp\/v2\/pages\/982\/revisions"}],"predecessor-version":[{"id":2219,"href":"https:\/\/rdosprings.com\/fr\/wp-json\/wp\/v2\/pages\/982\/revisions\/2219"}],"wp:attachment":[{"href":"https:\/\/rdosprings.com\/fr\/wp-json\/wp\/v2\/media?parent=982"}],"curies":[{"name":"wp","href":"https:\/\/api.w.org\/{rel}","templated":true}]}}