{"id":999,"date":"2020-05-26T13:54:10","date_gmt":"2020-05-26T13:54:10","guid":{"rendered":"https:\/\/rdosprings.com\/?page_id=999"},"modified":"2020-11-04T14:00:15","modified_gmt":"2020-11-04T14:00:15","slug":"ressorts-a-vagues","status":"publish","type":"page","link":"https:\/\/rdosprings.com\/fr\/ressorts-a-vagues\/","title":{"rendered":"RESSORTS \u00c0 VAGUES"},"content":{"rendered":"<div class=\"wpb-content-wrapper\"><p>[vc_row full_width=\u00a0\u00bbstretch_row_content_no_spaces\u00a0\u00bb el_class=\u00a0\u00bba-propos-bloc-head\u00a0\u00bb][vc_column][\/vc_column][\/vc_row][vc_row][vc_column][vc_single_image image=\u00a0\u00bb919&Prime; img_size=\u00a0\u00bbfull\u00a0\u00bb alignment=\u00a0\u00bbcenter\u00a0\u00bb][vc_column_text el_class=\u00a0\u00bba-propos-titre titre-ressors a-propos-before\u00a0\u00bb]<\/p>\n<h2 style=\"text-align: center;\">RESSORTS \u00c0 <strong>VAGUES<\/strong><\/h2>\n<p>[\/vc_column_text][vc_row_inner el_class=\u00a0\u00bbrangee-vertical\u00a0\u00bb][vc_column_inner width=\u00a0\u00bb1\/2&Prime;][vc_column_text el_class=\u00a0\u00bbtitre-savoir-faire savoirfaire\u00a0\u00bb]D\u00c9FINITION :[\/vc_column_text][vc_column_text el_class=\u00a0\u00bbtexte-savoir-faire\u00a0\u00bb]Les ressorts \u00e0 vagues sont issus d\u2019une technologie r\u00e9cente des ressorts.<br \/>\nLe fil utilis\u00e9 en apparence n\u2019est pas rond, mais il a un aspect plat. Il s\u2019agit fr\u00e9quemment de fils qui ont \u00e9t\u00e9 lamin\u00e9s (\u00e9cras\u00e9s par des passes successives) afin d\u2019obtenir un fil \u00e0 une \u00e9paisseur souhait\u00e9e.<\/p>\n<p>Ce fil est ensuite travaill\u00e9 afin de lui fournir des caract\u00e9ristiques similaires aux ressorts de compressions avec l\u2019avantage d\u2019une port\u00e9e beaucoup plus large.<br \/>\nLe ressort \u00e0 vagues permet de restituer les m\u00eames efforts qu\u2019un ressort en fil rond mais sur une course beaucoup plus faible et un encombrement moindre.<\/p>\n<p>L\u2019appui des spires les unes sur les autres lui am\u00e8ne des caract\u00e9ristiques uniques pour beaucoup d\u2019application tr\u00e8s techniques.<br \/>\nCe ressort est \u00e9galement appel\u00e9 ressort sinus.[\/vc_column_text][\/vc_column_inner][vc_column_inner width=\u00a0\u00bb1\/2&Prime;][vc_images_carousel images=\u00a0\u00bb1527,1528&Prime; img_size=\u00a0\u00bbfull\u00a0\u00bb autoplay=\u00a0\u00bbyes\u00a0\u00bb hide_pagination_control=\u00a0\u00bbyes\u00a0\u00bb][\/vc_column_inner][\/vc_row_inner][vc_empty_space height=\u00a0\u00bb50px\u00a0\u00bb][\/vc_column][\/vc_row][vc_row el_class=\u00a0\u00bbproduit-bloc-fabrication\u00a0\u00bb][vc_column][vc_row_inner el_class=\u00a0\u00bbrangee-vertical\u00a0\u00bb][vc_column_inner][vc_column_text el_class=\u00a0\u00bbtitre-savoir-faire savoirfaire\u00a0\u00bb]FABRICATION :[\/vc_column_text][vc_column_text el_class=\u00a0\u00bbtexte-savoir-faire\u00a0\u00bb]<\/p>\n<ul>\n<li>Petite s\u00e9rie (&lt;1000 pi\u00e8ces),<\/li>\n<li>Production faisant l\u2019objet de plusieurs \u00e9tapes tr\u00e8s pr\u00e9cises,<\/li>\n<li><strong>RDO Springs<\/strong> produit essentiellement ces ressorts pour des secteurs d\u2019activit\u00e9 o\u00f9 une tr\u00e8s grande pr\u00e9cision et une grande technicit\u00e9 sont demand\u00e9es.<\/li>\n<\/ul>\n<p>[\/vc_column_text][\/vc_column_inner][\/vc_row_inner][vc_empty_space height=\u00a0\u00bb50px\u00a0\u00bb][\/vc_column][\/vc_row][vc_row el_class=\u00a0\u00bbrangee-plan\u00a0\u00bb][vc_column][vc_column_text el_class=\u00a0\u00bbtitre-savoir-faire plan savoirfaire\u00a0\u00bb]CALCULS &#8211; PLANS &#8211; COTATION TECHNIQUE :[\/vc_column_text][vc_row_inner el_class=\u00a0\u00bbrangee-vertical\u00a0\u00bb][vc_column_inner width=\u00a0\u00bb1\/2&Prime;][vc_column_text el_class=\u00a0\u00bbtexte-savoir-faire\u00a0\u00bb]Suite \u00e0 la complexit\u00e9 de fabrication, ce ressort est construit sur plan.<br \/>\nLe fil \u00e0 utiliser doit faire l\u2019objet d\u2019une \u00e9tude technique pr\u00e9cise afin de r\u00e9pondre aux attentes de nos clients. Nous vous accompagnons pour la d\u00e9finition de ces plans.<\/p>\n<p>De nombreuses c\u00f4tes utiles sont n\u00e9cessaires quant \u00e0 son \u00e9laboration, parmi lesquelles les diam\u00e8tres du fil et de l\u2019int\u00e9rieur, les sens d\u2019enroulement, les charges axiales \u00e0 encaisser et \u00e0 restituer, et les diff\u00e9rentes longueurs utiles (hauteur libre, hauteur sous charge).<\/p>\n<p>Lorsque le plan est r\u00e9alis\u00e9 et transmis, notre Bureau d\u2019\u00e9tude v\u00e9rifie les c\u00f4tes et vous rappelle si n\u00e9cessaire. Des tests sont alors men\u00e9s pour v\u00e9rifier que les caract\u00e9ristiques demand\u00e9es peuvent \u00eatre valid\u00e9es sur des \u00e9chantillons initiaux.[\/vc_column_text][\/vc_column_inner][vc_column_inner width=\u00a0\u00bb1\/2&Prime;][vc_single_image image=\u00a0\u00bb1253&Prime; img_size=\u00a0\u00bbfull\u00a0\u00bb alignment=\u00a0\u00bbcenter\u00a0\u00bb][\/vc_column_inner][\/vc_row_inner][vc_empty_space height=\u00a0\u00bb50px\u00a0\u00bb][\/vc_column][\/vc_row][vc_row][vc_column][vc_row_inner][vc_column_inner][vc_column_text el_class=\u00a0\u00bbtitre-savoir-faire titre-center titre-special\u00a0\u00bb]\u00c9QUIPEMENT :[\/vc_column_text][vc_column_text el_class=\u00a0\u00bbtexte-savoir-faire equipe\u00a0\u00bb]<strong>RDO Springs est \u00e9quip\u00e9e :<\/strong><\/p>\n<ul>\n<li>De plusieurs machines permettant le laminage des fils et la mise en fabrication de ces ressorts sp\u00e9cifiques \u00e0 vagues,<\/li>\n<li>De plusieurs logiciels r\u00e9cents pour les calculs des c\u00f4tes et charges statiques et dynamiques sur les ressorts,<\/li>\n<li>De tous les instruments de contr\u00f4le n\u00e9cessaire \u00e0 la v\u00e9rification des c\u00f4tes demand\u00e9s (projecteur de profil, prises de cot\u00e9 par imagerie, LED 2D, LED 3D \u2026)<\/li>\n<\/ul>\n<p>[\/vc_column_text][vc_single_image image=\u00a0\u00bb1217&Prime; img_size=\u00a0\u00bbfull\u00a0\u00bb alignment=\u00a0\u00bbcenter\u00a0\u00bb][\/vc_column_inner][\/vc_row_inner][vc_empty_space height=\u00a0\u00bb50px\u00a0\u00bb el_class=\u00a0\u00bbbarre-violette-bottom\u00a0\u00bb][\/vc_column][\/vc_row][vc_row][vc_column][vc_column_text el_class=\u00a0\u00bbtitre-savoir-faire titre-center savoirfaire\u00a0\u00bb]TRAITEMENT FINAL DU RESSORT PRODUIT :[\/vc_column_text][vc_column_text el_class=\u00a0\u00bbtexte-savoir-faire\u00a0\u00bb]Plusieurs millions de combinaisons sont r\u00e9alisables en fonction des caract\u00e9ristiques m\u00e9caniques demand\u00e9es sur les dimensions ou les r\u00e9sistances.<\/p>\n<p>Pour qu\u2019un ressort r\u00e9ponde dans la dur\u00e9e \u00e0 vos exigences, des traitements thermiques (fours) sont r\u00e9alis\u00e9s. Des traitements chimiques peuvent \u00eatre r\u00e9alis\u00e9s \u00e9galement (tribofinition ou passivation) afin de garantir ces caract\u00e9ristiques dans la dur\u00e9e.<\/p>\n<p>RDO Springs est \u00e9quip\u00e9e de 2 cha\u00eenes modernes pour ces op\u00e9rations.<\/p>\n<p>Des op\u00e9rations de sous-traitance (peinture, cataphor\u00e8se, traitements chimiques ) peuvent \u00eatre r\u00e9alis\u00e9es chez un sous-traitant situ\u00e9 \u00e0 proximit\u00e9 de notre unit\u00e9 de production.[\/vc_column_text][vc_empty_space height=\u00a0\u00bb50px\u00a0\u00bb el_class=\u00a0\u00bbbarre-violette-bottom\u00a0\u00bb][\/vc_column][\/vc_row][vc_row][vc_column][vc_column_text el_class=\u00a0\u00bbtitre-savoir-faire titre-center titre-special\u00a0\u00bb]MATI\u00c8RES TRAVAILL\u00c9ES :[\/vc_column_text][vc_column_text el_class=\u00a0\u00bbtexte-savoir-faire texte-center\u00a0\u00bb]RDO Springs utilise de nombreux types de mati\u00e8res pour ses fabrications (voir liste ci-dessous). Pour les ressorts \u00e0 vagues, ces produits ne sont pas forc\u00e9ment tous laminables. Merci de vous rapprocher de nos services techniques pour des \u00e9tudes approfondies sur le produit qui vous souhaiteriez utiliser[\/vc_column_text][vc_row_inner][vc_column_inner width=\u00a0\u00bb1\/2&Prime;][vc_column_text el_class=\u00a0\u00bbtexte-savoir-faire texte-center\u00a0\u00bb]<\/p>\n<ul>\n<li>Acier ressort SM, SH, DH&#8230;<\/li>\n<li>Chrome silisium Oteva \u00a9, Stato \u00a9, b\u00e9crosi \u00a9<\/li>\n<li>Inox 1.4310, 1.4310 HS, 1.4401, 1.4568, 1.4462<\/li>\n<li>Acier pr\u00e9-rev\u00eatu SM galvanis\u00e9, SH galvanis\u00e9, SM Bezinal \u00a9,<br \/>\nSH bezinal \u00a9<\/li>\n<\/ul>\n<p>[\/vc_column_text][\/vc_column_inner][vc_column_inner width=\u00a0\u00bb1\/2&Prime;][vc_column_text el_class=\u00a0\u00bbtexte-savoir-faire texte-center\u00a0\u00bb]<\/p>\n<ul>\n<li>Inox doux 1.4301 \u2022 Inox implantable 1.4441<\/li>\n<li>Inconel 600, 625, 718, 750 \u2022 Monel, Nimonic, Uranus, Titane \u2026<\/li>\n<li>Bronze phosphoreux, b\u00e9ryllium, cuivre, laiton \u2022 Section carr\u00e9e, section rectangulaire<\/li>\n<\/ul>\n<p>[\/vc_column_text][\/vc_column_inner][\/vc_row_inner][vc_empty_space height=\u00a0\u00bb50px\u00a0\u00bb el_class=\u00a0\u00bbbarre-violette-bottom\u00a0\u00bb][\/vc_column][\/vc_row][vc_row][vc_column][vc_row_inner][vc_column_inner width=\u00a0\u00bb2\/3&Prime;][vc_column_text el_class=\u00a0\u00bbtitre-savoir-faire titre-center savoirfaire\u00a0\u00bb]NOS CONSEILS :[\/vc_column_text][vc_column_text el_class=\u00a0\u00bbtexte-savoir-faire conseils\u00a0\u00bb]La fabrication des ressorts \u00e0 vagues s\u2019appuie sur plusieurs normes internationales qui d\u00e9finissent les tol\u00e9rances et le processus standard de r\u00e9alisation.<\/p>\n<p><strong>RDO Springs y r\u00e9pond et est certifi\u00e9e ISO 9001 (Qualit\u00e9) et EN 9100 (Qualit\u00e9 ++ : secteurs A\u00e9ronautique, Spatial, D\u00e9fense) prouvant son tr\u00e8s grand savoir-faire en la mati\u00e8re.<\/strong><\/p>\n<p>Il n\u2019existe pas de ressorts dits \u00ab standard \u00bb. Chaque ressort est sp\u00e9cifique et exige une d\u00e9marche adapt\u00e9e nous permettant de r\u00e9pondre \u00e0 vos exigences[\/vc_column_text][\/vc_column_inner][vc_column_inner width=\u00a0\u00bb1\/3&Prime;][vc_single_image image=\u00a0\u00bb701&Prime; img_size=\u00a0\u00bbfull\u00a0\u00bb alignment=\u00a0\u00bbcenter\u00a0\u00bb][vc_column_text el_class=\u00a0\u00bbISO\u00a0\u00bb]ISO 9001<br \/>\nEN 9100[\/vc_column_text][vc_btn title=\u00a0\u00bbNos certifications\u00a0\u00bb link=\u00a0\u00bburl:%2F%3Fpage_id%3D970|||\u00a0\u00bb el_class=\u00a0\u00bbiso-btn\u00a0\u00bb][\/vc_column_inner][\/vc_row_inner][vc_empty_space height=\u00a0\u00bb60px\u00a0\u00bb][\/vc_column][\/vc_row][vc_row full_width=\u00a0\u00bbstretch_row_content_no_spaces\u00a0\u00bb el_class=\u00a0\u00bbcoordonnees-home\u00a0\u00bb css=\u00a0\u00bb.vc_custom_1586160041817{background-image: url(https:\/\/rdosprings.com\/wp-content\/uploads\/2020\/04\/fond-coordonn\u00e9es.png?id=533) !important;background-position: center !important;background-repeat: no-repeat !important;background-size: cover !important;}\u00a0\u00bb][vc_column][vc_row_inner][vc_column_inner width=\u00a0\u00bb1\/2&Prime;][vc_single_image image=\u00a0\u00bb534&Prime; img_size=\u00a0\u00bbfull\u00a0\u00bb alignment=\u00a0\u00bbcenter\u00a0\u00bb][\/vc_column_inner][vc_column_inner width=\u00a0\u00bb1\/2&Prime;][vc_column_text el_class=\u00a0\u00bbtexte-coordonnes1&Prime;]RDO Springs<br \/>\n10 RUE BENJAMIN DELESSERT<br \/>\n60510 BRESLES[\/vc_column_text][vc_column_text el_class=\u00a0\u00bbtexte-coordonnes2&Prime;]contact@rdosprings.com<br \/>\nwww.rdosprings.com[\/vc_column_text][\/vc_column_inner][\/vc_row_inner][\/vc_column][\/vc_row]<\/p>\n<\/div>","protected":false},"excerpt":{"rendered":"<p>[vc_row full_width=\u00a0\u00bbstretch_row_content_no_spaces\u00a0\u00bb el_class=\u00a0\u00bba-propos-bloc-head\u00a0\u00bb][vc_column][\/vc_column][\/vc_row][vc_row][vc_column][vc_single_image image=\u00a0\u00bb919&Prime; img_size=\u00a0\u00bbfull\u00a0\u00bb alignment=\u00a0\u00bbcenter\u00a0\u00bb][vc_column_text el_class=\u00a0\u00bba-propos-titre titre-ressors a-propos-before\u00a0\u00bb] RESSORTS \u00c0 VAGUES [\/vc_column_text][vc_row_inner el_class=\u00a0\u00bbrangee-vertical\u00a0\u00bb][vc_column_inner width=\u00a0\u00bb1\/2&Prime;][vc_column_text el_class=\u00a0\u00bbtitre-savoir-faire savoirfaire\u00a0\u00bb]D\u00c9FINITION :[\/vc_column_text][vc_column_text el_class=\u00a0\u00bbtexte-savoir-faire\u00a0\u00bb]Les ressorts \u00e0 vagues sont issus d\u2019une technologie r\u00e9cente des ressorts. Le fil utilis\u00e9 en apparence n\u2019est pas rond, mais il a un aspect plat. Il s\u2019agit fr\u00e9quemment de fils qui ont \u00e9t\u00e9 lamin\u00e9s (\u00e9cras\u00e9s par des<\/p>\n","protected":false},"author":6,"featured_media":0,"parent":0,"menu_order":0,"comment_status":"closed","ping_status":"closed","template":"","meta":{"footnotes":""},"class_list":["post-999","page","type-page","status-publish","hentry"],"yoast_head":"<!-- This site is optimized with the Yoast SEO plugin v27.5 - https:\/\/yoast.com\/product\/yoast-seo-wordpress\/ -->\n<title>Ressorts \u00e0 vagues | RDO Springs sp\u00e9cialiste Fran\u00e7ais du ressort<\/title>\n<meta name=\"description\" content=\"Les ressorts \u00e0 vagues sont issus d\u2019une technologie r\u00e9cente des ressorts. Le fil utilis\u00e9 en apparence n\u2019est pas rond, mais il a un aspect plat.\" \/>\n<meta name=\"robots\" content=\"index, follow, max-snippet:-1, max-image-preview:large, max-video-preview:-1\" \/>\n<link rel=\"canonical\" href=\"https:\/\/rdosprings.com\/fr\/ressorts-a-vagues\/\" \/>\n<meta property=\"og:locale\" content=\"fr_FR\" \/>\n<meta property=\"og:type\" content=\"article\" \/>\n<meta property=\"og:title\" content=\"Ressorts \u00e0 vagues | RDO Springs sp\u00e9cialiste Fran\u00e7ais du ressort\" \/>\n<meta property=\"og:description\" content=\"Les ressorts \u00e0 vagues sont issus d\u2019une technologie r\u00e9cente des ressorts. Le fil utilis\u00e9 en apparence n\u2019est pas rond, mais il a un aspect plat.\" \/>\n<meta property=\"og:url\" content=\"https:\/\/rdosprings.com\/fr\/ressorts-a-vagues\/\" \/>\n<meta property=\"og:site_name\" content=\"RDO\" \/>\n<meta property=\"article:modified_time\" content=\"2020-11-04T14:00:15+00:00\" \/>\n<meta name=\"twitter:card\" content=\"summary_large_image\" \/>\n<meta name=\"twitter:label1\" content=\"Dur\u00e9e de lecture estim\u00e9e\" \/>\n\t<meta name=\"twitter:data1\" content=\"6 minutes\" \/>\n<script type=\"application\/ld+json\" class=\"yoast-schema-graph\">{\"@context\":\"https:\\\/\\\/schema.org\",\"@graph\":[{\"@type\":\"WebPage\",\"@id\":\"https:\\\/\\\/rdosprings.com\\\/fr\\\/ressorts-a-vagues\\\/\",\"url\":\"https:\\\/\\\/rdosprings.com\\\/fr\\\/ressorts-a-vagues\\\/\",\"name\":\"Ressorts \u00e0 vagues | RDO Springs sp\u00e9cialiste Fran\u00e7ais du ressort\",\"isPartOf\":{\"@id\":\"https:\\\/\\\/rdosprings.com\\\/fr\\\/#website\"},\"datePublished\":\"2020-05-26T13:54:10+00:00\",\"dateModified\":\"2020-11-04T14:00:15+00:00\",\"description\":\"Les ressorts \u00e0 vagues sont issus d\u2019une technologie r\u00e9cente des ressorts. Le fil utilis\u00e9 en apparence n\u2019est pas rond, mais il a un aspect plat.\",\"breadcrumb\":{\"@id\":\"https:\\\/\\\/rdosprings.com\\\/fr\\\/ressorts-a-vagues\\\/#breadcrumb\"},\"inLanguage\":\"fr-FR\",\"potentialAction\":[{\"@type\":\"ReadAction\",\"target\":[\"https:\\\/\\\/rdosprings.com\\\/fr\\\/ressorts-a-vagues\\\/\"]}]},{\"@type\":\"BreadcrumbList\",\"@id\":\"https:\\\/\\\/rdosprings.com\\\/fr\\\/ressorts-a-vagues\\\/#breadcrumb\",\"itemListElement\":[{\"@type\":\"ListItem\",\"position\":1,\"name\":\"Accueil\",\"item\":\"https:\\\/\\\/rdosprings.com\\\/fr\\\/\"},{\"@type\":\"ListItem\",\"position\":2,\"name\":\"RESSORTS \u00c0 VAGUES\"}]},{\"@type\":\"WebSite\",\"@id\":\"https:\\\/\\\/rdosprings.com\\\/fr\\\/#website\",\"url\":\"https:\\\/\\\/rdosprings.com\\\/fr\\\/\",\"name\":\"RDO\",\"description\":\"Fabrication de ressorts\",\"potentialAction\":[{\"@type\":\"SearchAction\",\"target\":{\"@type\":\"EntryPoint\",\"urlTemplate\":\"https:\\\/\\\/rdosprings.com\\\/fr\\\/?s={search_term_string}\"},\"query-input\":{\"@type\":\"PropertyValueSpecification\",\"valueRequired\":true,\"valueName\":\"search_term_string\"}}],\"inLanguage\":\"fr-FR\"}]}<\/script>\n<!-- \/ Yoast SEO plugin. -->","yoast_head_json":{"title":"Ressorts \u00e0 vagues | RDO Springs sp\u00e9cialiste Fran\u00e7ais du ressort","description":"Les ressorts \u00e0 vagues sont issus d\u2019une technologie r\u00e9cente des ressorts. Le fil utilis\u00e9 en apparence n\u2019est pas rond, mais il a un aspect plat.","robots":{"index":"index","follow":"follow","max-snippet":"max-snippet:-1","max-image-preview":"max-image-preview:large","max-video-preview":"max-video-preview:-1"},"canonical":"https:\/\/rdosprings.com\/fr\/ressorts-a-vagues\/","og_locale":"fr_FR","og_type":"article","og_title":"Ressorts \u00e0 vagues | RDO Springs sp\u00e9cialiste Fran\u00e7ais du ressort","og_description":"Les ressorts \u00e0 vagues sont issus d\u2019une technologie r\u00e9cente des ressorts. Le fil utilis\u00e9 en apparence n\u2019est pas rond, mais il a un aspect plat.","og_url":"https:\/\/rdosprings.com\/fr\/ressorts-a-vagues\/","og_site_name":"RDO","article_modified_time":"2020-11-04T14:00:15+00:00","twitter_card":"summary_large_image","twitter_misc":{"Dur\u00e9e de lecture estim\u00e9e":"6 minutes"},"schema":{"@context":"https:\/\/schema.org","@graph":[{"@type":"WebPage","@id":"https:\/\/rdosprings.com\/fr\/ressorts-a-vagues\/","url":"https:\/\/rdosprings.com\/fr\/ressorts-a-vagues\/","name":"Ressorts \u00e0 vagues | RDO Springs sp\u00e9cialiste Fran\u00e7ais du ressort","isPartOf":{"@id":"https:\/\/rdosprings.com\/fr\/#website"},"datePublished":"2020-05-26T13:54:10+00:00","dateModified":"2020-11-04T14:00:15+00:00","description":"Les ressorts \u00e0 vagues sont issus d\u2019une technologie r\u00e9cente des ressorts. Le fil utilis\u00e9 en apparence n\u2019est pas rond, mais il a un aspect plat.","breadcrumb":{"@id":"https:\/\/rdosprings.com\/fr\/ressorts-a-vagues\/#breadcrumb"},"inLanguage":"fr-FR","potentialAction":[{"@type":"ReadAction","target":["https:\/\/rdosprings.com\/fr\/ressorts-a-vagues\/"]}]},{"@type":"BreadcrumbList","@id":"https:\/\/rdosprings.com\/fr\/ressorts-a-vagues\/#breadcrumb","itemListElement":[{"@type":"ListItem","position":1,"name":"Accueil","item":"https:\/\/rdosprings.com\/fr\/"},{"@type":"ListItem","position":2,"name":"RESSORTS \u00c0 VAGUES"}]},{"@type":"WebSite","@id":"https:\/\/rdosprings.com\/fr\/#website","url":"https:\/\/rdosprings.com\/fr\/","name":"RDO","description":"Fabrication de ressorts","potentialAction":[{"@type":"SearchAction","target":{"@type":"EntryPoint","urlTemplate":"https:\/\/rdosprings.com\/fr\/?s={search_term_string}"},"query-input":{"@type":"PropertyValueSpecification","valueRequired":true,"valueName":"search_term_string"}}],"inLanguage":"fr-FR"}]}},"_links":{"self":[{"href":"https:\/\/rdosprings.com\/fr\/wp-json\/wp\/v2\/pages\/999","targetHints":{"allow":["GET"]}}],"collection":[{"href":"https:\/\/rdosprings.com\/fr\/wp-json\/wp\/v2\/pages"}],"about":[{"href":"https:\/\/rdosprings.com\/fr\/wp-json\/wp\/v2\/types\/page"}],"author":[{"embeddable":true,"href":"https:\/\/rdosprings.com\/fr\/wp-json\/wp\/v2\/users\/6"}],"replies":[{"embeddable":true,"href":"https:\/\/rdosprings.com\/fr\/wp-json\/wp\/v2\/comments?post=999"}],"version-history":[{"count":39,"href":"https:\/\/rdosprings.com\/fr\/wp-json\/wp\/v2\/pages\/999\/revisions"}],"predecessor-version":[{"id":2216,"href":"https:\/\/rdosprings.com\/fr\/wp-json\/wp\/v2\/pages\/999\/revisions\/2216"}],"wp:attachment":[{"href":"https:\/\/rdosprings.com\/fr\/wp-json\/wp\/v2\/media?parent=999"}],"curies":[{"name":"wp","href":"https:\/\/api.w.org\/{rel}","templated":true}]}}